{"id":116,"date":"2023-03-15T10:45:13","date_gmt":"2023-03-15T10:45:13","guid":{"rendered":"https:\/\/good-start.eu\/?page_id=116"},"modified":"2023-03-27T11:48:42","modified_gmt":"2023-03-27T11:48:42","slug":"team","status":"publish","type":"page","link":"https:\/\/good-start.eu\/lv\/team\/","title":{"rendered":"Komanda"},"content":{"rendered":"<div data-elementor-type=\"wp-page\" data-elementor-id=\"116\" class=\"elementor elementor-116\">\n\t\t\t\t\t\t\t\t\t<section class=\"elementor-section elementor-top-section elementor-element elementor-element-a45489a elementor-section-full_width elementor-section-height-min-height elementor-section-height-default elementor-section-items-middle\" data-id=\"a45489a\" data-element_type=\"section\" data-settings=\"{&quot;background_background&quot;:&quot;classic&quot;}\">\n\t\t\t\t\t\t<div class=\"elementor-container elementor-column-gap-default\">\n\t\t\t\t\t<div class=\"elementor-column elementor-col-100 elementor-top-column elementor-element elementor-element-f363c7a\" data-id=\"f363c7a\" data-element_type=\"column\">\n\t\t\t<div class=\"elementor-widget-wrap elementor-element-populated\">\n\t\t\t\t\t\t\t\t<section class=\"elementor-section elementor-inner-section elementor-element elementor-element-f3d8952 elementor-section-boxed elementor-section-height-default elementor-section-height-default\" data-id=\"f3d8952\" data-element_type=\"section\">\n\t\t\t\t\t\t<div class=\"elementor-container elementor-column-gap-default\">\n\t\t\t\t\t<div class=\"elementor-column elementor-col-50 elementor-inner-column elementor-element elementor-element-042887f\" data-id=\"042887f\" data-element_type=\"column\">\n\t\t\t<div class=\"elementor-widget-wrap elementor-element-populated\">\n\t\t\t\t\t\t\t\t<div class=\"elementor-element elementor-element-3d8758d elementor-widget elementor-widget-heading\" data-id=\"3d8758d\" data-element_type=\"widget\" data-widget_type=\"heading.default\">\n\t\t\t\t<div class=\"elementor-widget-container\">\n\t\t\t<style>\/*! elementor - v3.11.5 - 14-03-2023 *\/\n.elementor-heading-title{padding:0;margin:0;line-height:1}.elementor-widget-heading .elementor-heading-title[class*=elementor-size-]>a{color:inherit;font-size:inherit;line-height:inherit}.elementor-widget-heading .elementor-heading-title.elementor-size-small{font-size:15px}.elementor-widget-heading .elementor-heading-title.elementor-size-medium{font-size:19px}.elementor-widget-heading .elementor-heading-title.elementor-size-large{font-size:29px}.elementor-widget-heading .elementor-heading-title.elementor-size-xl{font-size:39px}.elementor-widget-heading .elementor-heading-title.elementor-size-xxl{font-size:59px}<\/style><h2 class=\"elementor-heading-title elementor-size-default\">Good Start komanda<\/h2>\t\t<\/div>\n\t\t\t\t<\/div>\n\t\t\t\t\t<\/div>\n\t\t<\/div>\n\t\t\t\t<div class=\"elementor-column elementor-col-50 elementor-inner-column elementor-element elementor-element-259d05b\" data-id=\"259d05b\" data-element_type=\"column\">\n\t\t\t<div class=\"elementor-widget-wrap\">\n\t\t\t\t\t\t\t\t\t<\/div>\n\t\t<\/div>\n\t\t\t\t\t\t\t<\/div>\n\t\t<\/section>\n\t\t\t\t\t<\/div>\n\t\t<\/div>\n\t\t\t\t\t\t\t<\/div>\n\t\t<\/section>\n\t\t\t\t<section class=\"elementor-section elementor-top-section elementor-element elementor-element-b95bdff elementor-section-boxed elementor-section-height-default elementor-section-height-default\" data-id=\"b95bdff\" data-element_type=\"section\">\n\t\t\t\t\t\t<div class=\"elementor-container elementor-column-gap-default\">\n\t\t\t\t\t<div class=\"elementor-column elementor-col-100 elementor-top-column elementor-element elementor-element-8481c55\" data-id=\"8481c55\" data-element_type=\"column\">\n\t\t\t<div class=\"elementor-widget-wrap elementor-element-populated\">\n\t\t\t\t\t\t\t\t<div class=\"elementor-element elementor-element-496574b elementor-widget elementor-widget-text-editor\" data-id=\"496574b\" data-element_type=\"widget\" data-widget_type=\"text-editor.default\">\n\t\t\t\t<div class=\"elementor-widget-container\">\n\t\t\t<style>\/*! elementor - v3.11.5 - 14-03-2023 *\/\n.elementor-widget-text-editor.elementor-drop-cap-view-stacked .elementor-drop-cap{background-color:#818a91;color:#fff}.elementor-widget-text-editor.elementor-drop-cap-view-framed .elementor-drop-cap{color:#818a91;border:3px solid;background-color:transparent}.elementor-widget-text-editor:not(.elementor-drop-cap-view-default) .elementor-drop-cap{margin-top:8px}.elementor-widget-text-editor:not(.elementor-drop-cap-view-default) .elementor-drop-cap-letter{width:1em;height:1em}.elementor-widget-text-editor .elementor-drop-cap{float:left;text-align:center;line-height:1;font-size:50px}.elementor-widget-text-editor .elementor-drop-cap-letter{display:inline-block}<\/style>\t\t\t\t<p>6 valstu partneri (Latvija, N\u012bderlande, Polija, Rum\u0101nija, Turcija, Grie\u0137ija) m\u0113r\u0137tiec\u012bgi sadarbojoties un izmantojot eso\u0161o pieredzi, sniegs ieguld\u012bjumu projekta m\u0113r\u0137a sasnieg\u0161an\u0101,- atbalst\u012bt jaundibin\u0101to uz\u0146\u0113mumu svar\u012bg\u0101ko kompeten\u010du ieg\u016b\u0161anu un att\u012bst\u012bbu, ieskaitot kritisko dom\u0101\u0161anu un sadarb\u012bbu tehnolo\u0123iskaj\u0101s kompetenc\u0113s, lai samazin\u0101tu digit\u0101l\u0101s higi\u0113nas prasmju iztr\u016bkumus strauji main\u012bgaj\u0101 pasaul\u0113.<\/p>\t\t\t\t\t\t<\/div>\n\t\t\t\t<\/div>\n\t\t\t\t\t<\/div>\n\t\t<\/div>\n\t\t\t\t\t\t\t<\/div>\n\t\t<\/section>\n\t\t\t\t<section class=\"elementor-section elementor-top-section elementor-element elementor-element-7783be4 elementor-section-boxed elementor-section-height-default elementor-section-height-default\" data-id=\"7783be4\" data-element_type=\"section\">\n\t\t\t\t\t\t<div class=\"elementor-container elementor-column-gap-default\">\n\t\t\t\t\t<div class=\"elementor-column elementor-col-100 elementor-top-column elementor-element elementor-element-7a128d5\" data-id=\"7a128d5\" data-element_type=\"column\" data-settings=\"{&quot;background_background&quot;:&quot;classic&quot;}\">\n\t\t\t<div class=\"elementor-widget-wrap elementor-element-populated\">\n\t\t\t\t\t\t\t\t<section class=\"elementor-section elementor-inner-section elementor-element elementor-element-e11d60f elementor-section-boxed elementor-section-height-default elementor-section-height-default\" data-id=\"e11d60f\" data-element_type=\"section\">\n\t\t\t\t\t\t<div class=\"elementor-container elementor-column-gap-default\">\n\t\t\t\t\t<div class=\"elementor-column elementor-col-33 elementor-inner-column elementor-element elementor-element-26fa254\" data-id=\"26fa254\" data-element_type=\"column\" data-settings=\"{&quot;background_background&quot;:&quot;classic&quot;}\">\n\t\t\t<div class=\"elementor-widget-wrap elementor-element-populated\">\n\t\t\t\t\t\t\t\t<div class=\"elementor-element elementor-element-4526148 elementor-widget elementor-widget-image\" data-id=\"4526148\" data-element_type=\"widget\" data-widget_type=\"image.default\">\n\t\t\t\t<div class=\"elementor-widget-container\">\n\t\t\t<style>\/*! elementor - v3.11.5 - 14-03-2023 *\/\n.elementor-widget-image{text-align:center}.elementor-widget-image a{display:inline-block}.elementor-widget-image a img[src$=\".svg\"]{width:48px}.elementor-widget-image img{vertical-align:middle;display:inline-block}<\/style>\t\t\t\t\t\t\t\t\t\t\t\t<img loading=\"lazy\" decoding=\"async\" width=\"300\" height=\"150\" src=\"https:\/\/good-start.eu\/wp-content\/uploads\/2023\/03\/1-1-300x150.png\" class=\"attachment-medium size-medium wp-image-192\" alt=\"\" srcset=\"https:\/\/good-start.eu\/wp-content\/uploads\/2023\/03\/1-1-300x150.png 300w, https:\/\/good-start.eu\/wp-content\/uploads\/2023\/03\/1-1-18x9.png 18w, https:\/\/good-start.eu\/wp-content\/uploads\/2023\/03\/1-1.png 400w\" sizes=\"(max-width: 300px) 100vw, 300px\" \/>\t\t\t\t\t\t\t\t\t\t\t\t\t\t\t<\/div>\n\t\t\t\t<\/div>\n\t\t\t\t<div class=\"elementor-element elementor-element-73fd4f4 elementor-widget elementor-widget-heading\" data-id=\"73fd4f4\" data-element_type=\"widget\" data-widget_type=\"heading.default\">\n\t\t\t\t<div class=\"elementor-widget-container\">\n\t\t\t<h3 class=\"elementor-heading-title elementor-size-default\">Baltijas Datoru akademija<\/h3>\t\t<\/div>\n\t\t\t\t<\/div>\n\t\t\t\t<div class=\"elementor-element elementor-element-59d49ad elementor-widget elementor-widget-text-editor\" data-id=\"59d49ad\" data-element_type=\"widget\" data-widget_type=\"text-editor.default\">\n\t\t\t\t<div class=\"elementor-widget-container\">\n\t\t\t\t\t\t\t<div data-pm-slice=\"1 1 []\" data-en-clipboard=\"true\">Loma: koordinators<\/div><div>Vieta: Latvija<\/div><div>Darb\u012bbas veids: m\u0101c\u012bbas un sertifik\u0101cija<\/div><div>Tips: Lielais uz\u0146\u0113mums<br \/>M\u0101jaslapa: <a href=\"https:\/\/www.bda.lv\/bda4\/en\" target=\"_blank\" rel=\"noopener\">https:\/\/www.bda.lv<\/a><\/div>\t\t\t\t\t\t<\/div>\n\t\t\t\t<\/div>\n\t\t\t\t\t<\/div>\n\t\t<\/div>\n\t\t\t\t<div class=\"elementor-column elementor-col-33 elementor-inner-column elementor-element elementor-element-06d9951\" data-id=\"06d9951\" data-element_type=\"column\" data-settings=\"{&quot;background_background&quot;:&quot;classic&quot;}\">\n\t\t\t<div class=\"elementor-widget-wrap elementor-element-populated\">\n\t\t\t\t\t\t\t\t<div class=\"elementor-element elementor-element-00888b8 elementor-widget elementor-widget-image\" data-id=\"00888b8\" data-element_type=\"widget\" data-widget_type=\"image.default\">\n\t\t\t\t<div class=\"elementor-widget-container\">\n\t\t\t\t\t\t\t\t\t\t\t\t\t\t\t<img loading=\"lazy\" decoding=\"async\" width=\"300\" height=\"150\" src=\"https:\/\/good-start.eu\/wp-content\/uploads\/2023\/03\/3-300x150.png\" class=\"attachment-medium size-medium wp-image-196\" alt=\"MUGLA logo\" srcset=\"https:\/\/good-start.eu\/wp-content\/uploads\/2023\/03\/3-300x150.png 300w, https:\/\/good-start.eu\/wp-content\/uploads\/2023\/03\/3-18x9.png 18w, https:\/\/good-start.eu\/wp-content\/uploads\/2023\/03\/3.png 400w\" sizes=\"(max-width: 300px) 100vw, 300px\" \/>\t\t\t\t\t\t\t\t\t\t\t\t\t\t\t<\/div>\n\t\t\t\t<\/div>\n\t\t\t\t<div class=\"elementor-element elementor-element-830fed0 elementor-widget elementor-widget-heading\" data-id=\"830fed0\" data-element_type=\"widget\" data-widget_type=\"heading.default\">\n\t\t\t\t<div class=\"elementor-widget-container\">\n\t\t\t<h3 class=\"elementor-heading-title elementor-size-default\">Mugla Stiki Kocman universit\u0101te<\/h3>\t\t<\/div>\n\t\t\t\t<\/div>\n\t\t\t\t<div class=\"elementor-element elementor-element-2fea9f5 elementor-widget elementor-widget-text-editor\" data-id=\"2fea9f5\" data-element_type=\"widget\" data-widget_type=\"text-editor.default\">\n\t\t\t\t<div class=\"elementor-widget-container\">\n\t\t\t\t\t\t\t<div data-pm-slice=\"1 1 []\" data-en-clipboard=\"true\">Loma: partneris<\/div><div>Vieta: Turcija<\/div><div>Darb\u012bbas veids: izgl\u012bt\u012bba un p\u0113tniec\u012bba<\/div><div>Tips: Augst\u0101k\u0101s izgl\u012bt\u012bbas iest\u0101de<br \/>M\u0101jaslapa: <a href=\"http:\/\/www.mu.edu.tr\" target=\"_blank\" rel=\"noopener\">http:\/\/www.mu.edu.tr<\/a><\/div>\t\t\t\t\t\t<\/div>\n\t\t\t\t<\/div>\n\t\t\t\t\t<\/div>\n\t\t<\/div>\n\t\t\t\t<div class=\"elementor-column elementor-col-33 elementor-inner-column elementor-element elementor-element-9f5677b\" data-id=\"9f5677b\" data-element_type=\"column\" data-settings=\"{&quot;background_background&quot;:&quot;classic&quot;}\">\n\t\t\t<div class=\"elementor-widget-wrap elementor-element-populated\">\n\t\t\t\t\t\t\t\t<div class=\"elementor-element elementor-element-47c83b6 elementor-widget elementor-widget-image\" data-id=\"47c83b6\" data-element_type=\"widget\" data-widget_type=\"image.default\">\n\t\t\t\t<div class=\"elementor-widget-container\">\n\t\t\t\t\t\t\t\t\t\t\t\t\t\t\t<img loading=\"lazy\" decoding=\"async\" width=\"300\" height=\"150\" src=\"https:\/\/good-start.eu\/wp-content\/uploads\/2023\/03\/5-300x150.png\" class=\"attachment-medium size-medium wp-image-198\" alt=\"Edu Vibes logo\" srcset=\"https:\/\/good-start.eu\/wp-content\/uploads\/2023\/03\/5-300x150.png 300w, https:\/\/good-start.eu\/wp-content\/uploads\/2023\/03\/5-18x9.png 18w, https:\/\/good-start.eu\/wp-content\/uploads\/2023\/03\/5.png 400w\" sizes=\"(max-width: 300px) 100vw, 300px\" \/>\t\t\t\t\t\t\t\t\t\t\t\t\t\t\t<\/div>\n\t\t\t\t<\/div>\n\t\t\t\t<div class=\"elementor-element elementor-element-d26df81 elementor-widget elementor-widget-heading\" data-id=\"d26df81\" data-element_type=\"widget\" data-widget_type=\"heading.default\">\n\t\t\t\t<div class=\"elementor-widget-container\">\n\t\t\t<h3 class=\"elementor-heading-title elementor-size-default\">Fundacja Eduvibes<\/h3>\t\t<\/div>\n\t\t\t\t<\/div>\n\t\t\t\t<div class=\"elementor-element elementor-element-aa3a887 elementor-widget elementor-widget-text-editor\" data-id=\"aa3a887\" data-element_type=\"widget\" data-widget_type=\"text-editor.default\">\n\t\t\t\t<div class=\"elementor-widget-container\">\n\t\t\t\t\t\t\t<div data-pm-slice=\"1 1 []\" data-en-clipboard=\"true\">Loma: partneris<\/div><div>Vieta: Polija<\/div><div>Darb\u012bbas veids: izgl\u012bt\u012bba<\/div><div>Tips: NVO<\/div>\t\t\t\t\t\t<\/div>\n\t\t\t\t<\/div>\n\t\t\t\t\t<\/div>\n\t\t<\/div>\n\t\t\t\t\t\t\t<\/div>\n\t\t<\/section>\n\t\t\t\t<section class=\"elementor-section elementor-inner-section elementor-element elementor-element-5dd179f elementor-section-boxed elementor-section-height-default elementor-section-height-default\" data-id=\"5dd179f\" data-element_type=\"section\">\n\t\t\t\t\t\t<div class=\"elementor-container elementor-column-gap-default\">\n\t\t\t\t\t<div class=\"elementor-column elementor-col-33 elementor-inner-column elementor-element elementor-element-050198a\" data-id=\"050198a\" data-element_type=\"column\" data-settings=\"{&quot;background_background&quot;:&quot;classic&quot;}\">\n\t\t\t<div class=\"elementor-widget-wrap elementor-element-populated\">\n\t\t\t\t\t\t\t\t<div class=\"elementor-element elementor-element-3905d8c elementor-widget elementor-widget-image\" data-id=\"3905d8c\" data-element_type=\"widget\" data-widget_type=\"image.default\">\n\t\t\t\t<div class=\"elementor-widget-container\">\n\t\t\t\t\t\t\t\t\t\t\t\t\t\t\t<img loading=\"lazy\" decoding=\"async\" width=\"300\" height=\"150\" src=\"https:\/\/good-start.eu\/wp-content\/uploads\/2023\/03\/2-1-300x150.png\" class=\"attachment-medium size-medium wp-image-195\" alt=\"Mathemagenesis logo\" srcset=\"https:\/\/good-start.eu\/wp-content\/uploads\/2023\/03\/2-1-300x150.png 300w, https:\/\/good-start.eu\/wp-content\/uploads\/2023\/03\/2-1-18x9.png 18w, https:\/\/good-start.eu\/wp-content\/uploads\/2023\/03\/2-1.png 400w\" sizes=\"(max-width: 300px) 100vw, 300px\" \/>\t\t\t\t\t\t\t\t\t\t\t\t\t\t\t<\/div>\n\t\t\t\t<\/div>\n\t\t\t\t<div class=\"elementor-element elementor-element-114cfe5 elementor-widget elementor-widget-heading\" data-id=\"114cfe5\" data-element_type=\"widget\" data-widget_type=\"heading.default\">\n\t\t\t\t<div class=\"elementor-widget-container\">\n\t\t\t<h3 class=\"elementor-heading-title elementor-size-default\">Mathemagenesis Idiotiki Kefalaiouchiki<\/h3>\t\t<\/div>\n\t\t\t\t<\/div>\n\t\t\t\t<div class=\"elementor-element elementor-element-4a4bf6c elementor-widget elementor-widget-text-editor\" data-id=\"4a4bf6c\" data-element_type=\"widget\" data-widget_type=\"text-editor.default\">\n\t\t\t\t<div class=\"elementor-widget-container\">\n\t\t\t\t\t\t\t<div data-pm-slice=\"1 1 []\" data-en-clipboard=\"true\">Loma: partneris<\/div><div>Vieta: Grie\u0137ija<\/div><div>Darb\u012bbas veids: e-m\u0101c\u012bbu un apm\u0101c\u012bbu nodro\u0161in\u0101t\u0101js<\/div><div>Tips: MVU<br \/>M\u0101jaslapa: <a href=\"https:\/\/mathemagenesis.com\/\" target=\"_blank\" rel=\"noopener\">https:\/\/mathemagenesis.com\/<\/a><\/div>\t\t\t\t\t\t<\/div>\n\t\t\t\t<\/div>\n\t\t\t\t\t<\/div>\n\t\t<\/div>\n\t\t\t\t<div class=\"elementor-column elementor-col-33 elementor-inner-column elementor-element elementor-element-63ee7c7\" data-id=\"63ee7c7\" data-element_type=\"column\" data-settings=\"{&quot;background_background&quot;:&quot;classic&quot;}\">\n\t\t\t<div class=\"elementor-widget-wrap elementor-element-populated\">\n\t\t\t\t\t\t\t\t<div class=\"elementor-element elementor-element-ace3530 elementor-widget elementor-widget-image\" data-id=\"ace3530\" data-element_type=\"widget\" data-widget_type=\"image.default\">\n\t\t\t\t<div class=\"elementor-widget-container\">\n\t\t\t\t\t\t\t\t\t\t\t\t\t\t\t<img loading=\"lazy\" decoding=\"async\" width=\"300\" height=\"150\" src=\"https:\/\/good-start.eu\/wp-content\/uploads\/2023\/03\/4-300x150.png\" class=\"attachment-medium size-medium wp-image-197\" alt=\"\" srcset=\"https:\/\/good-start.eu\/wp-content\/uploads\/2023\/03\/4-300x150.png 300w, https:\/\/good-start.eu\/wp-content\/uploads\/2023\/03\/4-18x9.png 18w, https:\/\/good-start.eu\/wp-content\/uploads\/2023\/03\/4.png 400w\" sizes=\"(max-width: 300px) 100vw, 300px\" \/>\t\t\t\t\t\t\t\t\t\t\t\t\t\t\t<\/div>\n\t\t\t\t<\/div>\n\t\t\t\t<div class=\"elementor-element elementor-element-4922830 elementor-widget elementor-widget-heading\" data-id=\"4922830\" data-element_type=\"widget\" data-widget_type=\"heading.default\">\n\t\t\t\t<div class=\"elementor-widget-container\">\n\t\t\t<h3 class=\"elementor-heading-title elementor-size-default\">eLearning & Software<\/h3>\t\t<\/div>\n\t\t\t\t<\/div>\n\t\t\t\t<div class=\"elementor-element elementor-element-71a2492 elementor-widget elementor-widget-text-editor\" data-id=\"71a2492\" data-element_type=\"widget\" data-widget_type=\"text-editor.default\">\n\t\t\t\t<div class=\"elementor-widget-container\">\n\t\t\t\t\t\t\t<div data-pm-slice=\"1 1 []\" data-en-clipboard=\"true\">Loma: partneris<\/div><div>Vieta: Rum\u0101nija<\/div><div>Darb\u012bbas veids: e-m\u0101c\u012bbu izstr\u0101de un apm\u0101c\u012bbas<\/div><div>Tips: MVU<\/div><div>M\u0101jaslapa: <a href=\"https:\/\/elearningsoftware.ro\/\" target=\"_blank\" rel=\"noopener\">https:\/\/elearningsoftware.ro\/<\/a><\/div>\t\t\t\t\t\t<\/div>\n\t\t\t\t<\/div>\n\t\t\t\t\t<\/div>\n\t\t<\/div>\n\t\t\t\t<div class=\"elementor-column elementor-col-33 elementor-inner-column elementor-element elementor-element-8634a17\" data-id=\"8634a17\" data-element_type=\"column\" data-settings=\"{&quot;background_background&quot;:&quot;classic&quot;}\">\n\t\t\t<div class=\"elementor-widget-wrap elementor-element-populated\">\n\t\t\t\t\t\t\t\t<div class=\"elementor-element elementor-element-be33b49 elementor-widget elementor-widget-image\" data-id=\"be33b49\" data-element_type=\"widget\" data-widget_type=\"image.default\">\n\t\t\t\t<div class=\"elementor-widget-container\">\n\t\t\t\t\t\t\t\t\t\t\t\t\t\t\t<img loading=\"lazy\" decoding=\"async\" width=\"300\" height=\"150\" src=\"https:\/\/good-start.eu\/wp-content\/uploads\/2023\/03\/6-1-300x150.png\" class=\"attachment-medium size-medium wp-image-193\" alt=\"Wittenborg logo\" srcset=\"https:\/\/good-start.eu\/wp-content\/uploads\/2023\/03\/6-1-300x150.png 300w, https:\/\/good-start.eu\/wp-content\/uploads\/2023\/03\/6-1-18x9.png 18w, https:\/\/good-start.eu\/wp-content\/uploads\/2023\/03\/6-1.png 400w\" sizes=\"(max-width: 300px) 100vw, 300px\" \/>\t\t\t\t\t\t\t\t\t\t\t\t\t\t\t<\/div>\n\t\t\t\t<\/div>\n\t\t\t\t<div class=\"elementor-element elementor-element-c19a1ff elementor-widget elementor-widget-heading\" data-id=\"c19a1ff\" data-element_type=\"widget\" data-widget_type=\"heading.default\">\n\t\t\t\t<div class=\"elementor-widget-container\">\n\t\t\t<h3 class=\"elementor-heading-title elementor-size-default\">Wittenborg University of Applied Sciences<\/h3>\t\t<\/div>\n\t\t\t\t<\/div>\n\t\t\t\t<div class=\"elementor-element elementor-element-d7f8075 elementor-widget elementor-widget-text-editor\" data-id=\"d7f8075\" data-element_type=\"widget\" data-widget_type=\"text-editor.default\">\n\t\t\t\t<div class=\"elementor-widget-container\">\n\t\t\t\t\t\t\t<div data-pm-slice=\"1 1 []\" data-en-clipboard=\"true\">Loma: partneris<\/div><div>Vieta: N\u012bderlande<\/div><div>Darb\u012bbas veids: izgl\u012bt\u012bba un p\u0113tniec\u012bba<\/div><div>Tips: Augst\u0101k\u0101s izgl\u012bt\u012bbas iest\u0101de<br \/>M\u0101jaslapa: <a href=\"https:\/\/www.wittenborg.eu\/\" target=\"_blank\" rel=\"noopener\">https:\/\/www.wittenborg.eu\/<\/a><\/div>\t\t\t\t\t\t<\/div>\n\t\t\t\t<\/div>\n\t\t\t\t\t<\/div>\n\t\t<\/div>\n\t\t\t\t\t\t\t<\/div>\n\t\t<\/section>\n\t\t\t\t\t<\/div>\n\t\t<\/div>\n\t\t\t\t\t\t\t<\/div>\n\t\t<\/section>\n\t\t\t\t\t\t\t<\/div>","protected":false},"excerpt":{"rendered":"<p>Good Start Team Partners from 6 countries (Latvia, the Netherlands, Poland, Romania, Turkey, Greece) working together with determination, ability to collaborate and experience will contribute to achieve the project&#8217;s goal &#8211; to support startups in acquiring and developing key competences, including critical thinking and cooperation in technological competences in order to reduce the digital hygiene &hellip;<\/p>\n<p class=\"read-more\"> <a class=\"\" href=\"https:\/\/good-start.eu\/lv\/team\/\"> <span class=\"screen-reader-text\">Komanda<\/span> Read More &raquo;<\/a><\/p>","protected":false},"author":2,"featured_media":0,"parent":0,"menu_order":0,"comment_status":"closed","ping_status":"closed","template":"","meta":{"site-sidebar-layout":"no-sidebar","site-content-layout":"page-builder","ast-global-header-display":"","ast-main-header-display":"","ast-hfb-above-header-display":"","ast-hfb-below-header-display":"","ast-hfb-mobile-header-display":"","site-post-title":"disabled","ast-breadcrumbs-content":"","ast-featured-img":"disabled","footer-sml-layout":"","theme-transparent-header-meta":"","adv-header-id-meta":"","stick-header-meta":"","header-above-stick-meta":"","header-main-stick-meta":"","header-below-stick-meta":"","footnotes":""},"_links":{"self":[{"href":"https:\/\/good-start.eu\/lv\/wp-json\/wp\/v2\/pages\/116"}],"collection":[{"href":"https:\/\/good-start.eu\/lv\/wp-json\/wp\/v2\/pages"}],"about":[{"href":"https:\/\/good-start.eu\/lv\/wp-json\/wp\/v2\/types\/page"}],"author":[{"embeddable":true,"href":"https:\/\/good-start.eu\/lv\/wp-json\/wp\/v2\/users\/2"}],"replies":[{"embeddable":true,"href":"https:\/\/good-start.eu\/lv\/wp-json\/wp\/v2\/comments?post=116"}],"version-history":[{"count":37,"href":"https:\/\/good-start.eu\/lv\/wp-json\/wp\/v2\/pages\/116\/revisions"}],"predecessor-version":[{"id":240,"href":"https:\/\/good-start.eu\/lv\/wp-json\/wp\/v2\/pages\/116\/revisions\/240"}],"wp:attachment":[{"href":"https:\/\/good-start.eu\/lv\/wp-json\/wp\/v2\/media?parent=116"}],"curies":[{"name":"wp","href":"https:\/\/api.w.org\/{rel}","templated":true}]}}