{"id":96,"date":"2023-01-26T10:26:11","date_gmt":"2023-01-26T10:26:11","guid":{"rendered":"https:\/\/good-start.eu\/?page_id=96"},"modified":"2023-03-27T11:41:39","modified_gmt":"2023-03-27T11:41:39","slug":"about-the-good-start-project","status":"publish","type":"page","link":"https:\/\/good-start.eu\/lv\/about-the-good-start-project\/","title":{"rendered":"Par"},"content":{"rendered":"<div data-elementor-type=\"wp-page\" data-elementor-id=\"96\" class=\"elementor elementor-96\">\n\t\t\t\t\t\t\t\t\t<section class=\"elementor-section elementor-top-section elementor-element elementor-element-b16e975 elementor-section-boxed elementor-section-height-default elementor-section-height-default\" data-id=\"b16e975\" data-element_type=\"section\" data-settings=\"{&quot;background_background&quot;:&quot;gradient&quot;}\">\n\t\t\t\t\t\t<div class=\"elementor-container elementor-column-gap-default\">\n\t\t\t\t\t<div class=\"elementor-column elementor-col-100 elementor-top-column elementor-element elementor-element-d54ba02\" data-id=\"d54ba02\" data-element_type=\"column\">\n\t\t\t<div class=\"elementor-widget-wrap elementor-element-populated\">\n\t\t\t\t\t\t\t\t<section class=\"elementor-section elementor-inner-section elementor-element elementor-element-7d55845 elementor-section-boxed elementor-section-height-default elementor-section-height-default\" data-id=\"7d55845\" data-element_type=\"section\">\n\t\t\t\t\t\t<div class=\"elementor-container elementor-column-gap-default\">\n\t\t\t\t\t<div class=\"elementor-column elementor-col-50 elementor-inner-column elementor-element elementor-element-bf4d7bc\" data-id=\"bf4d7bc\" data-element_type=\"column\">\n\t\t\t<div class=\"elementor-widget-wrap elementor-element-populated\">\n\t\t\t\t\t\t\t\t<div class=\"elementor-element elementor-element-7f011d2 elementor-widget elementor-widget-heading\" data-id=\"7f011d2\" data-element_type=\"widget\" data-widget_type=\"heading.default\">\n\t\t\t\t<div class=\"elementor-widget-container\">\n\t\t\t<style>\/*! elementor - v3.11.5 - 14-03-2023 *\/\n.elementor-heading-title{padding:0;margin:0;line-height:1}.elementor-widget-heading .elementor-heading-title[class*=elementor-size-]>a{color:inherit;font-size:inherit;line-height:inherit}.elementor-widget-heading .elementor-heading-title.elementor-size-small{font-size:15px}.elementor-widget-heading .elementor-heading-title.elementor-size-medium{font-size:19px}.elementor-widget-heading .elementor-heading-title.elementor-size-large{font-size:29px}.elementor-widget-heading .elementor-heading-title.elementor-size-xl{font-size:39px}.elementor-widget-heading .elementor-heading-title.elementor-size-xxl{font-size:59px}<\/style><h2 class=\"elementor-heading-title elementor-size-default\">Par projektu Good Start<\/h2>\t\t<\/div>\n\t\t\t\t<\/div>\n\t\t\t\t<div class=\"elementor-element elementor-element-c6850d3 elementor-widget elementor-widget-heading\" data-id=\"c6850d3\" data-element_type=\"widget\" data-widget_type=\"heading.default\">\n\t\t\t\t<div class=\"elementor-widget-container\">\n\t\t\t<h3 class=\"elementor-heading-title elementor-size-default\">Laba digit\u0101l\u0101 higi\u0113na jaunuz\u0146\u0113mumiem<\/h3>\t\t<\/div>\n\t\t\t\t<\/div>\n\t\t\t\t\t<\/div>\n\t\t<\/div>\n\t\t\t\t<div class=\"elementor-column elementor-col-50 elementor-inner-column elementor-element elementor-element-30e81b4\" data-id=\"30e81b4\" data-element_type=\"column\">\n\t\t\t<div class=\"elementor-widget-wrap elementor-element-populated\">\n\t\t\t\t\t\t\t\t<div class=\"elementor-element elementor-element-d452534 elementor-widget elementor-widget-image\" data-id=\"d452534\" data-element_type=\"widget\" data-widget_type=\"image.default\">\n\t\t\t\t<div class=\"elementor-widget-container\">\n\t\t\t<style>\/*! elementor - v3.11.5 - 14-03-2023 *\/\n.elementor-widget-image{text-align:center}.elementor-widget-image a{display:inline-block}.elementor-widget-image a img[src$=\".svg\"]{width:48px}.elementor-widget-image img{vertical-align:middle;display:inline-block}<\/style>\t\t\t\t\t\t\t\t\t\t\t\t<img loading=\"lazy\" decoding=\"async\" width=\"768\" height=\"768\" src=\"https:\/\/good-start.eu\/wp-content\/uploads\/2023\/01\/AboutHero-768x768.png\" class=\"attachment-medium_large size-medium_large wp-image-98\" alt=\"\" srcset=\"https:\/\/good-start.eu\/wp-content\/uploads\/2023\/01\/AboutHero-768x768.png 768w, https:\/\/good-start.eu\/wp-content\/uploads\/2023\/01\/AboutHero-300x300.png 300w, https:\/\/good-start.eu\/wp-content\/uploads\/2023\/01\/AboutHero-1024x1024.png 1024w, https:\/\/good-start.eu\/wp-content\/uploads\/2023\/01\/AboutHero-150x150.png 150w, https:\/\/good-start.eu\/wp-content\/uploads\/2023\/01\/AboutHero.png 1080w\" sizes=\"(max-width: 768px) 100vw, 768px\" \/>\t\t\t\t\t\t\t\t\t\t\t\t\t\t\t<\/div>\n\t\t\t\t<\/div>\n\t\t\t\t\t<\/div>\n\t\t<\/div>\n\t\t\t\t\t\t\t<\/div>\n\t\t<\/section>\n\t\t\t\t\t<\/div>\n\t\t<\/div>\n\t\t\t\t\t\t\t<\/div>\n\t\t<\/section>\n\t\t\t\t<section class=\"elementor-section elementor-top-section elementor-element elementor-element-265c6b6 elementor-section-boxed elementor-section-height-default elementor-section-height-default\" data-id=\"265c6b6\" data-element_type=\"section\">\n\t\t\t\t\t\t<div class=\"elementor-container elementor-column-gap-default\">\n\t\t\t\t\t<div class=\"elementor-column elementor-col-100 elementor-top-column elementor-element elementor-element-6a00ea3\" data-id=\"6a00ea3\" data-element_type=\"column\" data-settings=\"{&quot;background_background&quot;:&quot;classic&quot;}\">\n\t\t\t<div class=\"elementor-widget-wrap elementor-element-populated\">\n\t\t\t\t\t\t\t\t<div class=\"elementor-element elementor-element-54013a7 elementor-widget elementor-widget-text-editor\" data-id=\"54013a7\" data-element_type=\"widget\" data-widget_type=\"text-editor.default\">\n\t\t\t\t<div class=\"elementor-widget-container\">\n\t\t\t<style>\/*! elementor - v3.11.5 - 14-03-2023 *\/\n.elementor-widget-text-editor.elementor-drop-cap-view-stacked .elementor-drop-cap{background-color:#818a91;color:#fff}.elementor-widget-text-editor.elementor-drop-cap-view-framed .elementor-drop-cap{color:#818a91;border:3px solid;background-color:transparent}.elementor-widget-text-editor:not(.elementor-drop-cap-view-default) .elementor-drop-cap{margin-top:8px}.elementor-widget-text-editor:not(.elementor-drop-cap-view-default) .elementor-drop-cap-letter{width:1em;height:1em}.elementor-widget-text-editor .elementor-drop-cap{float:left;text-align:center;line-height:1;font-size:50px}.elementor-widget-text-editor .elementor-drop-cap-letter{display:inline-block}<\/style>\t\t\t\t<p>Digit\u0101lajai higi\u0113nai vajadz\u0113tu b\u016bt priorit\u0101tei visiem uz\u0146\u0113mumiem un izgl\u012bt\u012bbas iest\u0101d\u0113m neatkar\u012bgi no to lieluma. Bet maziem un vid\u0113jiem uz\u0146\u0113mumiem, jaunuz\u0146\u0113mumiem vai izgl\u012bt\u012bbas iest\u0101d\u0113m, kas izmanto pareizos r\u012bkus un lab\u0101ko digit\u0101l\u0101s higi\u0113nas praksi, m\u016bsdien\u0101s nav standarts, bet gan nepabeigts darbs.<\/p>\t\t\t\t\t\t<\/div>\n\t\t\t\t<\/div>\n\t\t\t\t\t<\/div>\n\t\t<\/div>\n\t\t\t\t\t\t\t<\/div>\n\t\t<\/section>\n\t\t\t\t<section class=\"elementor-section elementor-top-section elementor-element elementor-element-f2d989e elementor-section-boxed elementor-section-height-default elementor-section-height-default\" data-id=\"f2d989e\" data-element_type=\"section\">\n\t\t\t\t\t\t<div class=\"elementor-container elementor-column-gap-default\">\n\t\t\t\t\t<div class=\"elementor-column elementor-col-100 elementor-top-column elementor-element elementor-element-52fd820\" data-id=\"52fd820\" data-element_type=\"column\">\n\t\t\t<div class=\"elementor-widget-wrap elementor-element-populated\">\n\t\t\t\t\t\t\t\t<div class=\"elementor-element elementor-element-abc3d20 elementor-widget elementor-widget-heading\" data-id=\"abc3d20\" data-element_type=\"widget\" data-widget_type=\"heading.default\">\n\t\t\t\t<div class=\"elementor-widget-container\">\n\t\t\t<h3 class=\"elementor-heading-title elementor-size-default\">Kas ir digit\u0101l\u0101 higi\u0113na un k\u0101 t\u0101 ietekm\u0113 m\u016bsu ikdienas un darba aktivit\u0101tes? K\u0101p\u0113c digit\u0101lajai higi\u0113nai vajadz\u0113tu b\u016bt priorit\u0101tei?<\/h3>\t\t<\/div>\n\t\t\t\t<\/div>\n\t\t\t\t<div class=\"elementor-element elementor-element-0a48160 elementor-widget elementor-widget-text-editor\" data-id=\"0a48160\" data-element_type=\"widget\" data-widget_type=\"text-editor.default\">\n\t\t\t\t<div class=\"elementor-widget-container\">\n\t\t\t\t\t\t\t<p>Digit\u0101l\u0101 higi\u0113na un kiberhigi\u0113na ir vadl\u012bniju un lab\u0101s prakses kopums, kas pal\u012bdz cilv\u0113kiem veikt dro\u0161as digit\u0101l\u0101s aktivit\u0101tes. M\u016bsu pien\u0101kums ir veidot digit\u0101lo vidi, kas sarg\u0101 m\u016bsu datus un ier\u012bces.<\/p><p class=\" translation-block\"><strong>Good Start projekts<\/strong> iem\u0101c\u012bs jaunuz\u0146\u0113mumiem priek\u0161roc\u012bbas, ko sniedz regul\u0101ra digit\u0101l\u0101s higi\u0113nas programma vi\u0146u sist\u0113m\u0101m un programmat\u016brai divu iemeslu d\u0113\u013c: <strong> uztur\u0113\u0161ana un dro\u0161\u012bba<\/strong>.<\/p>\t\t\t\t\t\t<\/div>\n\t\t\t\t<\/div>\n\t\t\t\t\t<\/div>\n\t\t<\/div>\n\t\t\t\t\t\t\t<\/div>\n\t\t<\/section>\n\t\t\t\t<section class=\"elementor-section elementor-top-section elementor-element elementor-element-244948e elementor-section-boxed elementor-section-height-default elementor-section-height-default\" data-id=\"244948e\" data-element_type=\"section\">\n\t\t\t\t\t\t<div class=\"elementor-container elementor-column-gap-default\">\n\t\t\t\t\t<div class=\"elementor-column elementor-col-100 elementor-top-column elementor-element elementor-element-ff54e0d\" data-id=\"ff54e0d\" data-element_type=\"column\">\n\t\t\t<div class=\"elementor-widget-wrap elementor-element-populated\">\n\t\t\t\t\t\t\t\t<div class=\"elementor-element elementor-element-5c54ebf elementor-widget elementor-widget-heading\" data-id=\"5c54ebf\" data-element_type=\"widget\" data-widget_type=\"heading.default\">\n\t\t\t\t<div class=\"elementor-widget-container\">\n\t\t\t<h3 class=\"elementor-heading-title elementor-size-default\">Projekta m\u0113r\u0137i un rezult\u0101ti<\/h3>\t\t<\/div>\n\t\t\t\t<\/div>\n\t\t\t\t<section class=\"elementor-section elementor-inner-section elementor-element elementor-element-90ad6df elementor-section-boxed elementor-section-height-default elementor-section-height-default\" data-id=\"90ad6df\" data-element_type=\"section\">\n\t\t\t\t\t\t<div class=\"elementor-container elementor-column-gap-default\">\n\t\t\t\t\t<div class=\"elementor-column elementor-col-50 elementor-inner-column elementor-element elementor-element-14ffb71\" data-id=\"14ffb71\" data-element_type=\"column\" data-settings=\"{&quot;background_background&quot;:&quot;classic&quot;}\">\n\t\t\t<div class=\"elementor-widget-wrap elementor-element-populated\">\n\t\t\t\t\t\t\t\t<div class=\"elementor-element elementor-element-5c73562 elementor-widget elementor-widget-text-editor\" data-id=\"5c73562\" data-element_type=\"widget\" data-widget_type=\"text-editor.default\">\n\t\t\t\t<div class=\"elementor-widget-container\">\n\t\t\t\t\t\t\t<p>1. M\u0113r\u0137is: Good Start projekta m\u0113r\u0137is ir v\u0113rt\u0113t jaundibin\u0101to un mazo uz\u0146\u0113mumu digit\u0101l\u0101s higi\u0113nas uzved\u012bbu ar standartiz\u0113tu pieeju.<\/p>\t\t\t\t\t\t<\/div>\n\t\t\t\t<\/div>\n\t\t\t\t\t<\/div>\n\t\t<\/div>\n\t\t\t\t<div class=\"elementor-column elementor-col-50 elementor-inner-column elementor-element elementor-element-6b5cd48\" data-id=\"6b5cd48\" data-element_type=\"column\">\n\t\t\t<div class=\"elementor-widget-wrap\">\n\t\t\t\t\t\t\t\t\t<\/div>\n\t\t<\/div>\n\t\t\t\t\t\t\t<\/div>\n\t\t<\/section>\n\t\t\t\t<section class=\"elementor-section elementor-inner-section elementor-element elementor-element-e50a87d elementor-section-boxed elementor-section-height-default elementor-section-height-default\" data-id=\"e50a87d\" data-element_type=\"section\">\n\t\t\t\t\t\t<div class=\"elementor-container elementor-column-gap-default\">\n\t\t\t\t\t<div class=\"elementor-column elementor-col-50 elementor-inner-column elementor-element elementor-element-e6d0954\" data-id=\"e6d0954\" data-element_type=\"column\" data-settings=\"{&quot;background_background&quot;:&quot;classic&quot;}\">\n\t\t\t<div class=\"elementor-widget-wrap elementor-element-populated\">\n\t\t\t\t\t\t\t\t<div class=\"elementor-element elementor-element-32f01ed elementor-widget elementor-widget-text-editor\" data-id=\"32f01ed\" data-element_type=\"widget\" data-widget_type=\"text-editor.default\">\n\t\t\t\t<div class=\"elementor-widget-container\">\n\t\t\t\t\t\t\t<p>1. Rezult\u0101ts: \u201cDigit\u0101l\u0101s higi\u0113nas uzved\u012bbas indekss\u201d jaundibin\u0101tajiem un mazajiem uz\u0146\u0113mumiem.<\/p>\t\t\t\t\t\t<\/div>\n\t\t\t\t<\/div>\n\t\t\t\t\t<\/div>\n\t\t<\/div>\n\t\t\t\t<div class=\"elementor-column elementor-col-50 elementor-inner-column elementor-element elementor-element-a00bacb\" data-id=\"a00bacb\" data-element_type=\"column\">\n\t\t\t<div class=\"elementor-widget-wrap\">\n\t\t\t\t\t\t\t\t\t<\/div>\n\t\t<\/div>\n\t\t\t\t\t\t\t<\/div>\n\t\t<\/section>\n\t\t\t\t<section class=\"elementor-section elementor-inner-section elementor-element elementor-element-dfe16e2 elementor-section-boxed elementor-section-height-default elementor-section-height-default\" data-id=\"dfe16e2\" data-element_type=\"section\">\n\t\t\t\t\t\t<div class=\"elementor-container elementor-column-gap-default\">\n\t\t\t\t\t<div class=\"elementor-column elementor-col-50 elementor-inner-column elementor-element elementor-element-979d805\" data-id=\"979d805\" data-element_type=\"column\">\n\t\t\t<div class=\"elementor-widget-wrap\">\n\t\t\t\t\t\t\t\t\t<\/div>\n\t\t<\/div>\n\t\t\t\t<div class=\"elementor-column elementor-col-50 elementor-inner-column elementor-element elementor-element-d7b8913\" data-id=\"d7b8913\" data-element_type=\"column\" data-settings=\"{&quot;background_background&quot;:&quot;classic&quot;}\">\n\t\t\t<div class=\"elementor-widget-wrap elementor-element-populated\">\n\t\t\t\t\t\t\t\t<div class=\"elementor-element elementor-element-63f14f5 elementor-widget elementor-widget-text-editor\" data-id=\"63f14f5\" data-element_type=\"widget\" data-widget_type=\"text-editor.default\">\n\t\t\t\t<div class=\"elementor-widget-container\">\n\t\t\t\t\t\t\t<p>2. M\u0113r\u0137is: Good Start projekta m\u0113r\u0137is ir nodro\u0161in\u0101t piel\u0101gotus m\u0101c\u012bbu materi\u0101lus jaundibin\u0101tiem uz\u0146\u0113mumiem un profesion\u0101l\u0101s izgl\u012bt\u012bbas nodro\u0161in\u0101t\u0101jiem.<\/p>\t\t\t\t\t\t<\/div>\n\t\t\t\t<\/div>\n\t\t\t\t\t<\/div>\n\t\t<\/div>\n\t\t\t\t\t\t\t<\/div>\n\t\t<\/section>\n\t\t\t\t<section class=\"elementor-section elementor-inner-section elementor-element elementor-element-7e44ee2 elementor-section-boxed elementor-section-height-default elementor-section-height-default\" data-id=\"7e44ee2\" data-element_type=\"section\">\n\t\t\t\t\t\t<div class=\"elementor-container elementor-column-gap-default\">\n\t\t\t\t\t<div class=\"elementor-column elementor-col-50 elementor-inner-column elementor-element elementor-element-bfcbef2\" data-id=\"bfcbef2\" data-element_type=\"column\">\n\t\t\t<div class=\"elementor-widget-wrap\">\n\t\t\t\t\t\t\t\t\t<\/div>\n\t\t<\/div>\n\t\t\t\t<div class=\"elementor-column elementor-col-50 elementor-inner-column elementor-element elementor-element-45f5350\" data-id=\"45f5350\" data-element_type=\"column\" data-settings=\"{&quot;background_background&quot;:&quot;classic&quot;}\">\n\t\t\t<div class=\"elementor-widget-wrap elementor-element-populated\">\n\t\t\t\t\t\t\t\t<div class=\"elementor-element elementor-element-a71088f elementor-widget elementor-widget-text-editor\" data-id=\"a71088f\" data-element_type=\"widget\" data-widget_type=\"text-editor.default\">\n\t\t\t\t<div class=\"elementor-widget-container\">\n\t\t\t\t\t\t\t<p>2. Rezult\u0101ts: \u201cRokasgr\u0101mata jaundibin\u0101tiem uz\u0146\u0113mumiem un profesion\u0101l\u0101s izgl\u012bt\u012bbas nodro\u0161in\u0101t\u0101jiem\u201d kas pied\u0101v\u0101s m\u0101c\u012bbu modu\u013cus rokasgr\u0101matas form\u0101 jaundibin\u0101tiem uz\u0146\u0113mumiem un profesion\u0101l\u0101s izgl\u012bt\u012bbas nodro\u0161in\u0101t\u0101jiem.<\/p>\t\t\t\t\t\t<\/div>\n\t\t\t\t<\/div>\n\t\t\t\t\t<\/div>\n\t\t<\/div>\n\t\t\t\t\t\t\t<\/div>\n\t\t<\/section>\n\t\t\t\t<section class=\"elementor-section elementor-inner-section elementor-element elementor-element-074717e elementor-section-boxed elementor-section-height-default elementor-section-height-default\" data-id=\"074717e\" data-element_type=\"section\">\n\t\t\t\t\t\t<div class=\"elementor-container elementor-column-gap-default\">\n\t\t\t\t\t<div class=\"elementor-column elementor-col-50 elementor-inner-column elementor-element elementor-element-ff8f69b\" data-id=\"ff8f69b\" data-element_type=\"column\" data-settings=\"{&quot;background_background&quot;:&quot;classic&quot;}\">\n\t\t\t<div class=\"elementor-widget-wrap elementor-element-populated\">\n\t\t\t\t\t\t\t\t<div class=\"elementor-element elementor-element-76ce09c elementor-widget elementor-widget-text-editor\" data-id=\"76ce09c\" data-element_type=\"widget\" data-widget_type=\"text-editor.default\">\n\t\t\t\t<div class=\"elementor-widget-container\">\n\t\t\t\t\t\t\t<p>3. M\u0113r\u0137is: Projekta m\u0113r\u0137is ir nodro\u0161in\u0101t augstas kvalit\u0101tes, savlaic\u012bgas m\u0101c\u012bbas, atbildot uz augo\u0161aj\u0101m pras\u012bb\u0101m pret jaun\u0101m prasm\u0113m uz\u0146\u0113mum\u0101.<\/p>\t\t\t\t\t\t<\/div>\n\t\t\t\t<\/div>\n\t\t\t\t\t<\/div>\n\t\t<\/div>\n\t\t\t\t<div class=\"elementor-column elementor-col-50 elementor-inner-column elementor-element elementor-element-6e9cbd2\" data-id=\"6e9cbd2\" data-element_type=\"column\">\n\t\t\t<div class=\"elementor-widget-wrap\">\n\t\t\t\t\t\t\t\t\t<\/div>\n\t\t<\/div>\n\t\t\t\t\t\t\t<\/div>\n\t\t<\/section>\n\t\t\t\t<section class=\"elementor-section elementor-inner-section elementor-element elementor-element-d73b01e elementor-section-boxed elementor-section-height-default elementor-section-height-default\" data-id=\"d73b01e\" data-element_type=\"section\">\n\t\t\t\t\t\t<div class=\"elementor-container elementor-column-gap-default\">\n\t\t\t\t\t<div class=\"elementor-column elementor-col-50 elementor-inner-column elementor-element elementor-element-36d7501\" data-id=\"36d7501\" data-element_type=\"column\" data-settings=\"{&quot;background_background&quot;:&quot;classic&quot;}\">\n\t\t\t<div class=\"elementor-widget-wrap elementor-element-populated\">\n\t\t\t\t\t\t\t\t<div class=\"elementor-element elementor-element-a825c80 elementor-widget elementor-widget-text-editor\" data-id=\"a825c80\" data-element_type=\"widget\" data-widget_type=\"text-editor.default\">\n\t\t\t\t<div class=\"elementor-widget-container\">\n\t\t\t\t\t\t\t<p>3. Rezult\u0101ts: \u201cOER (atv\u0113rtu m\u0101c\u012bbu resursu) platforma un digit\u0101l\u0101s higi\u0113nas nov\u0113rt\u0113\u0161anas instruments\u201d. Platforma un instruments aprakst\u012bs pamata un paaugstin\u0101tas kvalifik\u0101cijas pras\u012bbas digit\u0101l\u0101s higi\u0113nas nodro\u0161in\u0101\u0161anai jaundibin\u0101tos uz\u0146\u0113mumos.<\/p>\t\t\t\t\t\t<\/div>\n\t\t\t\t<\/div>\n\t\t\t\t\t<\/div>\n\t\t<\/div>\n\t\t\t\t<div class=\"elementor-column elementor-col-50 elementor-inner-column elementor-element elementor-element-7aa8df3\" data-id=\"7aa8df3\" data-element_type=\"column\">\n\t\t\t<div class=\"elementor-widget-wrap\">\n\t\t\t\t\t\t\t\t\t<\/div>\n\t\t<\/div>\n\t\t\t\t\t\t\t<\/div>\n\t\t<\/section>\n\t\t\t\t\t<\/div>\n\t\t<\/div>\n\t\t\t\t\t\t\t<\/div>\n\t\t<\/section>\n\t\t\t\t<section class=\"elementor-section elementor-top-section elementor-element elementor-element-3384229 elementor-section-boxed elementor-section-height-default elementor-section-height-default\" data-id=\"3384229\" data-element_type=\"section\">\n\t\t\t\t\t\t<div class=\"elementor-container elementor-column-gap-default\">\n\t\t\t\t\t<div class=\"elementor-column elementor-col-100 elementor-top-column elementor-element elementor-element-0a767d3\" data-id=\"0a767d3\" data-element_type=\"column\" data-settings=\"{&quot;background_background&quot;:&quot;classic&quot;}\">\n\t\t\t<div class=\"elementor-widget-wrap elementor-element-populated\">\n\t\t\t\t\t\t\t\t<div class=\"elementor-element elementor-element-7a7a0a1 elementor-widget elementor-widget-heading\" data-id=\"7a7a0a1\" data-element_type=\"widget\" data-widget_type=\"heading.default\">\n\t\t\t\t<div class=\"elementor-widget-container\">\n\t\t\t<h3 class=\"elementor-heading-title elementor-size-default\">M\u0113r\u0137a auditorija<\/h3>\t\t<\/div>\n\t\t\t\t<\/div>\n\t\t\t\t<div class=\"elementor-element elementor-element-324be80 elementor-widget elementor-widget-text-editor\" data-id=\"324be80\" data-element_type=\"widget\" data-widget_type=\"text-editor.default\">\n\t\t\t\t<div class=\"elementor-widget-container\">\n\t\t\t\t\t\t\t<p>Good Start projekta divas galven\u0101s m\u0113r\u0137a auditorijas ir:<\/p><ol><li>Pirm\u0101 grupa: jaundibin\u0101to uz\u0146\u0113mumu \u012bpa\u0161nieki, vad\u012bt\u0101ji un darbinieki, kuru m\u0113r\u0137is ir organiz\u0113t ikdienas darbu saska\u0146\u0101 ar digit\u0101l\u0101s higi\u0113nas pras\u012bb\u0101m un vajadz\u012bb\u0101m.<\/li><li>Otr\u0101 grupa: Partneru valstu lielo uz\u0146\u0113mumu vad\u012bt\u0101ji un darbinieki, augst\u0101k\u0101s izgl\u012bt\u012bbas iest\u0101des, tehnolo\u0123iju nodro\u0161in\u0101\u0161anas biroji, profesion\u0101l\u0101s izgl\u012bt\u012bbas treneri, profesion\u0101l\u0101s izgl\u012bt\u012bbas nodro\u0161in\u0101t\u0101ji un akad\u0113mi\u0137i, kuri v\u0113las apg\u016bt kompetences m\u0101c\u012bbu nodro\u0161in\u0101\u0161anai vad\u012bt\u0101jiem, darbiniekiem vai studentiem partneru valst\u012bs, visu nozaru MVU, kas ieinteres\u0113ti uzlabot digit\u0101l\u0101s higi\u0113nas kompetences un tehnikas, cilv\u0113ki, kuri ir ieinteres\u0113ti projekta rezult\u0101tus, Cilv\u0113ki un organiz\u0101cijas (saist\u012btie partneri), kas sp\u0113j izplat\u012bt projekta rezult\u0101tus un nodro\u0161in\u0101t to uztur\u0113\u0161anu, politikas veidot\u0101ji un valsts iest\u0101des.<\/li><\/ol>\t\t\t\t\t\t<\/div>\n\t\t\t\t<\/div>\n\t\t\t\t\t<\/div>\n\t\t<\/div>\n\t\t\t\t\t\t\t<\/div>\n\t\t<\/section>\n\t\t\t\t<section class=\"elementor-section elementor-top-section elementor-element elementor-element-f334dc5 elementor-section-boxed elementor-section-height-default elementor-section-height-default\" data-id=\"f334dc5\" data-element_type=\"section\">\n\t\t\t\t\t\t<div class=\"elementor-container elementor-column-gap-default\">\n\t\t\t\t\t<div class=\"elementor-column elementor-col-100 elementor-top-column elementor-element elementor-element-681f2b5\" data-id=\"681f2b5\" data-element_type=\"column\">\n\t\t\t<div class=\"elementor-widget-wrap\">\n\t\t\t\t\t\t\t\t\t<\/div>\n\t\t<\/div>\n\t\t\t\t\t\t\t<\/div>\n\t\t<\/section>\n\t\t\t\t\t\t\t<\/div>","protected":false},"excerpt":{"rendered":"<p>About the Good Start Project Good Digital Hygiene for Startups Digital Hygiene should be a priority for all businesses and educational institutions, no matter their size. But for small and medium enterprises, startups or educational institutions using the right tools and the best Digital Hygiene practices nowadays are not the standard, but a work in &hellip;<\/p>\n<p class=\"read-more\"> <a class=\"\" href=\"https:\/\/good-start.eu\/lv\/about-the-good-start-project\/\"> <span class=\"screen-reader-text\">Par<\/span> Read More &raquo;<\/a><\/p>","protected":false},"author":2,"featured_media":0,"parent":0,"menu_order":0,"comment_status":"closed","ping_status":"closed","template":"","meta":{"site-sidebar-layout":"no-sidebar","site-content-layout":"page-builder","ast-global-header-display":"","ast-main-header-display":"","ast-hfb-above-header-display":"","ast-hfb-below-header-display":"","ast-hfb-mobile-header-display":"","site-post-title":"disabled","ast-breadcrumbs-content":"","ast-featured-img":"disabled","footer-sml-layout":"","theme-transparent-header-meta":"","adv-header-id-meta":"","stick-header-meta":"","header-above-stick-meta":"","header-main-stick-meta":"","header-below-stick-meta":"","footnotes":""},"_links":{"self":[{"href":"https:\/\/good-start.eu\/lv\/wp-json\/wp\/v2\/pages\/96"}],"collection":[{"href":"https:\/\/good-start.eu\/lv\/wp-json\/wp\/v2\/pages"}],"about":[{"href":"https:\/\/good-start.eu\/lv\/wp-json\/wp\/v2\/types\/page"}],"author":[{"embeddable":true,"href":"https:\/\/good-start.eu\/lv\/wp-json\/wp\/v2\/users\/2"}],"replies":[{"embeddable":true,"href":"https:\/\/good-start.eu\/lv\/wp-json\/wp\/v2\/comments?post=96"}],"version-history":[{"count":15,"href":"https:\/\/good-start.eu\/lv\/wp-json\/wp\/v2\/pages\/96\/revisions"}],"predecessor-version":[{"id":247,"href":"https:\/\/good-start.eu\/lv\/wp-json\/wp\/v2\/pages\/96\/revisions\/247"}],"wp:attachment":[{"href":"https:\/\/good-start.eu\/lv\/wp-json\/wp\/v2\/media?parent=96"}],"curies":[{"name":"wp","href":"https:\/\/api.w.org\/{rel}","templated":true}]}}