{"id":96,"date":"2023-01-26T10:26:11","date_gmt":"2023-01-26T10:26:11","guid":{"rendered":"https:\/\/good-start.eu\/?page_id=96"},"modified":"2023-03-27T11:41:39","modified_gmt":"2023-03-27T11:41:39","slug":"about-the-good-start-project","status":"publish","type":"page","link":"https:\/\/good-start.eu\/nl\/about-the-good-start-project\/","title":{"rendered":"Over ons"},"content":{"rendered":"<div data-elementor-type=\"wp-page\" data-elementor-id=\"96\" class=\"elementor elementor-96\">\n\t\t\t\t\t\t\t\t\t<section class=\"elementor-section elementor-top-section elementor-element elementor-element-b16e975 elementor-section-boxed elementor-section-height-default elementor-section-height-default\" data-id=\"b16e975\" data-element_type=\"section\" data-settings=\"{&quot;background_background&quot;:&quot;gradient&quot;}\">\n\t\t\t\t\t\t<div class=\"elementor-container elementor-column-gap-default\">\n\t\t\t\t\t<div class=\"elementor-column elementor-col-100 elementor-top-column elementor-element elementor-element-d54ba02\" data-id=\"d54ba02\" data-element_type=\"column\">\n\t\t\t<div class=\"elementor-widget-wrap elementor-element-populated\">\n\t\t\t\t\t\t\t\t<section class=\"elementor-section elementor-inner-section elementor-element elementor-element-7d55845 elementor-section-boxed elementor-section-height-default elementor-section-height-default\" data-id=\"7d55845\" data-element_type=\"section\">\n\t\t\t\t\t\t<div class=\"elementor-container elementor-column-gap-default\">\n\t\t\t\t\t<div class=\"elementor-column elementor-col-50 elementor-inner-column elementor-element elementor-element-bf4d7bc\" data-id=\"bf4d7bc\" data-element_type=\"column\">\n\t\t\t<div class=\"elementor-widget-wrap elementor-element-populated\">\n\t\t\t\t\t\t\t\t<div class=\"elementor-element elementor-element-7f011d2 elementor-widget elementor-widget-heading\" data-id=\"7f011d2\" data-element_type=\"widget\" data-widget_type=\"heading.default\">\n\t\t\t\t<div class=\"elementor-widget-container\">\n\t\t\t<style>\/*! elementor - v3.11.5 - 14-03-2023 *\/\n.elementor-heading-title{padding:0;margin:0;line-height:1}.elementor-widget-heading .elementor-heading-title[class*=elementor-size-]>a{color:inherit;font-size:inherit;line-height:inherit}.elementor-widget-heading .elementor-heading-title.elementor-size-small{font-size:15px}.elementor-widget-heading .elementor-heading-title.elementor-size-medium{font-size:19px}.elementor-widget-heading .elementor-heading-title.elementor-size-large{font-size:29px}.elementor-widget-heading .elementor-heading-title.elementor-size-xl{font-size:39px}.elementor-widget-heading .elementor-heading-title.elementor-size-xxl{font-size:59px}<\/style><h2 class=\"elementor-heading-title elementor-size-default\">Over het Good Start Project<\/h2>\t\t<\/div>\n\t\t\t\t<\/div>\n\t\t\t\t<div class=\"elementor-element elementor-element-c6850d3 elementor-widget elementor-widget-heading\" data-id=\"c6850d3\" data-element_type=\"widget\" data-widget_type=\"heading.default\">\n\t\t\t\t<div class=\"elementor-widget-container\">\n\t\t\t<h3 class=\"elementor-heading-title elementor-size-default\">Goede digitale hygi\u00ebne voor starters<\/h3>\t\t<\/div>\n\t\t\t\t<\/div>\n\t\t\t\t\t<\/div>\n\t\t<\/div>\n\t\t\t\t<div class=\"elementor-column elementor-col-50 elementor-inner-column elementor-element elementor-element-30e81b4\" data-id=\"30e81b4\" data-element_type=\"column\">\n\t\t\t<div class=\"elementor-widget-wrap elementor-element-populated\">\n\t\t\t\t\t\t\t\t<div class=\"elementor-element elementor-element-d452534 elementor-widget elementor-widget-image\" data-id=\"d452534\" data-element_type=\"widget\" data-widget_type=\"image.default\">\n\t\t\t\t<div class=\"elementor-widget-container\">\n\t\t\t<style>\/*! elementor - v3.11.5 - 14-03-2023 *\/\n.elementor-widget-image{text-align:center}.elementor-widget-image a{display:inline-block}.elementor-widget-image a img[src$=\".svg\"]{width:48px}.elementor-widget-image img{vertical-align:middle;display:inline-block}<\/style>\t\t\t\t\t\t\t\t\t\t\t\t<img loading=\"lazy\" decoding=\"async\" width=\"768\" height=\"768\" src=\"https:\/\/good-start.eu\/wp-content\/uploads\/2023\/01\/AboutHero-768x768.png\" class=\"attachment-medium_large size-medium_large wp-image-98\" alt=\"\" srcset=\"https:\/\/good-start.eu\/wp-content\/uploads\/2023\/01\/AboutHero-768x768.png 768w, https:\/\/good-start.eu\/wp-content\/uploads\/2023\/01\/AboutHero-300x300.png 300w, https:\/\/good-start.eu\/wp-content\/uploads\/2023\/01\/AboutHero-1024x1024.png 1024w, https:\/\/good-start.eu\/wp-content\/uploads\/2023\/01\/AboutHero-150x150.png 150w, https:\/\/good-start.eu\/wp-content\/uploads\/2023\/01\/AboutHero.png 1080w\" sizes=\"(max-width: 768px) 100vw, 768px\" \/>\t\t\t\t\t\t\t\t\t\t\t\t\t\t\t<\/div>\n\t\t\t\t<\/div>\n\t\t\t\t\t<\/div>\n\t\t<\/div>\n\t\t\t\t\t\t\t<\/div>\n\t\t<\/section>\n\t\t\t\t\t<\/div>\n\t\t<\/div>\n\t\t\t\t\t\t\t<\/div>\n\t\t<\/section>\n\t\t\t\t<section class=\"elementor-section elementor-top-section elementor-element elementor-element-265c6b6 elementor-section-boxed elementor-section-height-default elementor-section-height-default\" data-id=\"265c6b6\" data-element_type=\"section\">\n\t\t\t\t\t\t<div class=\"elementor-container elementor-column-gap-default\">\n\t\t\t\t\t<div class=\"elementor-column elementor-col-100 elementor-top-column elementor-element elementor-element-6a00ea3\" data-id=\"6a00ea3\" data-element_type=\"column\" data-settings=\"{&quot;background_background&quot;:&quot;classic&quot;}\">\n\t\t\t<div class=\"elementor-widget-wrap elementor-element-populated\">\n\t\t\t\t\t\t\t\t<div class=\"elementor-element elementor-element-54013a7 elementor-widget elementor-widget-text-editor\" data-id=\"54013a7\" data-element_type=\"widget\" data-widget_type=\"text-editor.default\">\n\t\t\t\t<div class=\"elementor-widget-container\">\n\t\t\t<style>\/*! elementor - v3.11.5 - 14-03-2023 *\/\n.elementor-widget-text-editor.elementor-drop-cap-view-stacked .elementor-drop-cap{background-color:#818a91;color:#fff}.elementor-widget-text-editor.elementor-drop-cap-view-framed .elementor-drop-cap{color:#818a91;border:3px solid;background-color:transparent}.elementor-widget-text-editor:not(.elementor-drop-cap-view-default) .elementor-drop-cap{margin-top:8px}.elementor-widget-text-editor:not(.elementor-drop-cap-view-default) .elementor-drop-cap-letter{width:1em;height:1em}.elementor-widget-text-editor .elementor-drop-cap{float:left;text-align:center;line-height:1;font-size:50px}.elementor-widget-text-editor .elementor-drop-cap-letter{display:inline-block}<\/style>\t\t\t\t<p>Digitale Hygi\u00ebne zou een prioriteit moeten zijn voor alle bedrijven en onderwijsinstellingen, ongeacht hun omvang. Maar voor kleine en middelgrote ondernemingen, startups of onderwijsinstellingen is het gebruik van de juiste tools en de beste Digitale Hygi\u00ebne- praktijken tegenwoordig niet de standaard, maar een werk in uitvoering.<\/p>\t\t\t\t\t\t<\/div>\n\t\t\t\t<\/div>\n\t\t\t\t\t<\/div>\n\t\t<\/div>\n\t\t\t\t\t\t\t<\/div>\n\t\t<\/section>\n\t\t\t\t<section class=\"elementor-section elementor-top-section elementor-element elementor-element-f2d989e elementor-section-boxed elementor-section-height-default elementor-section-height-default\" data-id=\"f2d989e\" data-element_type=\"section\">\n\t\t\t\t\t\t<div class=\"elementor-container elementor-column-gap-default\">\n\t\t\t\t\t<div class=\"elementor-column elementor-col-100 elementor-top-column elementor-element elementor-element-52fd820\" data-id=\"52fd820\" data-element_type=\"column\">\n\t\t\t<div class=\"elementor-widget-wrap elementor-element-populated\">\n\t\t\t\t\t\t\t\t<div class=\"elementor-element elementor-element-abc3d20 elementor-widget elementor-widget-heading\" data-id=\"abc3d20\" data-element_type=\"widget\" data-widget_type=\"heading.default\">\n\t\t\t\t<div class=\"elementor-widget-container\">\n\t\t\t<h3 class=\"elementor-heading-title elementor-size-default\">Wat is Digitale Hygi\u00ebne en hoe be\u00efnvloedt het onze dagelijkse gang van zaken en werkactiviteiten? Waarom\nzou Digitale Hygi\u00ebne een prioriteit moeten zijn?<\/h3>\t\t<\/div>\n\t\t\t\t<\/div>\n\t\t\t\t<div class=\"elementor-element elementor-element-0a48160 elementor-widget elementor-widget-text-editor\" data-id=\"0a48160\" data-element_type=\"widget\" data-widget_type=\"text-editor.default\">\n\t\t\t\t<div class=\"elementor-widget-container\">\n\t\t\t\t\t\t\t<p>Digitale hygi\u00ebne of cyberhygi\u00ebne verwijst naar een reeks richtlijnen en geschikte methodieken om mensen te helpen hun digitale activiteiten veilig te houden. Wij hebben de verantwoordelijkheid om een digitale omgeving te cre\u00ebren die onze gegevens en apparaten\nbeschermt.<\/p><p class=\" translation-block\">Het <strong>Good Start Project<\/strong> leert de startups de voordelen van een regelmatig digitaal hygi\u00ebneprogramma voor hun systemen en software om twee redenen: <strong>onderhoud en beveiliging<\/strong>.<\/p>\t\t\t\t\t\t<\/div>\n\t\t\t\t<\/div>\n\t\t\t\t\t<\/div>\n\t\t<\/div>\n\t\t\t\t\t\t\t<\/div>\n\t\t<\/section>\n\t\t\t\t<section class=\"elementor-section elementor-top-section elementor-element elementor-element-244948e elementor-section-boxed elementor-section-height-default elementor-section-height-default\" data-id=\"244948e\" data-element_type=\"section\">\n\t\t\t\t\t\t<div class=\"elementor-container elementor-column-gap-default\">\n\t\t\t\t\t<div class=\"elementor-column elementor-col-100 elementor-top-column elementor-element elementor-element-ff54e0d\" data-id=\"ff54e0d\" data-element_type=\"column\">\n\t\t\t<div class=\"elementor-widget-wrap elementor-element-populated\">\n\t\t\t\t\t\t\t\t<div class=\"elementor-element elementor-element-5c54ebf elementor-widget elementor-widget-heading\" data-id=\"5c54ebf\" data-element_type=\"widget\" data-widget_type=\"heading.default\">\n\t\t\t\t<div class=\"elementor-widget-container\">\n\t\t\t<h3 class=\"elementor-heading-title elementor-size-default\">Doelstellingen en resultaten van het project<\/h3>\t\t<\/div>\n\t\t\t\t<\/div>\n\t\t\t\t<section class=\"elementor-section elementor-inner-section elementor-element elementor-element-90ad6df elementor-section-boxed elementor-section-height-default elementor-section-height-default\" data-id=\"90ad6df\" data-element_type=\"section\">\n\t\t\t\t\t\t<div class=\"elementor-container elementor-column-gap-default\">\n\t\t\t\t\t<div class=\"elementor-column elementor-col-50 elementor-inner-column elementor-element elementor-element-14ffb71\" data-id=\"14ffb71\" data-element_type=\"column\" data-settings=\"{&quot;background_background&quot;:&quot;classic&quot;}\">\n\t\t\t<div class=\"elementor-widget-wrap elementor-element-populated\">\n\t\t\t\t\t\t\t\t<div class=\"elementor-element elementor-element-5c73562 elementor-widget elementor-widget-text-editor\" data-id=\"5c73562\" data-element_type=\"widget\" data-widget_type=\"text-editor.default\">\n\t\t\t\t<div class=\"elementor-widget-container\">\n\t\t\t\t\t\t\t<p>Doelstelling 1: Het Good Start Project wil het digitale hygi\u00ebnegedrag van starters en kleine\nbedrijven meten met een gestandaardiseerde aanpak.<\/p>\t\t\t\t\t\t<\/div>\n\t\t\t\t<\/div>\n\t\t\t\t\t<\/div>\n\t\t<\/div>\n\t\t\t\t<div class=\"elementor-column elementor-col-50 elementor-inner-column elementor-element elementor-element-6b5cd48\" data-id=\"6b5cd48\" data-element_type=\"column\">\n\t\t\t<div class=\"elementor-widget-wrap\">\n\t\t\t\t\t\t\t\t\t<\/div>\n\t\t<\/div>\n\t\t\t\t\t\t\t<\/div>\n\t\t<\/section>\n\t\t\t\t<section class=\"elementor-section elementor-inner-section elementor-element elementor-element-e50a87d elementor-section-boxed elementor-section-height-default elementor-section-height-default\" data-id=\"e50a87d\" data-element_type=\"section\">\n\t\t\t\t\t\t<div class=\"elementor-container elementor-column-gap-default\">\n\t\t\t\t\t<div class=\"elementor-column elementor-col-50 elementor-inner-column elementor-element elementor-element-e6d0954\" data-id=\"e6d0954\" data-element_type=\"column\" data-settings=\"{&quot;background_background&quot;:&quot;classic&quot;}\">\n\t\t\t<div class=\"elementor-widget-wrap elementor-element-populated\">\n\t\t\t\t\t\t\t\t<div class=\"elementor-element elementor-element-32f01ed elementor-widget elementor-widget-text-editor\" data-id=\"32f01ed\" data-element_type=\"widget\" data-widget_type=\"text-editor.default\">\n\t\t\t\t<div class=\"elementor-widget-container\">\n\t\t\t\t\t\t\t<p>Resultaat 1: \"Digital Hygiene Behaviour Index\"\nvoor starters en kleine bedrijven.<\/p>\t\t\t\t\t\t<\/div>\n\t\t\t\t<\/div>\n\t\t\t\t\t<\/div>\n\t\t<\/div>\n\t\t\t\t<div class=\"elementor-column elementor-col-50 elementor-inner-column elementor-element elementor-element-a00bacb\" data-id=\"a00bacb\" data-element_type=\"column\">\n\t\t\t<div class=\"elementor-widget-wrap\">\n\t\t\t\t\t\t\t\t\t<\/div>\n\t\t<\/div>\n\t\t\t\t\t\t\t<\/div>\n\t\t<\/section>\n\t\t\t\t<section class=\"elementor-section elementor-inner-section elementor-element elementor-element-dfe16e2 elementor-section-boxed elementor-section-height-default elementor-section-height-default\" data-id=\"dfe16e2\" data-element_type=\"section\">\n\t\t\t\t\t\t<div class=\"elementor-container elementor-column-gap-default\">\n\t\t\t\t\t<div class=\"elementor-column elementor-col-50 elementor-inner-column elementor-element elementor-element-979d805\" data-id=\"979d805\" data-element_type=\"column\">\n\t\t\t<div class=\"elementor-widget-wrap\">\n\t\t\t\t\t\t\t\t\t<\/div>\n\t\t<\/div>\n\t\t\t\t<div class=\"elementor-column elementor-col-50 elementor-inner-column elementor-element elementor-element-d7b8913\" data-id=\"d7b8913\" data-element_type=\"column\" data-settings=\"{&quot;background_background&quot;:&quot;classic&quot;}\">\n\t\t\t<div class=\"elementor-widget-wrap elementor-element-populated\">\n\t\t\t\t\t\t\t\t<div class=\"elementor-element elementor-element-63f14f5 elementor-widget elementor-widget-text-editor\" data-id=\"63f14f5\" data-element_type=\"widget\" data-widget_type=\"text-editor.default\">\n\t\t\t\t<div class=\"elementor-widget-container\">\n\t\t\t\t\t\t\t<p>Doelstelling 2: Het Good Start-project beoogt het verstrekken van opleidingsmateriaal op maat voor zowel starters als\naanbieders\/instellingen van beroepsonderwijs en -opleiding.<\/p>\t\t\t\t\t\t<\/div>\n\t\t\t\t<\/div>\n\t\t\t\t\t<\/div>\n\t\t<\/div>\n\t\t\t\t\t\t\t<\/div>\n\t\t<\/section>\n\t\t\t\t<section class=\"elementor-section elementor-inner-section elementor-element elementor-element-7e44ee2 elementor-section-boxed elementor-section-height-default elementor-section-height-default\" data-id=\"7e44ee2\" data-element_type=\"section\">\n\t\t\t\t\t\t<div class=\"elementor-container elementor-column-gap-default\">\n\t\t\t\t\t<div class=\"elementor-column elementor-col-50 elementor-inner-column elementor-element elementor-element-bfcbef2\" data-id=\"bfcbef2\" data-element_type=\"column\">\n\t\t\t<div class=\"elementor-widget-wrap\">\n\t\t\t\t\t\t\t\t\t<\/div>\n\t\t<\/div>\n\t\t\t\t<div class=\"elementor-column elementor-col-50 elementor-inner-column elementor-element elementor-element-45f5350\" data-id=\"45f5350\" data-element_type=\"column\" data-settings=\"{&quot;background_background&quot;:&quot;classic&quot;}\">\n\t\t\t<div class=\"elementor-widget-wrap elementor-element-populated\">\n\t\t\t\t\t\t\t\t<div class=\"elementor-element elementor-element-a71088f elementor-widget elementor-widget-text-editor\" data-id=\"a71088f\" data-element_type=\"widget\" data-widget_type=\"text-editor.default\">\n\t\t\t\t<div class=\"elementor-widget-container\">\n\t\t\t\t\t\t\t<p>Resultaat 2: \"Handboek voor starters en aanbieders\/instellingen van beroepsonderwijs en -opleiding\" waarin opleidingsmodules worden gepresenteerd die dienst doen als handboek voor starters, aanbieders en instellingen voor\nberoepsonderwijs en -opleiding.<\/p>\t\t\t\t\t\t<\/div>\n\t\t\t\t<\/div>\n\t\t\t\t\t<\/div>\n\t\t<\/div>\n\t\t\t\t\t\t\t<\/div>\n\t\t<\/section>\n\t\t\t\t<section class=\"elementor-section elementor-inner-section elementor-element elementor-element-074717e elementor-section-boxed elementor-section-height-default elementor-section-height-default\" data-id=\"074717e\" data-element_type=\"section\">\n\t\t\t\t\t\t<div class=\"elementor-container elementor-column-gap-default\">\n\t\t\t\t\t<div class=\"elementor-column elementor-col-50 elementor-inner-column elementor-element elementor-element-ff8f69b\" data-id=\"ff8f69b\" data-element_type=\"column\" data-settings=\"{&quot;background_background&quot;:&quot;classic&quot;}\">\n\t\t\t<div class=\"elementor-widget-wrap elementor-element-populated\">\n\t\t\t\t\t\t\t\t<div class=\"elementor-element elementor-element-76ce09c elementor-widget elementor-widget-text-editor\" data-id=\"76ce09c\" data-element_type=\"widget\" data-widget_type=\"text-editor.default\">\n\t\t\t\t<div class=\"elementor-widget-container\">\n\t\t\t\t\t\t\t<p>Doelstelling 3: Het project heeft tot doel tijdig onderwijs en opleiding van hoge kwaliteit te verstrekken die inspelen op de veranderende behoeften van het bedrijfsleven en de\nvaardigheden.<\/p>\t\t\t\t\t\t<\/div>\n\t\t\t\t<\/div>\n\t\t\t\t\t<\/div>\n\t\t<\/div>\n\t\t\t\t<div class=\"elementor-column elementor-col-50 elementor-inner-column elementor-element elementor-element-6e9cbd2\" data-id=\"6e9cbd2\" data-element_type=\"column\">\n\t\t\t<div class=\"elementor-widget-wrap\">\n\t\t\t\t\t\t\t\t\t<\/div>\n\t\t<\/div>\n\t\t\t\t\t\t\t<\/div>\n\t\t<\/section>\n\t\t\t\t<section class=\"elementor-section elementor-inner-section elementor-element elementor-element-d73b01e elementor-section-boxed elementor-section-height-default elementor-section-height-default\" data-id=\"d73b01e\" data-element_type=\"section\">\n\t\t\t\t\t\t<div class=\"elementor-container elementor-column-gap-default\">\n\t\t\t\t\t<div class=\"elementor-column elementor-col-50 elementor-inner-column elementor-element elementor-element-36d7501\" data-id=\"36d7501\" data-element_type=\"column\" data-settings=\"{&quot;background_background&quot;:&quot;classic&quot;}\">\n\t\t\t<div class=\"elementor-widget-wrap elementor-element-populated\">\n\t\t\t\t\t\t\t\t<div class=\"elementor-element elementor-element-a825c80 elementor-widget elementor-widget-text-editor\" data-id=\"a825c80\" data-element_type=\"widget\" data-widget_type=\"text-editor.default\">\n\t\t\t\t<div class=\"elementor-widget-container\">\n\t\t\t\t\t\t\t<p>Resultaat 3: \"OER-platform en evaluatie- instrument voor digitale hygi\u00ebne\". Dit platform en instrument zullen basis- en geavanceerde kwalificaties voor de implementatie van digitale\nhygi\u00ebne van startups beschrijven.<\/p>\t\t\t\t\t\t<\/div>\n\t\t\t\t<\/div>\n\t\t\t\t\t<\/div>\n\t\t<\/div>\n\t\t\t\t<div class=\"elementor-column elementor-col-50 elementor-inner-column elementor-element elementor-element-7aa8df3\" data-id=\"7aa8df3\" data-element_type=\"column\">\n\t\t\t<div class=\"elementor-widget-wrap\">\n\t\t\t\t\t\t\t\t\t<\/div>\n\t\t<\/div>\n\t\t\t\t\t\t\t<\/div>\n\t\t<\/section>\n\t\t\t\t\t<\/div>\n\t\t<\/div>\n\t\t\t\t\t\t\t<\/div>\n\t\t<\/section>\n\t\t\t\t<section class=\"elementor-section elementor-top-section elementor-element elementor-element-3384229 elementor-section-boxed elementor-section-height-default elementor-section-height-default\" data-id=\"3384229\" data-element_type=\"section\">\n\t\t\t\t\t\t<div class=\"elementor-container elementor-column-gap-default\">\n\t\t\t\t\t<div class=\"elementor-column elementor-col-100 elementor-top-column elementor-element elementor-element-0a767d3\" data-id=\"0a767d3\" data-element_type=\"column\" data-settings=\"{&quot;background_background&quot;:&quot;classic&quot;}\">\n\t\t\t<div class=\"elementor-widget-wrap elementor-element-populated\">\n\t\t\t\t\t\t\t\t<div class=\"elementor-element elementor-element-7a7a0a1 elementor-widget elementor-widget-heading\" data-id=\"7a7a0a1\" data-element_type=\"widget\" data-widget_type=\"heading.default\">\n\t\t\t\t<div class=\"elementor-widget-container\">\n\t\t\t<h3 class=\"elementor-heading-title elementor-size-default\">Doelgroep<\/h3>\t\t<\/div>\n\t\t\t\t<\/div>\n\t\t\t\t<div class=\"elementor-element elementor-element-324be80 elementor-widget elementor-widget-text-editor\" data-id=\"324be80\" data-element_type=\"widget\" data-widget_type=\"text-editor.default\">\n\t\t\t\t<div class=\"elementor-widget-container\">\n\t\t\t\t\t\t\t<p>De primaire doelgroepen van het Good Start- project kunnen in twee groepen worden ingedeeld:<\/p><ol><li>De eerste groep: de eigenaren van de startups en managers of werknemers van de startups die hun dagelijkse routines willen vormgeven in relatie tot de eisen en behoeften op het gebied\nvan digitale hygi\u00ebne.<\/li><li>De tweede groep: Supervisors, managers en werkgevers in grote bedrijven in de partnerlanden, IHO's, bureaus voor technologieoverdracht (TTO), Technoparken, opleiders in beroepsonderwijs en -opleiding, aanbieders van beroepsonderwijs en -opleiding en academici die competenties willen verwerven voor de opleiding van managers of personeel of studenten\/afgestudeerden in de partnerlanden, kleine en middelgrote ondernemingen die in alle sectoren actief zijn en ge\u00efnteresseerd zijn in de bijscholing van competenties en technieken op het gebied van digitale hygi\u00ebne, personen die ge\u00efnteresseerd zijn in de exploitatie van de projectresultaten, personen en organisaties (geassocieerde partners) die de projectresultaten kunnen verspreiden en de duurzaamheid kunnen ondersteunen, beleidsmakers of overheidsinstanties die het project op\nsystemisch niveau kunnen brengen.<\/li><\/ol>\t\t\t\t\t\t<\/div>\n\t\t\t\t<\/div>\n\t\t\t\t\t<\/div>\n\t\t<\/div>\n\t\t\t\t\t\t\t<\/div>\n\t\t<\/section>\n\t\t\t\t<section class=\"elementor-section elementor-top-section elementor-element elementor-element-f334dc5 elementor-section-boxed elementor-section-height-default elementor-section-height-default\" data-id=\"f334dc5\" data-element_type=\"section\">\n\t\t\t\t\t\t<div class=\"elementor-container elementor-column-gap-default\">\n\t\t\t\t\t<div class=\"elementor-column elementor-col-100 elementor-top-column elementor-element elementor-element-681f2b5\" data-id=\"681f2b5\" data-element_type=\"column\">\n\t\t\t<div class=\"elementor-widget-wrap\">\n\t\t\t\t\t\t\t\t\t<\/div>\n\t\t<\/div>\n\t\t\t\t\t\t\t<\/div>\n\t\t<\/section>\n\t\t\t\t\t\t\t<\/div>","protected":false},"excerpt":{"rendered":"<p>About the Good Start Project Good Digital Hygiene for Startups Digital Hygiene should be a priority for all businesses and educational institutions, no matter their size. But for small and medium enterprises, startups or educational institutions using the right tools and the best Digital Hygiene practices nowadays are not the standard, but a work in &hellip;<\/p>\n<p class=\"read-more\"> <a class=\"\" href=\"https:\/\/good-start.eu\/nl\/about-the-good-start-project\/\"> <span class=\"screen-reader-text\">Over ons<\/span> Lees meer &raquo;<\/a><\/p>","protected":false},"author":2,"featured_media":0,"parent":0,"menu_order":0,"comment_status":"closed","ping_status":"closed","template":"","meta":{"site-sidebar-layout":"no-sidebar","site-content-layout":"page-builder","ast-global-header-display":"","ast-main-header-display":"","ast-hfb-above-header-display":"","ast-hfb-below-header-display":"","ast-hfb-mobile-header-display":"","site-post-title":"disabled","ast-breadcrumbs-content":"","ast-featured-img":"disabled","footer-sml-layout":"","theme-transparent-header-meta":"","adv-header-id-meta":"","stick-header-meta":"","header-above-stick-meta":"","header-main-stick-meta":"","header-below-stick-meta":"","footnotes":""},"_links":{"self":[{"href":"https:\/\/good-start.eu\/nl\/wp-json\/wp\/v2\/pages\/96"}],"collection":[{"href":"https:\/\/good-start.eu\/nl\/wp-json\/wp\/v2\/pages"}],"about":[{"href":"https:\/\/good-start.eu\/nl\/wp-json\/wp\/v2\/types\/page"}],"author":[{"embeddable":true,"href":"https:\/\/good-start.eu\/nl\/wp-json\/wp\/v2\/users\/2"}],"replies":[{"embeddable":true,"href":"https:\/\/good-start.eu\/nl\/wp-json\/wp\/v2\/comments?post=96"}],"version-history":[{"count":15,"href":"https:\/\/good-start.eu\/nl\/wp-json\/wp\/v2\/pages\/96\/revisions"}],"predecessor-version":[{"id":247,"href":"https:\/\/good-start.eu\/nl\/wp-json\/wp\/v2\/pages\/96\/revisions\/247"}],"wp:attachment":[{"href":"https:\/\/good-start.eu\/nl\/wp-json\/wp\/v2\/media?parent=96"}],"curies":[{"name":"wp","href":"https:\/\/api.w.org\/{rel}","templated":true}]}}