{"id":404,"date":"2024-05-10T08:27:07","date_gmt":"2024-05-10T08:27:07","guid":{"rendered":"https:\/\/good-start.eu\/?page_id=404"},"modified":"2024-10-03T09:03:41","modified_gmt":"2024-10-03T09:03:41","slug":"index","status":"publish","type":"page","link":"https:\/\/good-start.eu\/pl\/index\/","title":{"rendered":"Indeks"},"content":{"rendered":"<p class=\"has-medium-font-size\">Oce\u0144 swoj\u0105 wiedz\u0119 i umiej\u0119tno\u015bci w zakresie higieny cyfrowej za pomoc\u0105 Indeksu zachowa\u0144 w zakresie higieny cyfrowej. Mo\u017cesz znale\u017a\u0107 wersje we wszystkich j\u0119zykach projektu wymienionych poni\u017cej.<br>Po udzieleniu odpowiedzi na wszystkie pytania mo\u017cesz zapisa\u0107 swoje wyniki jako wydruk pdf.<\/p>\n\n\n\n<p class=\"has-medium-font-size\"><br>EN<\/p>\n\n\n<p><iframe src='\/wp-content\/uploads\/articulate_uploads\/DigitalHygieneBehaviorIndex\/story.html' width='100%' height='600px' frameborder='0' scrolling='no' title='e-learning content'><\/iframe><\/p>\n\n\n<p class=\"has-medium-font-size\" style=\"padding-top:0px;padding-right:0;padding-bottom:0px;padding-left:0\"><br><br>GR <\/p>\n\n\n<p><iframe src='\/wp-content\/uploads\/articulate_uploads\/DigitalHygieneBehaviorIndexGR10\/story.html' width='100%' height='600px' frameborder='0' scrolling='no' title='e-learning content'><\/iframe><\/p>\n\n\n<p class=\"has-medium-font-size\"><br><br>LV<\/p>\n\n\n<p><iframe src='\/wp-content\/uploads\/articulate_uploads\/DigitalHygieneBehaviorIndexLV3\/story.html' width='100%' height='600px' frameborder='0' scrolling='no' title='e-learning content'><\/iframe><\/p>\n\n\n<p class=\"has-medium-font-size\"><br><br>NL<\/p>\n\n\n<p><iframe src='\/wp-content\/uploads\/articulate_uploads\/DigitalHygieneBehaviorIndexNL8\/story.html' width='100%' height='600px' frameborder='0' scrolling='no' title='e-learning content'><\/iframe><\/p>\n\n\n<p class=\"has-medium-font-size\"><br><br>PL<\/p>\n\n\n<p><iframe src='\/wp-content\/uploads\/articulate_uploads\/DigitalHygieneBehaviorIndexPL2\/story.html' width='100%' height='600px' frameborder='0' scrolling='no' title='e-learning content'><\/iframe><\/p>\n\n\n<p class=\"has-medium-font-size\"><br><br>RO<\/p>\n\n\n<p><iframe src='\/wp-content\/uploads\/articulate_uploads\/DigitalHygieneBehaviorIndexRO8\/story.html' width='100%' height='600px' frameborder='0' scrolling='no' title='e-learning content'><\/iframe><\/p>\n\n\n<p class=\"has-medium-font-size\"><br><br>TR<\/p>\n\n\n<p><iframe src='\/wp-content\/uploads\/articulate_uploads\/DigitalHygieneBehaviorIndexTR5\/story.html' width='100%' height='600px' frameborder='0' scrolling='no' title='e-learning content'><\/iframe><\/p>\n\n\n<p><\/p>","protected":false},"excerpt":{"rendered":"<p>Assess your digital hygiene knowledge and skills using the Digital Hygiene Behavior Index. You can find the versions in all the project languages listed below.After answering all the questions you can save your results as a pdf print. EN GR LV NL PL RO TR<\/p>","protected":false},"author":2,"featured_media":0,"parent":0,"menu_order":0,"comment_status":"closed","ping_status":"closed","template":"","meta":{"site-sidebar-layout":"default","site-content-layout":"default","ast-global-header-display":"","ast-main-header-display":"","ast-hfb-above-header-display":"","ast-hfb-below-header-display":"","ast-hfb-mobile-header-display":"","site-post-title":"","ast-breadcrumbs-content":"","ast-featured-img":"","footer-sml-layout":"","theme-transparent-header-meta":"","adv-header-id-meta":"","stick-header-meta":"","header-above-stick-meta":"","header-main-stick-meta":"","header-below-stick-meta":"","footnotes":""},"_links":{"self":[{"href":"https:\/\/good-start.eu\/pl\/wp-json\/wp\/v2\/pages\/404"}],"collection":[{"href":"https:\/\/good-start.eu\/pl\/wp-json\/wp\/v2\/pages"}],"about":[{"href":"https:\/\/good-start.eu\/pl\/wp-json\/wp\/v2\/types\/page"}],"author":[{"embeddable":true,"href":"https:\/\/good-start.eu\/pl\/wp-json\/wp\/v2\/users\/2"}],"replies":[{"embeddable":true,"href":"https:\/\/good-start.eu\/pl\/wp-json\/wp\/v2\/comments?post=404"}],"version-history":[{"count":22,"href":"https:\/\/good-start.eu\/pl\/wp-json\/wp\/v2\/pages\/404\/revisions"}],"predecessor-version":[{"id":497,"href":"https:\/\/good-start.eu\/pl\/wp-json\/wp\/v2\/pages\/404\/revisions\/497"}],"wp:attachment":[{"href":"https:\/\/good-start.eu\/pl\/wp-json\/wp\/v2\/media?parent=404"}],"curies":[{"name":"wp","href":"https:\/\/api.w.org\/{rel}","templated":true}]}}