{"id":410,"date":"2024-05-22T07:08:43","date_gmt":"2024-05-22T07:08:43","guid":{"rendered":"https:\/\/good-start.eu\/?page_id=410"},"modified":"2024-05-22T08:19:20","modified_gmt":"2024-05-22T08:19:20","slug":"handbooks","status":"publish","type":"page","link":"https:\/\/good-start.eu\/pl\/handbooks\/","title":{"rendered":"Podr\u0119czniki"},"content":{"rendered":"<div data-elementor-type=\"wp-page\" data-elementor-id=\"410\" class=\"elementor elementor-410\">\n\t\t\t\t\t\t\t\t\t<section class=\"elementor-section elementor-top-section elementor-element elementor-element-b41a78d elementor-section-full_width elementor-section-height-min-height elementor-section-height-default elementor-section-items-middle\" data-id=\"b41a78d\" data-element_type=\"section\" data-settings=\"{&quot;background_background&quot;:&quot;classic&quot;}\">\n\t\t\t\t\t\t\t<div class=\"elementor-background-overlay\"><\/div>\n\t\t\t\t\t\t\t<div class=\"elementor-container elementor-column-gap-default\">\n\t\t\t\t\t<div class=\"elementor-column elementor-col-100 elementor-top-column elementor-element elementor-element-38ce37d\" data-id=\"38ce37d\" data-element_type=\"column\" data-settings=\"{&quot;background_background&quot;:&quot;slideshow&quot;,&quot;background_slideshow_gallery&quot;:[],&quot;background_slideshow_slide_duration&quot;:5000,&quot;background_slideshow_slide_transition&quot;:&quot;fade&quot;,&quot;background_slideshow_transition_duration&quot;:500}\">\n\t\t\t<div class=\"elementor-widget-wrap elementor-element-populated\">\n\t\t\t\t\t\t\t\t<div class=\"elementor-element elementor-element-a258705 elementor-widget elementor-widget-heading\" data-id=\"a258705\" data-element_type=\"widget\" data-widget_type=\"heading.default\">\n\t\t\t\t<div class=\"elementor-widget-container\">\n\t\t\t<style>\/*! elementor - v3.11.5 - 14-03-2023 *\/\n.elementor-heading-title{padding:0;margin:0;line-height:1}.elementor-widget-heading .elementor-heading-title[class*=elementor-size-]>a{color:inherit;font-size:inherit;line-height:inherit}.elementor-widget-heading .elementor-heading-title.elementor-size-small{font-size:15px}.elementor-widget-heading .elementor-heading-title.elementor-size-medium{font-size:19px}.elementor-widget-heading .elementor-heading-title.elementor-size-large{font-size:29px}.elementor-widget-heading .elementor-heading-title.elementor-size-xl{font-size:39px}.elementor-widget-heading .elementor-heading-title.elementor-size-xxl{font-size:59px}<\/style><h1 class=\"elementor-heading-title elementor-size-default\">Podr\u0119czniki higieny cyfrowej<\/h1>\t\t<\/div>\n\t\t\t\t<\/div>\n\t\t\t\t\t<\/div>\n\t\t<\/div>\n\t\t\t\t\t\t\t<\/div>\n\t\t<\/section>\n\t\t\t\t<section class=\"elementor-section elementor-top-section elementor-element elementor-element-d7fb10d elementor-section-boxed elementor-section-height-default elementor-section-height-default\" data-id=\"d7fb10d\" data-element_type=\"section\">\n\t\t\t\t\t\t<div class=\"elementor-container elementor-column-gap-default\">\n\t\t\t\t\t<div class=\"elementor-column elementor-col-100 elementor-top-column elementor-element elementor-element-373166b\" data-id=\"373166b\" data-element_type=\"column\" data-settings=\"{&quot;background_background&quot;:&quot;classic&quot;}\">\n\t\t\t<div class=\"elementor-widget-wrap elementor-element-populated\">\n\t\t\t\t\t\t\t\t<div class=\"elementor-element elementor-element-08197bd elementor-widget elementor-widget-text-editor\" data-id=\"08197bd\" data-element_type=\"widget\" data-widget_type=\"text-editor.default\">\n\t\t\t\t<div class=\"elementor-widget-container\">\n\t\t\t<style>\/*! elementor - v3.11.5 - 14-03-2023 *\/\n.elementor-widget-text-editor.elementor-drop-cap-view-stacked .elementor-drop-cap{background-color:#818a91;color:#fff}.elementor-widget-text-editor.elementor-drop-cap-view-framed .elementor-drop-cap{color:#818a91;border:3px solid;background-color:transparent}.elementor-widget-text-editor:not(.elementor-drop-cap-view-default) .elementor-drop-cap{margin-top:8px}.elementor-widget-text-editor:not(.elementor-drop-cap-view-default) .elementor-drop-cap-letter{width:1em;height:1em}.elementor-widget-text-editor .elementor-drop-cap{float:left;text-align:center;line-height:1;font-size:50px}.elementor-widget-text-editor .elementor-drop-cap-letter{display:inline-block}<\/style>\t\t\t\t<p>Czym jest higiena cyfrowa?<\/p><p>Dlaczego higiena cyfrowa jest tak wa\u017cna dla zr\u00f3wnowa\u017conego rozwoju i sukcesu organizacji? <\/p><p>W jaki spos\u00f3b startupy i instytucje VET mog\u0105 opracowa\u0107 solidne ramy higieny cyfrowej?<br \/>Jakie s\u0105 najlepsze narz\u0119dzia do rozwijania dobrej higieny cyfrowej i najlepszy spos\u00f3b na w\u0142\u0105czenie ich do codziennej rutyny?<\/p>\t\t\t\t\t\t<\/div>\n\t\t\t\t<\/div>\n\t\t\t\t\t<\/div>\n\t\t<\/div>\n\t\t\t\t\t\t\t<\/div>\n\t\t<\/section>\n\t\t\t\t<section class=\"elementor-section elementor-top-section elementor-element elementor-element-b4eee9b elementor-section-boxed elementor-section-height-default elementor-section-height-default\" data-id=\"b4eee9b\" data-element_type=\"section\">\n\t\t\t\t\t\t<div class=\"elementor-container elementor-column-gap-default\">\n\t\t\t\t\t<div class=\"elementor-column elementor-col-100 elementor-top-column elementor-element elementor-element-f84286a\" data-id=\"f84286a\" data-element_type=\"column\">\n\t\t\t<div class=\"elementor-widget-wrap elementor-element-populated\">\n\t\t\t\t\t\t\t\t<div class=\"elementor-element elementor-element-bc0177e elementor-widget elementor-widget-heading\" data-id=\"bc0177e\" data-element_type=\"widget\" data-widget_type=\"heading.default\">\n\t\t\t\t<div class=\"elementor-widget-container\">\n\t\t\t<h3 class=\"elementor-heading-title elementor-size-default\">Za du\u017co pyta\u0144?<\/h3>\t\t<\/div>\n\t\t\t\t<\/div>\n\t\t\t\t<div class=\"elementor-element elementor-element-c9b8211 elementor-widget elementor-widget-text-editor\" data-id=\"c9b8211\" data-element_type=\"widget\" data-widget_type=\"text-editor.default\">\n\t\t\t\t<div class=\"elementor-widget-container\">\n\t\t\t\t\t\t\t<p>Nie martw si\u0119, mamy doskona\u0142e odpowiedzi i przyk\u0142ady najlepszych praktyk, kt\u00f3re pomog\u0105 Ci zrozumie\u0107 koncepcj\u0119 higieny cyfrowej i jak j\u0105 wdro\u017cy\u0107 w Twoim startupie lub instytucji VET.<br \/><br \/>Sprawd\u017a nasze podr\u0119czniki, aby dowiedzie\u0107 si\u0119 wi\u0119cej:<\/p><ul><li>Czym jest higiena cyfrowa.<\/li><li>Jakie s\u0105 najlepsze narz\u0119dzia higieny cyfrowej i spos\u00f3b ich integracji w startupie lub instytucji VET.<\/li><li>Dostosowany program nauczania higieny cyfrowej dla VET.<\/li><li>Najlepsze praktyki w zakresie wdra\u017cania solidnej higieny cyfrowej w startupach i instytucjach kszta\u0142cenia i szkolenia zawodowego.<\/li><\/ul>\t\t\t\t\t\t<\/div>\n\t\t\t\t<\/div>\n\t\t\t\t\t<\/div>\n\t\t<\/div>\n\t\t\t\t\t\t\t<\/div>\n\t\t<\/section>\n\t\t\t\t<section class=\"elementor-section elementor-top-section elementor-element elementor-element-cb53790 elementor-section-boxed elementor-section-height-default elementor-section-height-default\" data-id=\"cb53790\" data-element_type=\"section\">\n\t\t\t\t\t\t<div class=\"elementor-container elementor-column-gap-default\">\n\t\t\t\t\t<div class=\"elementor-column elementor-col-50 elementor-top-column elementor-element elementor-element-6719f25\" data-id=\"6719f25\" data-element_type=\"column\">\n\t\t\t<div class=\"elementor-widget-wrap elementor-element-populated\">\n\t\t\t\t\t\t\t\t<div class=\"elementor-element elementor-element-1c0e33c elementor-widget elementor-widget-heading\" data-id=\"1c0e33c\" data-element_type=\"widget\" data-widget_type=\"heading.default\">\n\t\t\t\t<div class=\"elementor-widget-container\">\n\t\t\t<h3 class=\"elementor-heading-title elementor-size-default\">Higiena cyfrowa: podr\u0119cznik dla startup\u00f3w<\/h3>\t\t<\/div>\n\t\t\t\t<\/div>\n\t\t\t\t<div class=\"elementor-element elementor-element-a4072d8 elementor-widget elementor-widget-image\" data-id=\"a4072d8\" data-element_type=\"widget\" data-widget_type=\"image.default\">\n\t\t\t\t<div class=\"elementor-widget-container\">\n\t\t\t<style>\/*! elementor - v3.11.5 - 14-03-2023 *\/\n.elementor-widget-image{text-align:center}.elementor-widget-image a{display:inline-block}.elementor-widget-image a img[src$=\".svg\"]{width:48px}.elementor-widget-image img{vertical-align:middle;display:inline-block}<\/style>\t\t\t\t\t\t\t\t\t\t\t\t\t<a href=\"https:\/\/good-start.eu\/wp-content\/uploads\/2024\/07\/PL-DigitalHygieneHandbookForStartups.pdf\" target=\"_blank\">\n\t\t\t\t\t\t\t<img loading=\"lazy\" decoding=\"async\" width=\"791\" height=\"1024\" src=\"https:\/\/good-start.eu\/wp-content\/uploads\/2024\/07\/PL-DigitalHygieneHandbookForStartupsP1.jpg\" class=\"attachment-large size-large wp-image-422\" alt=\"\" srcset=\"https:\/\/good-start.eu\/wp-content\/uploads\/2024\/07\/PL-DigitalHygieneHandbookForStartupsP1.jpg 1241w, https:\/\/good-start.eu\/wp-content\/uploads\/2024\/07\/PL-DigitalHygieneHandbookForStartupsP1-212x300.jpg 212w, https:\/\/good-start.eu\/wp-content\/uploads\/2024\/07\/PL-DigitalHygieneHandbookForStartupsP1-724x1024.jpg 724w, https:\/\/good-start.eu\/wp-content\/uploads\/2024\/07\/PL-DigitalHygieneHandbookForStartupsP1-768x1086.jpg 768w, https:\/\/good-start.eu\/wp-content\/uploads\/2024\/07\/PL-DigitalHygieneHandbookForStartupsP1-1086x1536.jpg 1086w, https:\/\/good-start.eu\/wp-content\/uploads\/2024\/07\/PL-DigitalHygieneHandbookForStartupsP1-8x12.jpg 8w\" sizes=\"(max-width: 791px) 100vw, 791px\" \/>\t\t\t\t\t\t\t\t<\/a>\n\t\t\t\t\t\t\t\t\t\t\t\t\t\t\t<\/div>\n\t\t\t\t<\/div>\n\t\t\t\t\t<\/div>\n\t\t<\/div>\n\t\t\t\t<div class=\"elementor-column elementor-col-50 elementor-top-column elementor-element elementor-element-bc2c939\" data-id=\"bc2c939\" data-element_type=\"column\">\n\t\t\t<div class=\"elementor-widget-wrap elementor-element-populated\">\n\t\t\t\t\t\t\t\t<div class=\"elementor-element elementor-element-60a7d7f elementor-widget elementor-widget-heading\" data-id=\"60a7d7f\" data-element_type=\"widget\" data-widget_type=\"heading.default\">\n\t\t\t\t<div class=\"elementor-widget-container\">\n\t\t\t<h3 class=\"elementor-heading-title elementor-size-default\">Higiena cyfrowa: Podr\u0119cznik dla VET  <\/h3>\t\t<\/div>\n\t\t\t\t<\/div>\n\t\t\t\t<div class=\"elementor-element elementor-element-acd2402 elementor-widget elementor-widget-image\" data-id=\"acd2402\" data-element_type=\"widget\" data-widget_type=\"image.default\">\n\t\t\t\t<div class=\"elementor-widget-container\">\n\t\t\t\t\t\t\t\t\t\t\t\t\t\t\t\t<a href=\"https:\/\/good-start.eu\/wp-content\/uploads\/2024\/07\/DigitalHygieneHandbookfor-VETsPL.pdf\" target=\"_blank\">\n\t\t\t\t\t\t\t<img loading=\"lazy\" decoding=\"async\" width=\"791\" height=\"1024\" src=\"https:\/\/good-start.eu\/wp-content\/uploads\/2024\/07\/DigitalHygieneHandbookfor-VETsPLP1.jpg\" class=\"attachment-large size-large wp-image-421\" alt=\"\" srcset=\"https:\/\/good-start.eu\/wp-content\/uploads\/2024\/07\/DigitalHygieneHandbookfor-VETsPLP1.jpg 1241w, https:\/\/good-start.eu\/wp-content\/uploads\/2024\/07\/DigitalHygieneHandbookfor-VETsPLP1-212x300.jpg 212w, https:\/\/good-start.eu\/wp-content\/uploads\/2024\/07\/DigitalHygieneHandbookfor-VETsPLP1-724x1024.jpg 724w, https:\/\/good-start.eu\/wp-content\/uploads\/2024\/07\/DigitalHygieneHandbookfor-VETsPLP1-768x1086.jpg 768w, https:\/\/good-start.eu\/wp-content\/uploads\/2024\/07\/DigitalHygieneHandbookfor-VETsPLP1-1086x1536.jpg 1086w, https:\/\/good-start.eu\/wp-content\/uploads\/2024\/07\/DigitalHygieneHandbookfor-VETsPLP1-8x12.jpg 8w\" sizes=\"(max-width: 791px) 100vw, 791px\" \/>\t\t\t\t\t\t\t\t<\/a>\n\t\t\t\t\t\t\t\t\t\t\t\t\t\t\t<\/div>\n\t\t\t\t<\/div>\n\t\t\t\t\t<\/div>\n\t\t<\/div>\n\t\t\t\t\t\t\t<\/div>\n\t\t<\/section>\n\t\t\t\t\t\t\t<\/div>","protected":false},"excerpt":{"rendered":"<p>Digital Hygiene Handbooks What is Digital Hygiene? Why Digital Hygiene is so important for the sustainable growth and success of organizations? How startups and VET institutions can develop a robust Digital Hygiene framework?Which are the best tools to develop good Digital Hygiene and the best way to integrate them into the daily routines? Too many &hellip;<\/p>\n<p class=\"read-more\"> <a class=\"\" href=\"https:\/\/good-start.eu\/pl\/handbooks\/\"> <span class=\"screen-reader-text\">Podr\u0119czniki<\/span> Read More &raquo;<\/a><\/p>","protected":false},"author":2,"featured_media":0,"parent":0,"menu_order":0,"comment_status":"closed","ping_status":"closed","template":"","meta":{"site-sidebar-layout":"no-sidebar","site-content-layout":"page-builder","ast-global-header-display":"","ast-main-header-display":"","ast-hfb-above-header-display":"","ast-hfb-below-header-display":"","ast-hfb-mobile-header-display":"","site-post-title":"disabled","ast-breadcrumbs-content":"","ast-featured-img":"disabled","footer-sml-layout":"","theme-transparent-header-meta":"","adv-header-id-meta":"","stick-header-meta":"","header-above-stick-meta":"","header-main-stick-meta":"","header-below-stick-meta":"","footnotes":""},"_links":{"self":[{"href":"https:\/\/good-start.eu\/pl\/wp-json\/wp\/v2\/pages\/410"}],"collection":[{"href":"https:\/\/good-start.eu\/pl\/wp-json\/wp\/v2\/pages"}],"about":[{"href":"https:\/\/good-start.eu\/pl\/wp-json\/wp\/v2\/types\/page"}],"author":[{"embeddable":true,"href":"https:\/\/good-start.eu\/pl\/wp-json\/wp\/v2\/users\/2"}],"replies":[{"embeddable":true,"href":"https:\/\/good-start.eu\/pl\/wp-json\/wp\/v2\/comments?post=410"}],"version-history":[{"count":8,"href":"https:\/\/good-start.eu\/pl\/wp-json\/wp\/v2\/pages\/410\/revisions"}],"predecessor-version":[{"id":430,"href":"https:\/\/good-start.eu\/pl\/wp-json\/wp\/v2\/pages\/410\/revisions\/430"}],"wp:attachment":[{"href":"https:\/\/good-start.eu\/pl\/wp-json\/wp\/v2\/media?parent=410"}],"curies":[{"name":"wp","href":"https:\/\/api.w.org\/{rel}","templated":true}]}}