{"id":96,"date":"2023-01-26T10:26:11","date_gmt":"2023-01-26T10:26:11","guid":{"rendered":"https:\/\/good-start.eu\/?page_id=96"},"modified":"2023-03-27T11:41:39","modified_gmt":"2023-03-27T11:41:39","slug":"about-the-good-start-project","status":"publish","type":"page","link":"https:\/\/good-start.eu\/pl\/about-the-good-start-project\/","title":{"rendered":"O nas"},"content":{"rendered":"<div data-elementor-type=\"wp-page\" data-elementor-id=\"96\" class=\"elementor elementor-96\">\n\t\t\t\t\t\t\t\t\t<section class=\"elementor-section elementor-top-section elementor-element elementor-element-b16e975 elementor-section-boxed elementor-section-height-default elementor-section-height-default\" data-id=\"b16e975\" data-element_type=\"section\" data-settings=\"{&quot;background_background&quot;:&quot;gradient&quot;}\">\n\t\t\t\t\t\t<div class=\"elementor-container elementor-column-gap-default\">\n\t\t\t\t\t<div class=\"elementor-column elementor-col-100 elementor-top-column elementor-element elementor-element-d54ba02\" data-id=\"d54ba02\" data-element_type=\"column\">\n\t\t\t<div class=\"elementor-widget-wrap elementor-element-populated\">\n\t\t\t\t\t\t\t\t<section class=\"elementor-section elementor-inner-section elementor-element elementor-element-7d55845 elementor-section-boxed elementor-section-height-default elementor-section-height-default\" data-id=\"7d55845\" data-element_type=\"section\">\n\t\t\t\t\t\t<div class=\"elementor-container elementor-column-gap-default\">\n\t\t\t\t\t<div class=\"elementor-column elementor-col-50 elementor-inner-column elementor-element elementor-element-bf4d7bc\" data-id=\"bf4d7bc\" data-element_type=\"column\">\n\t\t\t<div class=\"elementor-widget-wrap elementor-element-populated\">\n\t\t\t\t\t\t\t\t<div class=\"elementor-element elementor-element-7f011d2 elementor-widget elementor-widget-heading\" data-id=\"7f011d2\" data-element_type=\"widget\" data-widget_type=\"heading.default\">\n\t\t\t\t<div class=\"elementor-widget-container\">\n\t\t\t<style>\/*! elementor - v3.11.5 - 14-03-2023 *\/\n.elementor-heading-title{padding:0;margin:0;line-height:1}.elementor-widget-heading .elementor-heading-title[class*=elementor-size-]>a{color:inherit;font-size:inherit;line-height:inherit}.elementor-widget-heading .elementor-heading-title.elementor-size-small{font-size:15px}.elementor-widget-heading .elementor-heading-title.elementor-size-medium{font-size:19px}.elementor-widget-heading .elementor-heading-title.elementor-size-large{font-size:29px}.elementor-widget-heading .elementor-heading-title.elementor-size-xl{font-size:39px}.elementor-widget-heading .elementor-heading-title.elementor-size-xxl{font-size:59px}<\/style><h2 class=\"elementor-heading-title elementor-size-default\">Informacje o projekcie Dobry start<\/h2>\t\t<\/div>\n\t\t\t\t<\/div>\n\t\t\t\t<div class=\"elementor-element elementor-element-c6850d3 elementor-widget elementor-widget-heading\" data-id=\"c6850d3\" data-element_type=\"widget\" data-widget_type=\"heading.default\">\n\t\t\t\t<div class=\"elementor-widget-container\">\n\t\t\t<h3 class=\"elementor-heading-title elementor-size-default\">Nale\u017cyta higiena cyfrowa dla startup\u00f3w<\/h3>\t\t<\/div>\n\t\t\t\t<\/div>\n\t\t\t\t\t<\/div>\n\t\t<\/div>\n\t\t\t\t<div class=\"elementor-column elementor-col-50 elementor-inner-column elementor-element elementor-element-30e81b4\" data-id=\"30e81b4\" data-element_type=\"column\">\n\t\t\t<div class=\"elementor-widget-wrap elementor-element-populated\">\n\t\t\t\t\t\t\t\t<div class=\"elementor-element elementor-element-d452534 elementor-widget elementor-widget-image\" data-id=\"d452534\" data-element_type=\"widget\" data-widget_type=\"image.default\">\n\t\t\t\t<div class=\"elementor-widget-container\">\n\t\t\t<style>\/*! elementor - v3.11.5 - 14-03-2023 *\/\n.elementor-widget-image{text-align:center}.elementor-widget-image a{display:inline-block}.elementor-widget-image a img[src$=\".svg\"]{width:48px}.elementor-widget-image img{vertical-align:middle;display:inline-block}<\/style>\t\t\t\t\t\t\t\t\t\t\t\t<img loading=\"lazy\" decoding=\"async\" width=\"768\" height=\"768\" src=\"https:\/\/good-start.eu\/wp-content\/uploads\/2023\/01\/AboutHero-768x768.png\" class=\"attachment-medium_large size-medium_large wp-image-98\" alt=\"\" srcset=\"https:\/\/good-start.eu\/wp-content\/uploads\/2023\/01\/AboutHero-768x768.png 768w, https:\/\/good-start.eu\/wp-content\/uploads\/2023\/01\/AboutHero-300x300.png 300w, https:\/\/good-start.eu\/wp-content\/uploads\/2023\/01\/AboutHero-1024x1024.png 1024w, https:\/\/good-start.eu\/wp-content\/uploads\/2023\/01\/AboutHero-150x150.png 150w, https:\/\/good-start.eu\/wp-content\/uploads\/2023\/01\/AboutHero.png 1080w\" sizes=\"(max-width: 768px) 100vw, 768px\" \/>\t\t\t\t\t\t\t\t\t\t\t\t\t\t\t<\/div>\n\t\t\t\t<\/div>\n\t\t\t\t\t<\/div>\n\t\t<\/div>\n\t\t\t\t\t\t\t<\/div>\n\t\t<\/section>\n\t\t\t\t\t<\/div>\n\t\t<\/div>\n\t\t\t\t\t\t\t<\/div>\n\t\t<\/section>\n\t\t\t\t<section class=\"elementor-section elementor-top-section elementor-element elementor-element-265c6b6 elementor-section-boxed elementor-section-height-default elementor-section-height-default\" data-id=\"265c6b6\" data-element_type=\"section\">\n\t\t\t\t\t\t<div class=\"elementor-container elementor-column-gap-default\">\n\t\t\t\t\t<div class=\"elementor-column elementor-col-100 elementor-top-column elementor-element elementor-element-6a00ea3\" data-id=\"6a00ea3\" data-element_type=\"column\" data-settings=\"{&quot;background_background&quot;:&quot;classic&quot;}\">\n\t\t\t<div class=\"elementor-widget-wrap elementor-element-populated\">\n\t\t\t\t\t\t\t\t<div class=\"elementor-element elementor-element-54013a7 elementor-widget elementor-widget-text-editor\" data-id=\"54013a7\" data-element_type=\"widget\" data-widget_type=\"text-editor.default\">\n\t\t\t\t<div class=\"elementor-widget-container\">\n\t\t\t<style>\/*! elementor - v3.11.5 - 14-03-2023 *\/\n.elementor-widget-text-editor.elementor-drop-cap-view-stacked .elementor-drop-cap{background-color:#818a91;color:#fff}.elementor-widget-text-editor.elementor-drop-cap-view-framed .elementor-drop-cap{color:#818a91;border:3px solid;background-color:transparent}.elementor-widget-text-editor:not(.elementor-drop-cap-view-default) .elementor-drop-cap{margin-top:8px}.elementor-widget-text-editor:not(.elementor-drop-cap-view-default) .elementor-drop-cap-letter{width:1em;height:1em}.elementor-widget-text-editor .elementor-drop-cap{float:left;text-align:center;line-height:1;font-size:50px}.elementor-widget-text-editor .elementor-drop-cap-letter{display:inline-block}<\/style>\t\t\t\t<p>Higiena cyfrowa powinna by\u0107 priorytetem dla wszystkich firm i instytucji edukacyjnych, bez wzgl\u0119du na ich wielko\u015b\u0107. Jednak dla ma\u0142ych i \u015brednich przedsi\u0119biorstw, startup\u00f3w czy instytucji edukacyjnych korzystanie z odpowiednich narz\u0119dzi i najlepszych praktyk higieny cyfrowej w dzisiejszych czasach nie jest standardem, ale prac\u0105 w toku.<\/p>\t\t\t\t\t\t<\/div>\n\t\t\t\t<\/div>\n\t\t\t\t\t<\/div>\n\t\t<\/div>\n\t\t\t\t\t\t\t<\/div>\n\t\t<\/section>\n\t\t\t\t<section class=\"elementor-section elementor-top-section elementor-element elementor-element-f2d989e elementor-section-boxed elementor-section-height-default elementor-section-height-default\" data-id=\"f2d989e\" data-element_type=\"section\">\n\t\t\t\t\t\t<div class=\"elementor-container elementor-column-gap-default\">\n\t\t\t\t\t<div class=\"elementor-column elementor-col-100 elementor-top-column elementor-element elementor-element-52fd820\" data-id=\"52fd820\" data-element_type=\"column\">\n\t\t\t<div class=\"elementor-widget-wrap elementor-element-populated\">\n\t\t\t\t\t\t\t\t<div class=\"elementor-element elementor-element-abc3d20 elementor-widget elementor-widget-heading\" data-id=\"abc3d20\" data-element_type=\"widget\" data-widget_type=\"heading.default\">\n\t\t\t\t<div class=\"elementor-widget-container\">\n\t\t\t<h3 class=\"elementor-heading-title elementor-size-default\">Czym jest higiena cyfrowa i jak wp\u0142ywa na nasze codzienne i zawodowe dzia\u0142ania? Dlaczego higiena cyfrowa powinna by\u0107 priorytetem?<\/h3>\t\t<\/div>\n\t\t\t\t<\/div>\n\t\t\t\t<div class=\"elementor-element elementor-element-0a48160 elementor-widget elementor-widget-text-editor\" data-id=\"0a48160\" data-element_type=\"widget\" data-widget_type=\"text-editor.default\">\n\t\t\t\t<div class=\"elementor-widget-container\">\n\t\t\t\t\t\t\t<p>Higiena cyfrowa lub higiena cybernetyczna odnosi si\u0119 do zestawu wytycznych i najlepszych praktyk, kt\u00f3re pomagaj\u0105 ludziom w utrzymaniu bezpiecze\u0144stwa ich dzia\u0142a\u0144 cyfrowych. Jeste\u015bmy odpowiedzialni za stworzenie \u015brodowiska cyfrowego, kt\u00f3re chroni nasze dane i urz\u0105dzenia.<\/p><p class=\" translation-block\"><strong>Projekt Dobry Start<\/strong> nauczy startupy korzy\u015bci p\u0142yn\u0105cych z posiadania regularnego programu higieny cyfrowej dla swoich system\u00f3w i oprogramowania z dw\u00f3ch powod\u00f3w: <strong>konserwacji i bezpiecze\u0144stwa<\/strong>.<\/p>\t\t\t\t\t\t<\/div>\n\t\t\t\t<\/div>\n\t\t\t\t\t<\/div>\n\t\t<\/div>\n\t\t\t\t\t\t\t<\/div>\n\t\t<\/section>\n\t\t\t\t<section class=\"elementor-section elementor-top-section elementor-element elementor-element-244948e elementor-section-boxed elementor-section-height-default elementor-section-height-default\" data-id=\"244948e\" data-element_type=\"section\">\n\t\t\t\t\t\t<div class=\"elementor-container elementor-column-gap-default\">\n\t\t\t\t\t<div class=\"elementor-column elementor-col-100 elementor-top-column elementor-element elementor-element-ff54e0d\" data-id=\"ff54e0d\" data-element_type=\"column\">\n\t\t\t<div class=\"elementor-widget-wrap elementor-element-populated\">\n\t\t\t\t\t\t\t\t<div class=\"elementor-element elementor-element-5c54ebf elementor-widget elementor-widget-heading\" data-id=\"5c54ebf\" data-element_type=\"widget\" data-widget_type=\"heading.default\">\n\t\t\t\t<div class=\"elementor-widget-container\">\n\t\t\t<h3 class=\"elementor-heading-title elementor-size-default\">Cele i rezultaty projektu<\/h3>\t\t<\/div>\n\t\t\t\t<\/div>\n\t\t\t\t<section class=\"elementor-section elementor-inner-section elementor-element elementor-element-90ad6df elementor-section-boxed elementor-section-height-default elementor-section-height-default\" data-id=\"90ad6df\" data-element_type=\"section\">\n\t\t\t\t\t\t<div class=\"elementor-container elementor-column-gap-default\">\n\t\t\t\t\t<div class=\"elementor-column elementor-col-50 elementor-inner-column elementor-element elementor-element-14ffb71\" data-id=\"14ffb71\" data-element_type=\"column\" data-settings=\"{&quot;background_background&quot;:&quot;classic&quot;}\">\n\t\t\t<div class=\"elementor-widget-wrap elementor-element-populated\">\n\t\t\t\t\t\t\t\t<div class=\"elementor-element elementor-element-5c73562 elementor-widget elementor-widget-text-editor\" data-id=\"5c73562\" data-element_type=\"widget\" data-widget_type=\"text-editor.default\">\n\t\t\t\t<div class=\"elementor-widget-container\">\n\t\t\t\t\t\t\t<p>Cel 1: Projekt Dobry Start ma na celu zmierzenie zachowa\u0144 higienicznych startup\u00f3w i ma\u0142ych firm za pomoc\u0105 ustandaryzowanego podej\u015bcia.<\/p>\t\t\t\t\t\t<\/div>\n\t\t\t\t<\/div>\n\t\t\t\t\t<\/div>\n\t\t<\/div>\n\t\t\t\t<div class=\"elementor-column elementor-col-50 elementor-inner-column elementor-element elementor-element-6b5cd48\" data-id=\"6b5cd48\" data-element_type=\"column\">\n\t\t\t<div class=\"elementor-widget-wrap\">\n\t\t\t\t\t\t\t\t\t<\/div>\n\t\t<\/div>\n\t\t\t\t\t\t\t<\/div>\n\t\t<\/section>\n\t\t\t\t<section class=\"elementor-section elementor-inner-section elementor-element elementor-element-e50a87d elementor-section-boxed elementor-section-height-default elementor-section-height-default\" data-id=\"e50a87d\" data-element_type=\"section\">\n\t\t\t\t\t\t<div class=\"elementor-container elementor-column-gap-default\">\n\t\t\t\t\t<div class=\"elementor-column elementor-col-50 elementor-inner-column elementor-element elementor-element-e6d0954\" data-id=\"e6d0954\" data-element_type=\"column\" data-settings=\"{&quot;background_background&quot;:&quot;classic&quot;}\">\n\t\t\t<div class=\"elementor-widget-wrap elementor-element-populated\">\n\t\t\t\t\t\t\t\t<div class=\"elementor-element elementor-element-32f01ed elementor-widget elementor-widget-text-editor\" data-id=\"32f01ed\" data-element_type=\"widget\" data-widget_type=\"text-editor.default\">\n\t\t\t\t<div class=\"elementor-widget-container\">\n\t\t\t\t\t\t\t<p>Rezultat 1: \"Index Zachowa\u0144 zwi\u0105zanych z Higien\u0105 Cyfrow\u0105\u201d dla startup\u00f3w i ma\u0142ych firm.<\/p>\t\t\t\t\t\t<\/div>\n\t\t\t\t<\/div>\n\t\t\t\t\t<\/div>\n\t\t<\/div>\n\t\t\t\t<div class=\"elementor-column elementor-col-50 elementor-inner-column elementor-element elementor-element-a00bacb\" data-id=\"a00bacb\" data-element_type=\"column\">\n\t\t\t<div class=\"elementor-widget-wrap\">\n\t\t\t\t\t\t\t\t\t<\/div>\n\t\t<\/div>\n\t\t\t\t\t\t\t<\/div>\n\t\t<\/section>\n\t\t\t\t<section class=\"elementor-section elementor-inner-section elementor-element elementor-element-dfe16e2 elementor-section-boxed elementor-section-height-default elementor-section-height-default\" data-id=\"dfe16e2\" data-element_type=\"section\">\n\t\t\t\t\t\t<div class=\"elementor-container elementor-column-gap-default\">\n\t\t\t\t\t<div class=\"elementor-column elementor-col-50 elementor-inner-column elementor-element elementor-element-979d805\" data-id=\"979d805\" data-element_type=\"column\">\n\t\t\t<div class=\"elementor-widget-wrap\">\n\t\t\t\t\t\t\t\t\t<\/div>\n\t\t<\/div>\n\t\t\t\t<div class=\"elementor-column elementor-col-50 elementor-inner-column elementor-element elementor-element-d7b8913\" data-id=\"d7b8913\" data-element_type=\"column\" data-settings=\"{&quot;background_background&quot;:&quot;classic&quot;}\">\n\t\t\t<div class=\"elementor-widget-wrap elementor-element-populated\">\n\t\t\t\t\t\t\t\t<div class=\"elementor-element elementor-element-63f14f5 elementor-widget elementor-widget-text-editor\" data-id=\"63f14f5\" data-element_type=\"widget\" data-widget_type=\"text-editor.default\">\n\t\t\t\t<div class=\"elementor-widget-container\">\n\t\t\t\t\t\t\t<p>Cel 2: Projekt Dobry Start ma na celu zapewnienie spersonalizowanych materia\u0142\u00f3w szkoleniowych zar\u00f3wno dla startup\u00f3w, jak i organizator\u00f3w\/instytucji kszta\u0142cenia i szkolenia zawodowego.<\/p>\t\t\t\t\t\t<\/div>\n\t\t\t\t<\/div>\n\t\t\t\t\t<\/div>\n\t\t<\/div>\n\t\t\t\t\t\t\t<\/div>\n\t\t<\/section>\n\t\t\t\t<section class=\"elementor-section elementor-inner-section elementor-element elementor-element-7e44ee2 elementor-section-boxed elementor-section-height-default elementor-section-height-default\" data-id=\"7e44ee2\" data-element_type=\"section\">\n\t\t\t\t\t\t<div class=\"elementor-container elementor-column-gap-default\">\n\t\t\t\t\t<div class=\"elementor-column elementor-col-50 elementor-inner-column elementor-element elementor-element-bfcbef2\" data-id=\"bfcbef2\" data-element_type=\"column\">\n\t\t\t<div class=\"elementor-widget-wrap\">\n\t\t\t\t\t\t\t\t\t<\/div>\n\t\t<\/div>\n\t\t\t\t<div class=\"elementor-column elementor-col-50 elementor-inner-column elementor-element elementor-element-45f5350\" data-id=\"45f5350\" data-element_type=\"column\" data-settings=\"{&quot;background_background&quot;:&quot;classic&quot;}\">\n\t\t\t<div class=\"elementor-widget-wrap elementor-element-populated\">\n\t\t\t\t\t\t\t\t<div class=\"elementor-element elementor-element-a71088f elementor-widget elementor-widget-text-editor\" data-id=\"a71088f\" data-element_type=\"widget\" data-widget_type=\"text-editor.default\">\n\t\t\t\t<div class=\"elementor-widget-container\">\n\t\t\t\t\t\t\t<p>Rezultat 2: \"Podr\u0119cznik dla startup\u00f3w i organizator\u00f3w\/instytucji kszta\u0142cenia i szkolenia zawodowego\", kt\u00f3ry przedstawi modu\u0142y szkoleniowe jako podr\u0119cznik dla startup\u00f3w oraz instytucji i organizator\u00f3w kszta\u0142cenia i szkolenia zawodowego.<\/p>\t\t\t\t\t\t<\/div>\n\t\t\t\t<\/div>\n\t\t\t\t\t<\/div>\n\t\t<\/div>\n\t\t\t\t\t\t\t<\/div>\n\t\t<\/section>\n\t\t\t\t<section class=\"elementor-section elementor-inner-section elementor-element elementor-element-074717e elementor-section-boxed elementor-section-height-default elementor-section-height-default\" data-id=\"074717e\" data-element_type=\"section\">\n\t\t\t\t\t\t<div class=\"elementor-container elementor-column-gap-default\">\n\t\t\t\t\t<div class=\"elementor-column elementor-col-50 elementor-inner-column elementor-element elementor-element-ff8f69b\" data-id=\"ff8f69b\" data-element_type=\"column\" data-settings=\"{&quot;background_background&quot;:&quot;classic&quot;}\">\n\t\t\t<div class=\"elementor-widget-wrap elementor-element-populated\">\n\t\t\t\t\t\t\t\t<div class=\"elementor-element elementor-element-76ce09c elementor-widget elementor-widget-text-editor\" data-id=\"76ce09c\" data-element_type=\"widget\" data-widget_type=\"text-editor.default\">\n\t\t\t\t<div class=\"elementor-widget-container\">\n\t\t\t\t\t\t\t<p>Cel 3: Projekt ma na celu zapewnienie wysokiej jako\u015bci i terminowych reakcji edukacyjnych i szkoleniowych na zmieniaj\u0105ce si\u0119 potrzeby przedsi\u0119biorstw i umiej\u0119tno\u015bci.<\/p>\t\t\t\t\t\t<\/div>\n\t\t\t\t<\/div>\n\t\t\t\t\t<\/div>\n\t\t<\/div>\n\t\t\t\t<div class=\"elementor-column elementor-col-50 elementor-inner-column elementor-element elementor-element-6e9cbd2\" data-id=\"6e9cbd2\" data-element_type=\"column\">\n\t\t\t<div class=\"elementor-widget-wrap\">\n\t\t\t\t\t\t\t\t\t<\/div>\n\t\t<\/div>\n\t\t\t\t\t\t\t<\/div>\n\t\t<\/section>\n\t\t\t\t<section class=\"elementor-section elementor-inner-section elementor-element elementor-element-d73b01e elementor-section-boxed elementor-section-height-default elementor-section-height-default\" data-id=\"d73b01e\" data-element_type=\"section\">\n\t\t\t\t\t\t<div class=\"elementor-container elementor-column-gap-default\">\n\t\t\t\t\t<div class=\"elementor-column elementor-col-50 elementor-inner-column elementor-element elementor-element-36d7501\" data-id=\"36d7501\" data-element_type=\"column\" data-settings=\"{&quot;background_background&quot;:&quot;classic&quot;}\">\n\t\t\t<div class=\"elementor-widget-wrap elementor-element-populated\">\n\t\t\t\t\t\t\t\t<div class=\"elementor-element elementor-element-a825c80 elementor-widget elementor-widget-text-editor\" data-id=\"a825c80\" data-element_type=\"widget\" data-widget_type=\"text-editor.default\">\n\t\t\t\t<div class=\"elementor-widget-container\">\n\t\t\t\t\t\t\t<p>Rezultat 3: \"Platforma OZE i cyfrowe narz\u0119dzie do oceny higieny\". Ta platforma i narz\u0119dzie opisze podstawowe i zaawansowane kwalifikacje wdro\u017ceniowe startup\u00f3w w zakresie higieny cyfrowej.<\/p>\t\t\t\t\t\t<\/div>\n\t\t\t\t<\/div>\n\t\t\t\t\t<\/div>\n\t\t<\/div>\n\t\t\t\t<div class=\"elementor-column elementor-col-50 elementor-inner-column elementor-element elementor-element-7aa8df3\" data-id=\"7aa8df3\" data-element_type=\"column\">\n\t\t\t<div class=\"elementor-widget-wrap\">\n\t\t\t\t\t\t\t\t\t<\/div>\n\t\t<\/div>\n\t\t\t\t\t\t\t<\/div>\n\t\t<\/section>\n\t\t\t\t\t<\/div>\n\t\t<\/div>\n\t\t\t\t\t\t\t<\/div>\n\t\t<\/section>\n\t\t\t\t<section class=\"elementor-section elementor-top-section elementor-element elementor-element-3384229 elementor-section-boxed elementor-section-height-default elementor-section-height-default\" data-id=\"3384229\" data-element_type=\"section\">\n\t\t\t\t\t\t<div class=\"elementor-container elementor-column-gap-default\">\n\t\t\t\t\t<div class=\"elementor-column elementor-col-100 elementor-top-column elementor-element elementor-element-0a767d3\" data-id=\"0a767d3\" data-element_type=\"column\" data-settings=\"{&quot;background_background&quot;:&quot;classic&quot;}\">\n\t\t\t<div class=\"elementor-widget-wrap elementor-element-populated\">\n\t\t\t\t\t\t\t\t<div class=\"elementor-element elementor-element-7a7a0a1 elementor-widget elementor-widget-heading\" data-id=\"7a7a0a1\" data-element_type=\"widget\" data-widget_type=\"heading.default\">\n\t\t\t\t<div class=\"elementor-widget-container\">\n\t\t\t<h3 class=\"elementor-heading-title elementor-size-default\">Grupa docelowa<\/h3>\t\t<\/div>\n\t\t\t\t<\/div>\n\t\t\t\t<div class=\"elementor-element elementor-element-324be80 elementor-widget elementor-widget-text-editor\" data-id=\"324be80\" data-element_type=\"widget\" data-widget_type=\"text-editor.default\">\n\t\t\t\t<div class=\"elementor-widget-container\">\n\t\t\t\t\t\t\t<p>Podstawowe grupy docelowe projektu Dobry Start mo\u017cna zdefiniowa\u0107 w dw\u00f3ch grupach:<\/p><ol><li>Pierwsza grupa: w\u0142a\u015bciciele startup\u00f3w i mened\u017cerowie lub pracownicy startup\u00f3w, kt\u00f3rych celem jest kszta\u0142towanie codziennej rutyny w odniesieniu do wymaga\u0144 i potrzeb higieny cyfrowej.<\/li><li>Druga grupa: osoby nadzoruj\u0105ce, mened\u017cerowie i pracodawcy w du\u017cych przedsi\u0119biorstwach w krajach partnerskich, instytucje szkolnictwa wy\u017cszego, biura transferu technologii (TTO), parki technologiczne, trenerzy kszta\u0142cenia i szkolenia zawodowego, organizatorzy kszta\u0142cenia i szkolenia zawodowego oraz pracownicy akademiccy zainteresowani nabyciem kompetencji na potrzeby kadry kierowniczej lub kadry szkoleniowej lub student\u00f3w\/absolwent\u00f3w w krajach partnerskich, M\u015aP dzia\u0142aj\u0105ce we wszystkich sektorach i zainteresowane podnoszeniem kompetencji i technik w zakresie higieny cyfrowej,  osoby zainteresowane wykorzystaniem wynik\u00f3w projektu, osoby i organizacje (partnerzy stowarzyszeni) zdolne do rozpowszechniania wynik\u00f3w projektu i wspierania zr\u00f3wnowa\u017conego rozwoju, decydenci lub w\u0142adze publiczne zdolne do wprowadzenia projektu na poziomie systemowym.<\/li><\/ol>\t\t\t\t\t\t<\/div>\n\t\t\t\t<\/div>\n\t\t\t\t\t<\/div>\n\t\t<\/div>\n\t\t\t\t\t\t\t<\/div>\n\t\t<\/section>\n\t\t\t\t<section class=\"elementor-section elementor-top-section elementor-element elementor-element-f334dc5 elementor-section-boxed elementor-section-height-default elementor-section-height-default\" data-id=\"f334dc5\" data-element_type=\"section\">\n\t\t\t\t\t\t<div class=\"elementor-container elementor-column-gap-default\">\n\t\t\t\t\t<div class=\"elementor-column elementor-col-100 elementor-top-column elementor-element elementor-element-681f2b5\" data-id=\"681f2b5\" data-element_type=\"column\">\n\t\t\t<div class=\"elementor-widget-wrap\">\n\t\t\t\t\t\t\t\t\t<\/div>\n\t\t<\/div>\n\t\t\t\t\t\t\t<\/div>\n\t\t<\/section>\n\t\t\t\t\t\t\t<\/div>","protected":false},"excerpt":{"rendered":"<p>About the Good Start Project Good Digital Hygiene for Startups Digital Hygiene should be a priority for all businesses and educational institutions, no matter their size. But for small and medium enterprises, startups or educational institutions using the right tools and the best Digital Hygiene practices nowadays are not the standard, but a work in &hellip;<\/p>\n<p class=\"read-more\"> <a class=\"\" href=\"https:\/\/good-start.eu\/pl\/about-the-good-start-project\/\"> <span class=\"screen-reader-text\">O nas<\/span> Read More &raquo;<\/a><\/p>","protected":false},"author":2,"featured_media":0,"parent":0,"menu_order":0,"comment_status":"closed","ping_status":"closed","template":"","meta":{"site-sidebar-layout":"no-sidebar","site-content-layout":"page-builder","ast-global-header-display":"","ast-main-header-display":"","ast-hfb-above-header-display":"","ast-hfb-below-header-display":"","ast-hfb-mobile-header-display":"","site-post-title":"disabled","ast-breadcrumbs-content":"","ast-featured-img":"disabled","footer-sml-layout":"","theme-transparent-header-meta":"","adv-header-id-meta":"","stick-header-meta":"","header-above-stick-meta":"","header-main-stick-meta":"","header-below-stick-meta":"","footnotes":""},"_links":{"self":[{"href":"https:\/\/good-start.eu\/pl\/wp-json\/wp\/v2\/pages\/96"}],"collection":[{"href":"https:\/\/good-start.eu\/pl\/wp-json\/wp\/v2\/pages"}],"about":[{"href":"https:\/\/good-start.eu\/pl\/wp-json\/wp\/v2\/types\/page"}],"author":[{"embeddable":true,"href":"https:\/\/good-start.eu\/pl\/wp-json\/wp\/v2\/users\/2"}],"replies":[{"embeddable":true,"href":"https:\/\/good-start.eu\/pl\/wp-json\/wp\/v2\/comments?post=96"}],"version-history":[{"count":15,"href":"https:\/\/good-start.eu\/pl\/wp-json\/wp\/v2\/pages\/96\/revisions"}],"predecessor-version":[{"id":247,"href":"https:\/\/good-start.eu\/pl\/wp-json\/wp\/v2\/pages\/96\/revisions\/247"}],"wp:attachment":[{"href":"https:\/\/good-start.eu\/pl\/wp-json\/wp\/v2\/media?parent=96"}],"curies":[{"name":"wp","href":"https:\/\/api.w.org\/{rel}","templated":true}]}}