{"id":96,"date":"2023-01-26T10:26:11","date_gmt":"2023-01-26T10:26:11","guid":{"rendered":"https:\/\/good-start.eu\/?page_id=96"},"modified":"2023-03-27T11:41:39","modified_gmt":"2023-03-27T11:41:39","slug":"about-the-good-start-project","status":"publish","type":"page","link":"https:\/\/good-start.eu\/ro\/about-the-good-start-project\/","title":{"rendered":"Despre"},"content":{"rendered":"<div data-elementor-type=\"wp-page\" data-elementor-id=\"96\" class=\"elementor elementor-96\">\n\t\t\t\t\t\t\t\t\t<section class=\"elementor-section elementor-top-section elementor-element elementor-element-b16e975 elementor-section-boxed elementor-section-height-default elementor-section-height-default\" data-id=\"b16e975\" data-element_type=\"section\" data-settings=\"{&quot;background_background&quot;:&quot;gradient&quot;}\">\n\t\t\t\t\t\t<div class=\"elementor-container elementor-column-gap-default\">\n\t\t\t\t\t<div class=\"elementor-column elementor-col-100 elementor-top-column elementor-element elementor-element-d54ba02\" data-id=\"d54ba02\" data-element_type=\"column\">\n\t\t\t<div class=\"elementor-widget-wrap elementor-element-populated\">\n\t\t\t\t\t\t\t\t<section class=\"elementor-section elementor-inner-section elementor-element elementor-element-7d55845 elementor-section-boxed elementor-section-height-default elementor-section-height-default\" data-id=\"7d55845\" data-element_type=\"section\">\n\t\t\t\t\t\t<div class=\"elementor-container elementor-column-gap-default\">\n\t\t\t\t\t<div class=\"elementor-column elementor-col-50 elementor-inner-column elementor-element elementor-element-bf4d7bc\" data-id=\"bf4d7bc\" data-element_type=\"column\">\n\t\t\t<div class=\"elementor-widget-wrap elementor-element-populated\">\n\t\t\t\t\t\t\t\t<div class=\"elementor-element elementor-element-7f011d2 elementor-widget elementor-widget-heading\" data-id=\"7f011d2\" data-element_type=\"widget\" data-widget_type=\"heading.default\">\n\t\t\t\t<div class=\"elementor-widget-container\">\n\t\t\t<style>\/*! elementor - v3.11.5 - 14-03-2023 *\/\n.elementor-heading-title{padding:0;margin:0;line-height:1}.elementor-widget-heading .elementor-heading-title[class*=elementor-size-]>a{color:inherit;font-size:inherit;line-height:inherit}.elementor-widget-heading .elementor-heading-title.elementor-size-small{font-size:15px}.elementor-widget-heading .elementor-heading-title.elementor-size-medium{font-size:19px}.elementor-widget-heading .elementor-heading-title.elementor-size-large{font-size:29px}.elementor-widget-heading .elementor-heading-title.elementor-size-xl{font-size:39px}.elementor-widget-heading .elementor-heading-title.elementor-size-xxl{font-size:59px}<\/style><h2 class=\"elementor-heading-title elementor-size-default\">Despre proiectul Good Start<\/h2>\t\t<\/div>\n\t\t\t\t<\/div>\n\t\t\t\t<div class=\"elementor-element elementor-element-c6850d3 elementor-widget elementor-widget-heading\" data-id=\"c6850d3\" data-element_type=\"widget\" data-widget_type=\"heading.default\">\n\t\t\t\t<div class=\"elementor-widget-container\">\n\t\t\t<h3 class=\"elementor-heading-title elementor-size-default\">Igiena digital\u0103 \u00een organiza\u021bii<\/h3>\t\t<\/div>\n\t\t\t\t<\/div>\n\t\t\t\t\t<\/div>\n\t\t<\/div>\n\t\t\t\t<div class=\"elementor-column elementor-col-50 elementor-inner-column elementor-element elementor-element-30e81b4\" data-id=\"30e81b4\" data-element_type=\"column\">\n\t\t\t<div class=\"elementor-widget-wrap elementor-element-populated\">\n\t\t\t\t\t\t\t\t<div class=\"elementor-element elementor-element-d452534 elementor-widget elementor-widget-image\" data-id=\"d452534\" data-element_type=\"widget\" data-widget_type=\"image.default\">\n\t\t\t\t<div class=\"elementor-widget-container\">\n\t\t\t<style>\/*! elementor - v3.11.5 - 14-03-2023 *\/\n.elementor-widget-image{text-align:center}.elementor-widget-image a{display:inline-block}.elementor-widget-image a img[src$=\".svg\"]{width:48px}.elementor-widget-image img{vertical-align:middle;display:inline-block}<\/style>\t\t\t\t\t\t\t\t\t\t\t\t<img loading=\"lazy\" decoding=\"async\" width=\"768\" height=\"768\" src=\"https:\/\/good-start.eu\/wp-content\/uploads\/2023\/01\/AboutHero-768x768.png\" class=\"attachment-medium_large size-medium_large wp-image-98\" alt=\"\" srcset=\"https:\/\/good-start.eu\/wp-content\/uploads\/2023\/01\/AboutHero-768x768.png 768w, https:\/\/good-start.eu\/wp-content\/uploads\/2023\/01\/AboutHero-300x300.png 300w, https:\/\/good-start.eu\/wp-content\/uploads\/2023\/01\/AboutHero-1024x1024.png 1024w, https:\/\/good-start.eu\/wp-content\/uploads\/2023\/01\/AboutHero-150x150.png 150w, https:\/\/good-start.eu\/wp-content\/uploads\/2023\/01\/AboutHero.png 1080w\" sizes=\"(max-width: 768px) 100vw, 768px\" \/>\t\t\t\t\t\t\t\t\t\t\t\t\t\t\t<\/div>\n\t\t\t\t<\/div>\n\t\t\t\t\t<\/div>\n\t\t<\/div>\n\t\t\t\t\t\t\t<\/div>\n\t\t<\/section>\n\t\t\t\t\t<\/div>\n\t\t<\/div>\n\t\t\t\t\t\t\t<\/div>\n\t\t<\/section>\n\t\t\t\t<section class=\"elementor-section elementor-top-section elementor-element elementor-element-265c6b6 elementor-section-boxed elementor-section-height-default elementor-section-height-default\" data-id=\"265c6b6\" data-element_type=\"section\">\n\t\t\t\t\t\t<div class=\"elementor-container elementor-column-gap-default\">\n\t\t\t\t\t<div class=\"elementor-column elementor-col-100 elementor-top-column elementor-element elementor-element-6a00ea3\" data-id=\"6a00ea3\" data-element_type=\"column\" data-settings=\"{&quot;background_background&quot;:&quot;classic&quot;}\">\n\t\t\t<div class=\"elementor-widget-wrap elementor-element-populated\">\n\t\t\t\t\t\t\t\t<div class=\"elementor-element elementor-element-54013a7 elementor-widget elementor-widget-text-editor\" data-id=\"54013a7\" data-element_type=\"widget\" data-widget_type=\"text-editor.default\">\n\t\t\t\t<div class=\"elementor-widget-container\">\n\t\t\t<style>\/*! elementor - v3.11.5 - 14-03-2023 *\/\n.elementor-widget-text-editor.elementor-drop-cap-view-stacked .elementor-drop-cap{background-color:#818a91;color:#fff}.elementor-widget-text-editor.elementor-drop-cap-view-framed .elementor-drop-cap{color:#818a91;border:3px solid;background-color:transparent}.elementor-widget-text-editor:not(.elementor-drop-cap-view-default) .elementor-drop-cap{margin-top:8px}.elementor-widget-text-editor:not(.elementor-drop-cap-view-default) .elementor-drop-cap-letter{width:1em;height:1em}.elementor-widget-text-editor .elementor-drop-cap{float:left;text-align:center;line-height:1;font-size:50px}.elementor-widget-text-editor .elementor-drop-cap-letter{display:inline-block}<\/style>\t\t\t\t<p>Igiena digital\u0103 ar trebui s\u0103 fie o prioritate pentru toate organiza\u021biile \u0219i institu\u021biile de \u00eenv\u0103\u021b\u0103m\u00e2nt, indiferent de m\u0103rimea lor sau domeniul de activitate. Dar pentru \u00eentreprinderile mici \u0219i mijlocii, startup-uri sau institu\u021biile de \u00eenv\u0103\u021b\u0103m\u00e2nt, utilizarea instrumentelor potrivite \u0219i a celor mai bune practici de igien\u0103 digital\u0103, la momentul actual, nu reprezint\u0103 un standard, ci o activitate \u00een curs de desf\u0103\u0219urare.<\/p>\t\t\t\t\t\t<\/div>\n\t\t\t\t<\/div>\n\t\t\t\t\t<\/div>\n\t\t<\/div>\n\t\t\t\t\t\t\t<\/div>\n\t\t<\/section>\n\t\t\t\t<section class=\"elementor-section elementor-top-section elementor-element elementor-element-f2d989e elementor-section-boxed elementor-section-height-default elementor-section-height-default\" data-id=\"f2d989e\" data-element_type=\"section\">\n\t\t\t\t\t\t<div class=\"elementor-container elementor-column-gap-default\">\n\t\t\t\t\t<div class=\"elementor-column elementor-col-100 elementor-top-column elementor-element elementor-element-52fd820\" data-id=\"52fd820\" data-element_type=\"column\">\n\t\t\t<div class=\"elementor-widget-wrap elementor-element-populated\">\n\t\t\t\t\t\t\t\t<div class=\"elementor-element elementor-element-abc3d20 elementor-widget elementor-widget-heading\" data-id=\"abc3d20\" data-element_type=\"widget\" data-widget_type=\"heading.default\">\n\t\t\t\t<div class=\"elementor-widget-container\">\n\t\t\t<h3 class=\"elementor-heading-title elementor-size-default\">Ce este igiena digital\u0103 \u0219i cum ne influen\u021beaz\u0103 activit\u0103\u021bile de zi cu zi \u0219i de la locul de munc\u0103? De ce igiena digital\u0103 ar trebui s\u0103 fie o prioritate?<\/h3>\t\t<\/div>\n\t\t\t\t<\/div>\n\t\t\t\t<div class=\"elementor-element elementor-element-0a48160 elementor-widget elementor-widget-text-editor\" data-id=\"0a48160\" data-element_type=\"widget\" data-widget_type=\"text-editor.default\">\n\t\t\t\t<div class=\"elementor-widget-container\">\n\t\t\t\t\t\t\t<p>Igiena digital\u0103 sau igiena cibernetic\u0103 se refer\u0103 la un set de reguli \u0219i de bune practici care \u00eei ajut\u0103 pe oameni s\u0103-\u0219i realizeze activit\u0103\u021bile digitale \u00een siguran\u021b\u0103. Avem responsabilitatea de a crea un mediu digital care s\u0103 ne protejeze datele \u0219i dispozitivele.<\/p><p class=\" translation-block\"><strong>Proiectul Good Start<\/strong>  va instrui startup-urile \u0219i institu\u021biile de \u00eenv\u0103\u021b\u0103m\u00e2nt profesional \u0219i tehnic despre beneficiile unui program regulat de igien\u0103 digital\u0103 pentru sistemele \u0219i software-urile lor din perspectiva a doua aspecte: <strong>mentenan\u021b\u0103 \u0219i securitate<\/strong>.<\/p>\t\t\t\t\t\t<\/div>\n\t\t\t\t<\/div>\n\t\t\t\t\t<\/div>\n\t\t<\/div>\n\t\t\t\t\t\t\t<\/div>\n\t\t<\/section>\n\t\t\t\t<section class=\"elementor-section elementor-top-section elementor-element elementor-element-244948e elementor-section-boxed elementor-section-height-default elementor-section-height-default\" data-id=\"244948e\" data-element_type=\"section\">\n\t\t\t\t\t\t<div class=\"elementor-container elementor-column-gap-default\">\n\t\t\t\t\t<div class=\"elementor-column elementor-col-100 elementor-top-column elementor-element elementor-element-ff54e0d\" data-id=\"ff54e0d\" data-element_type=\"column\">\n\t\t\t<div class=\"elementor-widget-wrap elementor-element-populated\">\n\t\t\t\t\t\t\t\t<div class=\"elementor-element elementor-element-5c54ebf elementor-widget elementor-widget-heading\" data-id=\"5c54ebf\" data-element_type=\"widget\" data-widget_type=\"heading.default\">\n\t\t\t\t<div class=\"elementor-widget-container\">\n\t\t\t<h3 class=\"elementor-heading-title elementor-size-default\">Obiectivele \u0219i rezultatele proiectului<\/h3>\t\t<\/div>\n\t\t\t\t<\/div>\n\t\t\t\t<section class=\"elementor-section elementor-inner-section elementor-element elementor-element-90ad6df elementor-section-boxed elementor-section-height-default elementor-section-height-default\" data-id=\"90ad6df\" data-element_type=\"section\">\n\t\t\t\t\t\t<div class=\"elementor-container elementor-column-gap-default\">\n\t\t\t\t\t<div class=\"elementor-column elementor-col-50 elementor-inner-column elementor-element elementor-element-14ffb71\" data-id=\"14ffb71\" data-element_type=\"column\" data-settings=\"{&quot;background_background&quot;:&quot;classic&quot;}\">\n\t\t\t<div class=\"elementor-widget-wrap elementor-element-populated\">\n\t\t\t\t\t\t\t\t<div class=\"elementor-element elementor-element-5c73562 elementor-widget elementor-widget-text-editor\" data-id=\"5c73562\" data-element_type=\"widget\" data-widget_type=\"text-editor.default\">\n\t\t\t\t<div class=\"elementor-widget-container\">\n\t\t\t\t\t\t\t<p>Obiectivul 1: Proiectul Good Start \u00ee\u0219i propune s\u0103 m\u0103soare comportamentul de igien\u0103 digital\u0103 al startup-urilor \u0219i al \u00eentreprinderilor mici folosind o abordare standardizat\u0103.<\/p>\t\t\t\t\t\t<\/div>\n\t\t\t\t<\/div>\n\t\t\t\t\t<\/div>\n\t\t<\/div>\n\t\t\t\t<div class=\"elementor-column elementor-col-50 elementor-inner-column elementor-element elementor-element-6b5cd48\" data-id=\"6b5cd48\" data-element_type=\"column\">\n\t\t\t<div class=\"elementor-widget-wrap\">\n\t\t\t\t\t\t\t\t\t<\/div>\n\t\t<\/div>\n\t\t\t\t\t\t\t<\/div>\n\t\t<\/section>\n\t\t\t\t<section class=\"elementor-section elementor-inner-section elementor-element elementor-element-e50a87d elementor-section-boxed elementor-section-height-default elementor-section-height-default\" data-id=\"e50a87d\" data-element_type=\"section\">\n\t\t\t\t\t\t<div class=\"elementor-container elementor-column-gap-default\">\n\t\t\t\t\t<div class=\"elementor-column elementor-col-50 elementor-inner-column elementor-element elementor-element-e6d0954\" data-id=\"e6d0954\" data-element_type=\"column\" data-settings=\"{&quot;background_background&quot;:&quot;classic&quot;}\">\n\t\t\t<div class=\"elementor-widget-wrap elementor-element-populated\">\n\t\t\t\t\t\t\t\t<div class=\"elementor-element elementor-element-32f01ed elementor-widget elementor-widget-text-editor\" data-id=\"32f01ed\" data-element_type=\"widget\" data-widget_type=\"text-editor.default\">\n\t\t\t\t<div class=\"elementor-widget-container\">\n\t\t\t\t\t\t\t<p>Rezultatul 1: \" Indexul comportamental de igien\u0103 digital\u0103\" pentru startup-uri \u0219i \u00eentreprinderile mici.<\/p>\t\t\t\t\t\t<\/div>\n\t\t\t\t<\/div>\n\t\t\t\t\t<\/div>\n\t\t<\/div>\n\t\t\t\t<div class=\"elementor-column elementor-col-50 elementor-inner-column elementor-element elementor-element-a00bacb\" data-id=\"a00bacb\" data-element_type=\"column\">\n\t\t\t<div class=\"elementor-widget-wrap\">\n\t\t\t\t\t\t\t\t\t<\/div>\n\t\t<\/div>\n\t\t\t\t\t\t\t<\/div>\n\t\t<\/section>\n\t\t\t\t<section class=\"elementor-section elementor-inner-section elementor-element elementor-element-dfe16e2 elementor-section-boxed elementor-section-height-default elementor-section-height-default\" data-id=\"dfe16e2\" data-element_type=\"section\">\n\t\t\t\t\t\t<div class=\"elementor-container elementor-column-gap-default\">\n\t\t\t\t\t<div class=\"elementor-column elementor-col-50 elementor-inner-column elementor-element elementor-element-979d805\" data-id=\"979d805\" data-element_type=\"column\">\n\t\t\t<div class=\"elementor-widget-wrap\">\n\t\t\t\t\t\t\t\t\t<\/div>\n\t\t<\/div>\n\t\t\t\t<div class=\"elementor-column elementor-col-50 elementor-inner-column elementor-element elementor-element-d7b8913\" data-id=\"d7b8913\" data-element_type=\"column\" data-settings=\"{&quot;background_background&quot;:&quot;classic&quot;}\">\n\t\t\t<div class=\"elementor-widget-wrap elementor-element-populated\">\n\t\t\t\t\t\t\t\t<div class=\"elementor-element elementor-element-63f14f5 elementor-widget elementor-widget-text-editor\" data-id=\"63f14f5\" data-element_type=\"widget\" data-widget_type=\"text-editor.default\">\n\t\t\t\t<div class=\"elementor-widget-container\">\n\t\t\t\t\t\t\t<p>Obiectivul 2: Proiectul Good Start \u00ee\u0219i propune s\u0103 furnizeze materiale de formare personalizate, at\u00e2t pentru startup-uri, c\u00e2t \u0219i pentru furnizorii\/ institu\u021biile de formare profesional\u0103.<\/p>\t\t\t\t\t\t<\/div>\n\t\t\t\t<\/div>\n\t\t\t\t\t<\/div>\n\t\t<\/div>\n\t\t\t\t\t\t\t<\/div>\n\t\t<\/section>\n\t\t\t\t<section class=\"elementor-section elementor-inner-section elementor-element elementor-element-7e44ee2 elementor-section-boxed elementor-section-height-default elementor-section-height-default\" data-id=\"7e44ee2\" data-element_type=\"section\">\n\t\t\t\t\t\t<div class=\"elementor-container elementor-column-gap-default\">\n\t\t\t\t\t<div class=\"elementor-column elementor-col-50 elementor-inner-column elementor-element elementor-element-bfcbef2\" data-id=\"bfcbef2\" data-element_type=\"column\">\n\t\t\t<div class=\"elementor-widget-wrap\">\n\t\t\t\t\t\t\t\t\t<\/div>\n\t\t<\/div>\n\t\t\t\t<div class=\"elementor-column elementor-col-50 elementor-inner-column elementor-element elementor-element-45f5350\" data-id=\"45f5350\" data-element_type=\"column\" data-settings=\"{&quot;background_background&quot;:&quot;classic&quot;}\">\n\t\t\t<div class=\"elementor-widget-wrap elementor-element-populated\">\n\t\t\t\t\t\t\t\t<div class=\"elementor-element elementor-element-a71088f elementor-widget elementor-widget-text-editor\" data-id=\"a71088f\" data-element_type=\"widget\" data-widget_type=\"text-editor.default\">\n\t\t\t\t<div class=\"elementor-widget-container\">\n\t\t\t\t\t\t\t<p>Rezultatul 2: \"Ghid\/ handbook pentru startup-uri \u0219i furnizori\/ institu\u021bii VET\", care va prezenta modulele de formare sub forma unui manual pentru startup-uri \u0219i institu\u021bii \u0219i furnizori VET.<\/p>\t\t\t\t\t\t<\/div>\n\t\t\t\t<\/div>\n\t\t\t\t\t<\/div>\n\t\t<\/div>\n\t\t\t\t\t\t\t<\/div>\n\t\t<\/section>\n\t\t\t\t<section class=\"elementor-section elementor-inner-section elementor-element elementor-element-074717e elementor-section-boxed elementor-section-height-default elementor-section-height-default\" data-id=\"074717e\" data-element_type=\"section\">\n\t\t\t\t\t\t<div class=\"elementor-container elementor-column-gap-default\">\n\t\t\t\t\t<div class=\"elementor-column elementor-col-50 elementor-inner-column elementor-element elementor-element-ff8f69b\" data-id=\"ff8f69b\" data-element_type=\"column\" data-settings=\"{&quot;background_background&quot;:&quot;classic&quot;}\">\n\t\t\t<div class=\"elementor-widget-wrap elementor-element-populated\">\n\t\t\t\t\t\t\t\t<div class=\"elementor-element elementor-element-76ce09c elementor-widget elementor-widget-text-editor\" data-id=\"76ce09c\" data-element_type=\"widget\" data-widget_type=\"text-editor.default\">\n\t\t\t\t<div class=\"elementor-widget-container\">\n\t\t\t\t\t\t\t<p>Obiectivul 3: Proiectul urm\u0103re\u0219te s\u0103 ofere formare \u0219i educa\u021bie de \u00eenalt\u0103 calitate \u0219i \u00een timp util ca r\u0103spuns la nevoile \u00een continu\u0103 evolu\u021bie ale \u00eentreprinderilor \u0219i ale dezvolt\u0103rii competen\u021belor.<\/p>\t\t\t\t\t\t<\/div>\n\t\t\t\t<\/div>\n\t\t\t\t\t<\/div>\n\t\t<\/div>\n\t\t\t\t<div class=\"elementor-column elementor-col-50 elementor-inner-column elementor-element elementor-element-6e9cbd2\" data-id=\"6e9cbd2\" data-element_type=\"column\">\n\t\t\t<div class=\"elementor-widget-wrap\">\n\t\t\t\t\t\t\t\t\t<\/div>\n\t\t<\/div>\n\t\t\t\t\t\t\t<\/div>\n\t\t<\/section>\n\t\t\t\t<section class=\"elementor-section elementor-inner-section elementor-element elementor-element-d73b01e elementor-section-boxed elementor-section-height-default elementor-section-height-default\" data-id=\"d73b01e\" data-element_type=\"section\">\n\t\t\t\t\t\t<div class=\"elementor-container elementor-column-gap-default\">\n\t\t\t\t\t<div class=\"elementor-column elementor-col-50 elementor-inner-column elementor-element elementor-element-36d7501\" data-id=\"36d7501\" data-element_type=\"column\" data-settings=\"{&quot;background_background&quot;:&quot;classic&quot;}\">\n\t\t\t<div class=\"elementor-widget-wrap elementor-element-populated\">\n\t\t\t\t\t\t\t\t<div class=\"elementor-element elementor-element-a825c80 elementor-widget elementor-widget-text-editor\" data-id=\"a825c80\" data-element_type=\"widget\" data-widget_type=\"text-editor.default\">\n\t\t\t\t<div class=\"elementor-widget-container\">\n\t\t\t\t\t\t\t<p>Rezultatul 3: \"Platforma RED \u0219i instrumentul de evaluare a igienei digitale\". Aceast\u0103 platform\u0103 \u0219i acest instrument vor descrie calific\u0103rile de baz\u0103 \u0219i avansate de implementare a igienei digitale \u00een startup-uri.<\/p>\t\t\t\t\t\t<\/div>\n\t\t\t\t<\/div>\n\t\t\t\t\t<\/div>\n\t\t<\/div>\n\t\t\t\t<div class=\"elementor-column elementor-col-50 elementor-inner-column elementor-element elementor-element-7aa8df3\" data-id=\"7aa8df3\" data-element_type=\"column\">\n\t\t\t<div class=\"elementor-widget-wrap\">\n\t\t\t\t\t\t\t\t\t<\/div>\n\t\t<\/div>\n\t\t\t\t\t\t\t<\/div>\n\t\t<\/section>\n\t\t\t\t\t<\/div>\n\t\t<\/div>\n\t\t\t\t\t\t\t<\/div>\n\t\t<\/section>\n\t\t\t\t<section class=\"elementor-section elementor-top-section elementor-element elementor-element-3384229 elementor-section-boxed elementor-section-height-default elementor-section-height-default\" data-id=\"3384229\" data-element_type=\"section\">\n\t\t\t\t\t\t<div class=\"elementor-container elementor-column-gap-default\">\n\t\t\t\t\t<div class=\"elementor-column elementor-col-100 elementor-top-column elementor-element elementor-element-0a767d3\" data-id=\"0a767d3\" data-element_type=\"column\" data-settings=\"{&quot;background_background&quot;:&quot;classic&quot;}\">\n\t\t\t<div class=\"elementor-widget-wrap elementor-element-populated\">\n\t\t\t\t\t\t\t\t<div class=\"elementor-element elementor-element-7a7a0a1 elementor-widget elementor-widget-heading\" data-id=\"7a7a0a1\" data-element_type=\"widget\" data-widget_type=\"heading.default\">\n\t\t\t\t<div class=\"elementor-widget-container\">\n\t\t\t<h3 class=\"elementor-heading-title elementor-size-default\">Grupul \u021bint\u0103<\/h3>\t\t<\/div>\n\t\t\t\t<\/div>\n\t\t\t\t<div class=\"elementor-element elementor-element-324be80 elementor-widget elementor-widget-text-editor\" data-id=\"324be80\" data-element_type=\"widget\" data-widget_type=\"text-editor.default\">\n\t\t\t\t<div class=\"elementor-widget-container\">\n\t\t\t\t\t\t\t<p>Grupurile \u021bint\u0103 primare ale proiectului Good Start pot fi \u00eemp\u0103r\u021bite \u00een dou\u0103 grupuri:<\/p><ol><li>Primul grup: proprietarii startup-urilor \u0219i managerii sau angaja\u021bii startup-urilor care urm\u0103resc s\u0103 \u00ee\u0219i modeleze rutina zilnic\u0103 \u00een raport cu cerin\u021bele \u0219i nevoile de igien\u0103 digital\u0103.<\/li><li>Al doilea grup: Supervizori, manageri \u0219i angajatori din marile companii din \u021b\u0103rile partenere, institu\u021bii de \u00eenv\u0103\u021b\u0103m\u00e2nt superior, birouri de transfer tehnologic (TTO), parcuri tehnologice, formatori VET, furnizori VET \u0219i academicieni interesa\u021bi s\u0103 dob\u00e2ndeasc\u0103 competen\u021be pentru formarea managerilor, a personalului sau a studen\u021bilor\/ absolven\u021bilor din \u021b\u0103rile partenere, IMM-uri care activeaz\u0103 \u00een toate sectoarele \u0219i sunt interesate s\u0103 \u00ee\u0219i \u00eembun\u0103t\u0103\u021beasc\u0103 competen\u021bele \u0219i tehnicile privind igiena digital\u0103, persoane interesate s\u0103 exploateze rezultatele proiectului, persoane \u0219i organiza\u021bii (parteneri asocia\u021bi) capabile s\u0103 disemineze rezultatele proiectului \u0219i s\u0103 sprijine sustenabilitatea, factori de decizie politic\u0103 sau autorit\u0103\u021bi publice capabile s\u0103 aduc\u0103 proiectul la un nivel sistemic.<\/li><\/ol>\t\t\t\t\t\t<\/div>\n\t\t\t\t<\/div>\n\t\t\t\t\t<\/div>\n\t\t<\/div>\n\t\t\t\t\t\t\t<\/div>\n\t\t<\/section>\n\t\t\t\t<section class=\"elementor-section elementor-top-section elementor-element elementor-element-f334dc5 elementor-section-boxed elementor-section-height-default elementor-section-height-default\" data-id=\"f334dc5\" data-element_type=\"section\">\n\t\t\t\t\t\t<div class=\"elementor-container elementor-column-gap-default\">\n\t\t\t\t\t<div class=\"elementor-column elementor-col-100 elementor-top-column elementor-element elementor-element-681f2b5\" data-id=\"681f2b5\" data-element_type=\"column\">\n\t\t\t<div class=\"elementor-widget-wrap\">\n\t\t\t\t\t\t\t\t\t<\/div>\n\t\t<\/div>\n\t\t\t\t\t\t\t<\/div>\n\t\t<\/section>\n\t\t\t\t\t\t\t<\/div>","protected":false},"excerpt":{"rendered":"<p>About the Good Start Project Good Digital Hygiene for Startups Digital Hygiene should be a priority for all businesses and educational institutions, no matter their size. But for small and medium enterprises, startups or educational institutions using the right tools and the best Digital Hygiene practices nowadays are not the standard, but a work in &hellip;<\/p>\n<p class=\"read-more\"> <a class=\"\" href=\"https:\/\/good-start.eu\/ro\/about-the-good-start-project\/\"> <span class=\"screen-reader-text\">Despre<\/span> Read More &raquo;<\/a><\/p>","protected":false},"author":2,"featured_media":0,"parent":0,"menu_order":0,"comment_status":"closed","ping_status":"closed","template":"","meta":{"site-sidebar-layout":"no-sidebar","site-content-layout":"page-builder","ast-global-header-display":"","ast-main-header-display":"","ast-hfb-above-header-display":"","ast-hfb-below-header-display":"","ast-hfb-mobile-header-display":"","site-post-title":"disabled","ast-breadcrumbs-content":"","ast-featured-img":"disabled","footer-sml-layout":"","theme-transparent-header-meta":"","adv-header-id-meta":"","stick-header-meta":"","header-above-stick-meta":"","header-main-stick-meta":"","header-below-stick-meta":"","footnotes":""},"_links":{"self":[{"href":"https:\/\/good-start.eu\/ro\/wp-json\/wp\/v2\/pages\/96"}],"collection":[{"href":"https:\/\/good-start.eu\/ro\/wp-json\/wp\/v2\/pages"}],"about":[{"href":"https:\/\/good-start.eu\/ro\/wp-json\/wp\/v2\/types\/page"}],"author":[{"embeddable":true,"href":"https:\/\/good-start.eu\/ro\/wp-json\/wp\/v2\/users\/2"}],"replies":[{"embeddable":true,"href":"https:\/\/good-start.eu\/ro\/wp-json\/wp\/v2\/comments?post=96"}],"version-history":[{"count":15,"href":"https:\/\/good-start.eu\/ro\/wp-json\/wp\/v2\/pages\/96\/revisions"}],"predecessor-version":[{"id":247,"href":"https:\/\/good-start.eu\/ro\/wp-json\/wp\/v2\/pages\/96\/revisions\/247"}],"wp:attachment":[{"href":"https:\/\/good-start.eu\/ro\/wp-json\/wp\/v2\/media?parent=96"}],"curies":[{"name":"wp","href":"https:\/\/api.w.org\/{rel}","templated":true}]}}