{"id":410,"date":"2024-05-22T07:08:43","date_gmt":"2024-05-22T07:08:43","guid":{"rendered":"https:\/\/good-start.eu\/?page_id=410"},"modified":"2024-05-22T08:19:20","modified_gmt":"2024-05-22T08:19:20","slug":"handbooks","status":"publish","type":"page","link":"https:\/\/good-start.eu\/tr\/handbooks\/","title":{"rendered":"El Kitaplar\u0131"},"content":{"rendered":"<div data-elementor-type=\"wp-page\" data-elementor-id=\"410\" class=\"elementor elementor-410\">\n\t\t\t\t\t\t\t\t\t<section class=\"elementor-section elementor-top-section elementor-element elementor-element-b41a78d elementor-section-full_width elementor-section-height-min-height elementor-section-height-default elementor-section-items-middle\" data-id=\"b41a78d\" data-element_type=\"section\" data-settings=\"{&quot;background_background&quot;:&quot;classic&quot;}\">\n\t\t\t\t\t\t\t<div class=\"elementor-background-overlay\"><\/div>\n\t\t\t\t\t\t\t<div class=\"elementor-container elementor-column-gap-default\">\n\t\t\t\t\t<div class=\"elementor-column elementor-col-100 elementor-top-column elementor-element elementor-element-38ce37d\" data-id=\"38ce37d\" data-element_type=\"column\" data-settings=\"{&quot;background_background&quot;:&quot;slideshow&quot;,&quot;background_slideshow_gallery&quot;:[],&quot;background_slideshow_slide_duration&quot;:5000,&quot;background_slideshow_slide_transition&quot;:&quot;fade&quot;,&quot;background_slideshow_transition_duration&quot;:500}\">\n\t\t\t<div class=\"elementor-widget-wrap elementor-element-populated\">\n\t\t\t\t\t\t\t\t<div class=\"elementor-element elementor-element-a258705 elementor-widget elementor-widget-heading\" data-id=\"a258705\" data-element_type=\"widget\" data-widget_type=\"heading.default\">\n\t\t\t\t<div class=\"elementor-widget-container\">\n\t\t\t<style>\/*! elementor - v3.11.5 - 14-03-2023 *\/\n.elementor-heading-title{padding:0;margin:0;line-height:1}.elementor-widget-heading .elementor-heading-title[class*=elementor-size-]>a{color:inherit;font-size:inherit;line-height:inherit}.elementor-widget-heading .elementor-heading-title.elementor-size-small{font-size:15px}.elementor-widget-heading .elementor-heading-title.elementor-size-medium{font-size:19px}.elementor-widget-heading .elementor-heading-title.elementor-size-large{font-size:29px}.elementor-widget-heading .elementor-heading-title.elementor-size-xl{font-size:39px}.elementor-widget-heading .elementor-heading-title.elementor-size-xxl{font-size:59px}<\/style><h1 class=\"elementor-heading-title elementor-size-default\">Dijital Hijyen El Kitaplar\u0131<\/h1>\t\t<\/div>\n\t\t\t\t<\/div>\n\t\t\t\t\t<\/div>\n\t\t<\/div>\n\t\t\t\t\t\t\t<\/div>\n\t\t<\/section>\n\t\t\t\t<section class=\"elementor-section elementor-top-section elementor-element elementor-element-d7fb10d elementor-section-boxed elementor-section-height-default elementor-section-height-default\" data-id=\"d7fb10d\" data-element_type=\"section\">\n\t\t\t\t\t\t<div class=\"elementor-container elementor-column-gap-default\">\n\t\t\t\t\t<div class=\"elementor-column elementor-col-100 elementor-top-column elementor-element elementor-element-373166b\" data-id=\"373166b\" data-element_type=\"column\" data-settings=\"{&quot;background_background&quot;:&quot;classic&quot;}\">\n\t\t\t<div class=\"elementor-widget-wrap elementor-element-populated\">\n\t\t\t\t\t\t\t\t<div class=\"elementor-element elementor-element-08197bd elementor-widget elementor-widget-text-editor\" data-id=\"08197bd\" data-element_type=\"widget\" data-widget_type=\"text-editor.default\">\n\t\t\t\t<div class=\"elementor-widget-container\">\n\t\t\t<style>\/*! elementor - v3.11.5 - 14-03-2023 *\/\n.elementor-widget-text-editor.elementor-drop-cap-view-stacked .elementor-drop-cap{background-color:#818a91;color:#fff}.elementor-widget-text-editor.elementor-drop-cap-view-framed .elementor-drop-cap{color:#818a91;border:3px solid;background-color:transparent}.elementor-widget-text-editor:not(.elementor-drop-cap-view-default) .elementor-drop-cap{margin-top:8px}.elementor-widget-text-editor:not(.elementor-drop-cap-view-default) .elementor-drop-cap-letter{width:1em;height:1em}.elementor-widget-text-editor .elementor-drop-cap{float:left;text-align:center;line-height:1;font-size:50px}.elementor-widget-text-editor .elementor-drop-cap-letter{display:inline-block}<\/style>\t\t\t\t<p>Dijital Hijyen Nedir?<\/p><p>Dijital Hijyen kurumlar\u0131n s\u00fcrd\u00fcr\u00fclebilir b\u00fcy\u00fcmesi ve ba\u015far\u0131s\u0131 i\u00e7in neden bu kadar \u00f6nemli? <\/p><p>Startup'lar ve Mesleki E\u011fitim ve \u00d6\u011fretim kurumlar\u0131 sa\u011flam bir Dijital Hijyen \u00e7er\u00e7evesini nas\u0131l geli\u015ftirebilir?<br \/>\u0130yi bir Dijital Hijyen geli\u015ftirmek i\u00e7in en iyi ara\u00e7lar ve bunlar\u0131 g\u00fcnl\u00fck rutinlere entegre etmenin en iyi yolu hangileridir?<\/p>\t\t\t\t\t\t<\/div>\n\t\t\t\t<\/div>\n\t\t\t\t\t<\/div>\n\t\t<\/div>\n\t\t\t\t\t\t\t<\/div>\n\t\t<\/section>\n\t\t\t\t<section class=\"elementor-section elementor-top-section elementor-element elementor-element-b4eee9b elementor-section-boxed elementor-section-height-default elementor-section-height-default\" data-id=\"b4eee9b\" data-element_type=\"section\">\n\t\t\t\t\t\t<div class=\"elementor-container elementor-column-gap-default\">\n\t\t\t\t\t<div class=\"elementor-column elementor-col-100 elementor-top-column elementor-element elementor-element-f84286a\" data-id=\"f84286a\" data-element_type=\"column\">\n\t\t\t<div class=\"elementor-widget-wrap elementor-element-populated\">\n\t\t\t\t\t\t\t\t<div class=\"elementor-element elementor-element-bc0177e elementor-widget elementor-widget-heading\" data-id=\"bc0177e\" data-element_type=\"widget\" data-widget_type=\"heading.default\">\n\t\t\t\t<div class=\"elementor-widget-container\">\n\t\t\t<h3 class=\"elementor-heading-title elementor-size-default\">\u00c7ok fazla soru mu var?<\/h3>\t\t<\/div>\n\t\t\t\t<\/div>\n\t\t\t\t<div class=\"elementor-element elementor-element-c9b8211 elementor-widget elementor-widget-text-editor\" data-id=\"c9b8211\" data-element_type=\"widget\" data-widget_type=\"text-editor.default\">\n\t\t\t\t<div class=\"elementor-widget-container\">\n\t\t\t\t\t\t\t<p>Endi\u015felenmeyin, Dijital Hijyen kavram\u0131n\u0131 anlaman\u0131za ve bunu giri\u015fiminizde veya Mesleki E\u011fitim ve \u00d6\u011fretim kurumunuzda nas\u0131l uygulayaca\u011f\u0131n\u0131za yard\u0131mc\u0131 olacak m\u00fckemmel cevaplar\u0131m\u0131z ve en iyi uygulama \u00f6rneklerimiz var.<br \/><br \/>Ke\u015ffetmek i\u00e7in el kitaplar\u0131m\u0131za g\u00f6z at\u0131n:<\/p><ul><li>Dijital Hijyen Nedir.<\/li><li>En iyi Dijital Hijyen ara\u00e7lar\u0131 hangileridir ve bunlar\u0131 giri\u015fiminize veya ME\u00d6 kurumlar\u0131n\u0131za entegre etmenin yolu.<\/li><li>ME\u00d6'ler i\u00e7in \u00f6zelle\u015ftirilmi\u015f bir Dijital Hijyen M\u00fcfredat\u0131.<\/li><li>Giri\u015fimlerde ve Mesleki E\u011fitim ve \u00d6\u011fretim kurumlar\u0131nda g\u00fc\u00e7l\u00fc Dijital Hijyenin uygulanmas\u0131na y\u00f6nelik en iyi uygulamalar.<\/li><\/ul>\t\t\t\t\t\t<\/div>\n\t\t\t\t<\/div>\n\t\t\t\t\t<\/div>\n\t\t<\/div>\n\t\t\t\t\t\t\t<\/div>\n\t\t<\/section>\n\t\t\t\t<section class=\"elementor-section elementor-top-section elementor-element elementor-element-cb53790 elementor-section-boxed elementor-section-height-default elementor-section-height-default\" data-id=\"cb53790\" data-element_type=\"section\">\n\t\t\t\t\t\t<div class=\"elementor-container elementor-column-gap-default\">\n\t\t\t\t\t<div class=\"elementor-column elementor-col-50 elementor-top-column elementor-element elementor-element-6719f25\" data-id=\"6719f25\" data-element_type=\"column\">\n\t\t\t<div class=\"elementor-widget-wrap elementor-element-populated\">\n\t\t\t\t\t\t\t\t<div class=\"elementor-element elementor-element-1c0e33c elementor-widget elementor-widget-heading\" data-id=\"1c0e33c\" data-element_type=\"widget\" data-widget_type=\"heading.default\">\n\t\t\t\t<div class=\"elementor-widget-container\">\n\t\t\t<h3 class=\"elementor-heading-title elementor-size-default\">Dijital Hijyen: Startup'lar i\u00e7in El Kitab\u0131<\/h3>\t\t<\/div>\n\t\t\t\t<\/div>\n\t\t\t\t<div class=\"elementor-element elementor-element-a4072d8 elementor-widget elementor-widget-image\" data-id=\"a4072d8\" data-element_type=\"widget\" data-widget_type=\"image.default\">\n\t\t\t\t<div class=\"elementor-widget-container\">\n\t\t\t<style>\/*! elementor - v3.11.5 - 14-03-2023 *\/\n.elementor-widget-image{text-align:center}.elementor-widget-image a{display:inline-block}.elementor-widget-image a img[src$=\".svg\"]{width:48px}.elementor-widget-image img{vertical-align:middle;display:inline-block}<\/style>\t\t\t\t\t\t\t\t\t\t\t\t\t<a href=\"https:\/\/good-start.eu\/wp-content\/uploads\/2024\/09\/Digital-Hygiene-Handbook-For-Startups_TR.pdf\" target=\"_blank\">\n\t\t\t\t\t\t\t<img loading=\"lazy\" decoding=\"async\" width=\"791\" height=\"1024\" src=\"https:\/\/good-start.eu\/wp-content\/uploads\/2024\/09\/Digital-Hygiene-Handbook-For-Startups_TRP1.jpg\" class=\"attachment-large size-large wp-image-422\" alt=\"\" srcset=\"https:\/\/good-start.eu\/wp-content\/uploads\/2024\/09\/Digital-Hygiene-Handbook-For-Startups_TRP1.jpg 1241w, https:\/\/good-start.eu\/wp-content\/uploads\/2024\/09\/Digital-Hygiene-Handbook-For-Startups_TRP1-212x300.jpg 212w, https:\/\/good-start.eu\/wp-content\/uploads\/2024\/09\/Digital-Hygiene-Handbook-For-Startups_TRP1-724x1024.jpg 724w, https:\/\/good-start.eu\/wp-content\/uploads\/2024\/09\/Digital-Hygiene-Handbook-For-Startups_TRP1-768x1086.jpg 768w, https:\/\/good-start.eu\/wp-content\/uploads\/2024\/09\/Digital-Hygiene-Handbook-For-Startups_TRP1-1086x1536.jpg 1086w, https:\/\/good-start.eu\/wp-content\/uploads\/2024\/09\/Digital-Hygiene-Handbook-For-Startups_TRP1-8x12.jpg 8w\" sizes=\"(max-width: 791px) 100vw, 791px\" \/>\t\t\t\t\t\t\t\t<\/a>\n\t\t\t\t\t\t\t\t\t\t\t\t\t\t\t<\/div>\n\t\t\t\t<\/div>\n\t\t\t\t\t<\/div>\n\t\t<\/div>\n\t\t\t\t<div class=\"elementor-column elementor-col-50 elementor-top-column elementor-element elementor-element-bc2c939\" data-id=\"bc2c939\" data-element_type=\"column\">\n\t\t\t<div class=\"elementor-widget-wrap elementor-element-populated\">\n\t\t\t\t\t\t\t\t<div class=\"elementor-element elementor-element-60a7d7f elementor-widget elementor-widget-heading\" data-id=\"60a7d7f\" data-element_type=\"widget\" data-widget_type=\"heading.default\">\n\t\t\t\t<div class=\"elementor-widget-container\">\n\t\t\t<h3 class=\"elementor-heading-title elementor-size-default\">Dijital Hijyen: Mesleki E\u011fitim Uzmanlar\u0131 i\u00e7in El Kitab\u0131  <\/h3>\t\t<\/div>\n\t\t\t\t<\/div>\n\t\t\t\t<div class=\"elementor-element elementor-element-acd2402 elementor-widget elementor-widget-image\" data-id=\"acd2402\" data-element_type=\"widget\" data-widget_type=\"image.default\">\n\t\t\t\t<div class=\"elementor-widget-container\">\n\t\t\t\t\t\t\t\t\t\t\t\t\t\t\t\t<a href=\"https:\/\/good-start.eu\/wp-content\/uploads\/2024\/09\/Digital-Hygiene-Handbook-For-VETs_TR.pdf\" target=\"_blank\">\n\t\t\t\t\t\t\t<img loading=\"lazy\" decoding=\"async\" width=\"791\" height=\"1024\" src=\"https:\/\/good-start.eu\/wp-content\/uploads\/2024\/09\/Digital-Hygiene-Handbook-For-VETs_TRP1.jpg\" class=\"attachment-large size-large wp-image-421\" alt=\"\" srcset=\"https:\/\/good-start.eu\/wp-content\/uploads\/2024\/09\/Digital-Hygiene-Handbook-For-VETs_TRP1.jpg 1241w, https:\/\/good-start.eu\/wp-content\/uploads\/2024\/09\/Digital-Hygiene-Handbook-For-VETs_TRP1-212x300.jpg 212w, https:\/\/good-start.eu\/wp-content\/uploads\/2024\/09\/Digital-Hygiene-Handbook-For-VETs_TRP1-724x1024.jpg 724w, https:\/\/good-start.eu\/wp-content\/uploads\/2024\/09\/Digital-Hygiene-Handbook-For-VETs_TRP1-768x1086.jpg 768w, https:\/\/good-start.eu\/wp-content\/uploads\/2024\/09\/Digital-Hygiene-Handbook-For-VETs_TRP1-1086x1536.jpg 1086w, https:\/\/good-start.eu\/wp-content\/uploads\/2024\/09\/Digital-Hygiene-Handbook-For-VETs_TRP1-8x12.jpg 8w\" sizes=\"(max-width: 791px) 100vw, 791px\" \/>\t\t\t\t\t\t\t\t<\/a>\n\t\t\t\t\t\t\t\t\t\t\t\t\t\t\t<\/div>\n\t\t\t\t<\/div>\n\t\t\t\t\t<\/div>\n\t\t<\/div>\n\t\t\t\t\t\t\t<\/div>\n\t\t<\/section>\n\t\t\t\t\t\t\t<\/div>","protected":false},"excerpt":{"rendered":"<p>Digital Hygiene Handbooks What is Digital Hygiene? Why Digital Hygiene is so important for the sustainable growth and success of organizations? How startups and VET institutions can develop a robust Digital Hygiene framework?Which are the best tools to develop good Digital Hygiene and the best way to integrate them into the daily routines? Too many &hellip;<\/p>\n<p class=\"read-more\"> <a class=\"\" href=\"https:\/\/good-start.eu\/tr\/handbooks\/\"> <span class=\"screen-reader-text\">El Kitaplar\u0131<\/span> Devam\u0131 &raquo;<\/a><\/p>","protected":false},"author":2,"featured_media":0,"parent":0,"menu_order":0,"comment_status":"closed","ping_status":"closed","template":"","meta":{"site-sidebar-layout":"no-sidebar","site-content-layout":"page-builder","ast-global-header-display":"","ast-main-header-display":"","ast-hfb-above-header-display":"","ast-hfb-below-header-display":"","ast-hfb-mobile-header-display":"","site-post-title":"disabled","ast-breadcrumbs-content":"","ast-featured-img":"disabled","footer-sml-layout":"","theme-transparent-header-meta":"","adv-header-id-meta":"","stick-header-meta":"","header-above-stick-meta":"","header-main-stick-meta":"","header-below-stick-meta":"","footnotes":""},"_links":{"self":[{"href":"https:\/\/good-start.eu\/tr\/wp-json\/wp\/v2\/pages\/410"}],"collection":[{"href":"https:\/\/good-start.eu\/tr\/wp-json\/wp\/v2\/pages"}],"about":[{"href":"https:\/\/good-start.eu\/tr\/wp-json\/wp\/v2\/types\/page"}],"author":[{"embeddable":true,"href":"https:\/\/good-start.eu\/tr\/wp-json\/wp\/v2\/users\/2"}],"replies":[{"embeddable":true,"href":"https:\/\/good-start.eu\/tr\/wp-json\/wp\/v2\/comments?post=410"}],"version-history":[{"count":8,"href":"https:\/\/good-start.eu\/tr\/wp-json\/wp\/v2\/pages\/410\/revisions"}],"predecessor-version":[{"id":430,"href":"https:\/\/good-start.eu\/tr\/wp-json\/wp\/v2\/pages\/410\/revisions\/430"}],"wp:attachment":[{"href":"https:\/\/good-start.eu\/tr\/wp-json\/wp\/v2\/media?parent=410"}],"curies":[{"name":"wp","href":"https:\/\/api.w.org\/{rel}","templated":true}]}}