{"id":96,"date":"2023-01-26T10:26:11","date_gmt":"2023-01-26T10:26:11","guid":{"rendered":"https:\/\/good-start.eu\/?page_id=96"},"modified":"2023-03-27T11:41:39","modified_gmt":"2023-03-27T11:41:39","slug":"about-the-good-start-project","status":"publish","type":"page","link":"https:\/\/good-start.eu\/tr\/about-the-good-start-project\/","title":{"rendered":"Hakk\u0131nda"},"content":{"rendered":"<div data-elementor-type=\"wp-page\" data-elementor-id=\"96\" class=\"elementor elementor-96\">\n\t\t\t\t\t\t\t\t\t<section class=\"elementor-section elementor-top-section elementor-element elementor-element-b16e975 elementor-section-boxed elementor-section-height-default elementor-section-height-default\" data-id=\"b16e975\" data-element_type=\"section\" data-settings=\"{&quot;background_background&quot;:&quot;gradient&quot;}\">\n\t\t\t\t\t\t<div class=\"elementor-container elementor-column-gap-default\">\n\t\t\t\t\t<div class=\"elementor-column elementor-col-100 elementor-top-column elementor-element elementor-element-d54ba02\" data-id=\"d54ba02\" data-element_type=\"column\">\n\t\t\t<div class=\"elementor-widget-wrap elementor-element-populated\">\n\t\t\t\t\t\t\t\t<section class=\"elementor-section elementor-inner-section elementor-element elementor-element-7d55845 elementor-section-boxed elementor-section-height-default elementor-section-height-default\" data-id=\"7d55845\" data-element_type=\"section\">\n\t\t\t\t\t\t<div class=\"elementor-container elementor-column-gap-default\">\n\t\t\t\t\t<div class=\"elementor-column elementor-col-50 elementor-inner-column elementor-element elementor-element-bf4d7bc\" data-id=\"bf4d7bc\" data-element_type=\"column\">\n\t\t\t<div class=\"elementor-widget-wrap elementor-element-populated\">\n\t\t\t\t\t\t\t\t<div class=\"elementor-element elementor-element-7f011d2 elementor-widget elementor-widget-heading\" data-id=\"7f011d2\" data-element_type=\"widget\" data-widget_type=\"heading.default\">\n\t\t\t\t<div class=\"elementor-widget-container\">\n\t\t\t<style>\/*! elementor - v3.11.5 - 14-03-2023 *\/\n.elementor-heading-title{padding:0;margin:0;line-height:1}.elementor-widget-heading .elementor-heading-title[class*=elementor-size-]>a{color:inherit;font-size:inherit;line-height:inherit}.elementor-widget-heading .elementor-heading-title.elementor-size-small{font-size:15px}.elementor-widget-heading .elementor-heading-title.elementor-size-medium{font-size:19px}.elementor-widget-heading .elementor-heading-title.elementor-size-large{font-size:29px}.elementor-widget-heading .elementor-heading-title.elementor-size-xl{font-size:39px}.elementor-widget-heading .elementor-heading-title.elementor-size-xxl{font-size:59px}<\/style><h2 class=\"elementor-heading-title elementor-size-default\">Good Start Projesi Hakk\u0131nda<\/h2>\t\t<\/div>\n\t\t\t\t<\/div>\n\t\t\t\t<div class=\"elementor-element elementor-element-c6850d3 elementor-widget elementor-widget-heading\" data-id=\"c6850d3\" data-element_type=\"widget\" data-widget_type=\"heading.default\">\n\t\t\t\t<div class=\"elementor-widget-container\">\n\t\t\t<h3 class=\"elementor-heading-title elementor-size-default\">Startup'lar i\u00e7in \u0130yi Dijital Hijyen<\/h3>\t\t<\/div>\n\t\t\t\t<\/div>\n\t\t\t\t\t<\/div>\n\t\t<\/div>\n\t\t\t\t<div class=\"elementor-column elementor-col-50 elementor-inner-column elementor-element elementor-element-30e81b4\" data-id=\"30e81b4\" data-element_type=\"column\">\n\t\t\t<div class=\"elementor-widget-wrap elementor-element-populated\">\n\t\t\t\t\t\t\t\t<div class=\"elementor-element elementor-element-d452534 elementor-widget elementor-widget-image\" data-id=\"d452534\" data-element_type=\"widget\" data-widget_type=\"image.default\">\n\t\t\t\t<div class=\"elementor-widget-container\">\n\t\t\t<style>\/*! elementor - v3.11.5 - 14-03-2023 *\/\n.elementor-widget-image{text-align:center}.elementor-widget-image a{display:inline-block}.elementor-widget-image a img[src$=\".svg\"]{width:48px}.elementor-widget-image img{vertical-align:middle;display:inline-block}<\/style>\t\t\t\t\t\t\t\t\t\t\t\t<img loading=\"lazy\" decoding=\"async\" width=\"768\" height=\"768\" src=\"https:\/\/good-start.eu\/wp-content\/uploads\/2023\/01\/AboutHero-768x768.png\" class=\"attachment-medium_large size-medium_large wp-image-98\" alt=\"\" srcset=\"https:\/\/good-start.eu\/wp-content\/uploads\/2023\/01\/AboutHero-768x768.png 768w, https:\/\/good-start.eu\/wp-content\/uploads\/2023\/01\/AboutHero-300x300.png 300w, https:\/\/good-start.eu\/wp-content\/uploads\/2023\/01\/AboutHero-1024x1024.png 1024w, https:\/\/good-start.eu\/wp-content\/uploads\/2023\/01\/AboutHero-150x150.png 150w, https:\/\/good-start.eu\/wp-content\/uploads\/2023\/01\/AboutHero.png 1080w\" sizes=\"(max-width: 768px) 100vw, 768px\" \/>\t\t\t\t\t\t\t\t\t\t\t\t\t\t\t<\/div>\n\t\t\t\t<\/div>\n\t\t\t\t\t<\/div>\n\t\t<\/div>\n\t\t\t\t\t\t\t<\/div>\n\t\t<\/section>\n\t\t\t\t\t<\/div>\n\t\t<\/div>\n\t\t\t\t\t\t\t<\/div>\n\t\t<\/section>\n\t\t\t\t<section class=\"elementor-section elementor-top-section elementor-element elementor-element-265c6b6 elementor-section-boxed elementor-section-height-default elementor-section-height-default\" data-id=\"265c6b6\" data-element_type=\"section\">\n\t\t\t\t\t\t<div class=\"elementor-container elementor-column-gap-default\">\n\t\t\t\t\t<div class=\"elementor-column elementor-col-100 elementor-top-column elementor-element elementor-element-6a00ea3\" data-id=\"6a00ea3\" data-element_type=\"column\" data-settings=\"{&quot;background_background&quot;:&quot;classic&quot;}\">\n\t\t\t<div class=\"elementor-widget-wrap elementor-element-populated\">\n\t\t\t\t\t\t\t\t<div class=\"elementor-element elementor-element-54013a7 elementor-widget elementor-widget-text-editor\" data-id=\"54013a7\" data-element_type=\"widget\" data-widget_type=\"text-editor.default\">\n\t\t\t\t<div class=\"elementor-widget-container\">\n\t\t\t<style>\/*! elementor - v3.11.5 - 14-03-2023 *\/\n.elementor-widget-text-editor.elementor-drop-cap-view-stacked .elementor-drop-cap{background-color:#818a91;color:#fff}.elementor-widget-text-editor.elementor-drop-cap-view-framed .elementor-drop-cap{color:#818a91;border:3px solid;background-color:transparent}.elementor-widget-text-editor:not(.elementor-drop-cap-view-default) .elementor-drop-cap{margin-top:8px}.elementor-widget-text-editor:not(.elementor-drop-cap-view-default) .elementor-drop-cap-letter{width:1em;height:1em}.elementor-widget-text-editor .elementor-drop-cap{float:left;text-align:center;line-height:1;font-size:50px}.elementor-widget-text-editor .elementor-drop-cap-letter{display:inline-block}<\/style>\t\t\t\t<p>Dijital Hijyen, b\u00fcy\u00fckl\u00fckleri ne olursa olsun t\u00fcm i\u015fletmeler ve e\u011fitim kurumlar\u0131 i\u00e7in bir \u00f6ncelik olmal\u0131d\u0131r. Ancak k\u00fc\u00e7\u00fck ve orta \u00f6l\u00e7ekli i\u015fletmeler, yeni kurulan \u015firketler veya e\u011fitim kurumlar\u0131 i\u00e7in g\u00fcn\u00fcm\u00fczde do\u011fru ara\u00e7lar\u0131 ve en iyi Dijital Hijyen uygulamalar\u0131n\u0131 kullanmak standart de\u011fil, devam eden bir \u00e7al\u0131\u015fmad\u0131r.<\/p>\t\t\t\t\t\t<\/div>\n\t\t\t\t<\/div>\n\t\t\t\t\t<\/div>\n\t\t<\/div>\n\t\t\t\t\t\t\t<\/div>\n\t\t<\/section>\n\t\t\t\t<section class=\"elementor-section elementor-top-section elementor-element elementor-element-f2d989e elementor-section-boxed elementor-section-height-default elementor-section-height-default\" data-id=\"f2d989e\" data-element_type=\"section\">\n\t\t\t\t\t\t<div class=\"elementor-container elementor-column-gap-default\">\n\t\t\t\t\t<div class=\"elementor-column elementor-col-100 elementor-top-column elementor-element elementor-element-52fd820\" data-id=\"52fd820\" data-element_type=\"column\">\n\t\t\t<div class=\"elementor-widget-wrap elementor-element-populated\">\n\t\t\t\t\t\t\t\t<div class=\"elementor-element elementor-element-abc3d20 elementor-widget elementor-widget-heading\" data-id=\"abc3d20\" data-element_type=\"widget\" data-widget_type=\"heading.default\">\n\t\t\t\t<div class=\"elementor-widget-container\">\n\t\t\t<h3 class=\"elementor-heading-title elementor-size-default\">Dijital Hijyen nedir ve g\u00fcnl\u00fck ve i\u015f faaliyetlerimizi nas\u0131l etkiler? Dijital Hijyen neden bir \u00f6ncelik olmal\u0131d\u0131r?<\/h3>\t\t<\/div>\n\t\t\t\t<\/div>\n\t\t\t\t<div class=\"elementor-element elementor-element-0a48160 elementor-widget elementor-widget-text-editor\" data-id=\"0a48160\" data-element_type=\"widget\" data-widget_type=\"text-editor.default\">\n\t\t\t\t<div class=\"elementor-widget-container\">\n\t\t\t\t\t\t\t<p>Dijital hijyen veya siber hijyen, insanlar\u0131n dijital faaliyetlerini g\u00fcvende tutmalar\u0131na yard\u0131mc\u0131 olacak bir dizi k\u0131lavuz ve en iyi uygulama anlam\u0131na gelir. Verilerimizi ve cihazlar\u0131m\u0131z\u0131 koruyan bir dijital ortam yaratma sorumlulu\u011funa sahibiz.<\/p><p class=\" translation-block\"><strong>Good Start Projesi<\/strong>, startup'lara sistemleri ve yaz\u0131l\u0131mlar\u0131 i\u00e7in d\u00fczenli bir dijital hijyen program\u0131na sahip olman\u0131n faydalar\u0131n\u0131 iki nedenden dolay\u0131 \u00f6\u011fretecek: <strong>bak\u0131m ve g\u00fcvenlik<\/strong>.<\/p>\t\t\t\t\t\t<\/div>\n\t\t\t\t<\/div>\n\t\t\t\t\t<\/div>\n\t\t<\/div>\n\t\t\t\t\t\t\t<\/div>\n\t\t<\/section>\n\t\t\t\t<section class=\"elementor-section elementor-top-section elementor-element elementor-element-244948e elementor-section-boxed elementor-section-height-default elementor-section-height-default\" data-id=\"244948e\" data-element_type=\"section\">\n\t\t\t\t\t\t<div class=\"elementor-container elementor-column-gap-default\">\n\t\t\t\t\t<div class=\"elementor-column elementor-col-100 elementor-top-column elementor-element elementor-element-ff54e0d\" data-id=\"ff54e0d\" data-element_type=\"column\">\n\t\t\t<div class=\"elementor-widget-wrap elementor-element-populated\">\n\t\t\t\t\t\t\t\t<div class=\"elementor-element elementor-element-5c54ebf elementor-widget elementor-widget-heading\" data-id=\"5c54ebf\" data-element_type=\"widget\" data-widget_type=\"heading.default\">\n\t\t\t\t<div class=\"elementor-widget-container\">\n\t\t\t<h3 class=\"elementor-heading-title elementor-size-default\">Proje hedefleri ve sonu\u00e7lar\u0131<\/h3>\t\t<\/div>\n\t\t\t\t<\/div>\n\t\t\t\t<section class=\"elementor-section elementor-inner-section elementor-element elementor-element-90ad6df elementor-section-boxed elementor-section-height-default elementor-section-height-default\" data-id=\"90ad6df\" data-element_type=\"section\">\n\t\t\t\t\t\t<div class=\"elementor-container elementor-column-gap-default\">\n\t\t\t\t\t<div class=\"elementor-column elementor-col-50 elementor-inner-column elementor-element elementor-element-14ffb71\" data-id=\"14ffb71\" data-element_type=\"column\" data-settings=\"{&quot;background_background&quot;:&quot;classic&quot;}\">\n\t\t\t<div class=\"elementor-widget-wrap elementor-element-populated\">\n\t\t\t\t\t\t\t\t<div class=\"elementor-element elementor-element-5c73562 elementor-widget elementor-widget-text-editor\" data-id=\"5c73562\" data-element_type=\"widget\" data-widget_type=\"text-editor.default\">\n\t\t\t\t<div class=\"elementor-widget-container\">\n\t\t\t\t\t\t\t<p>Ama\u00e7 1: Good Start Projesi, startup ve k\u00fc\u00e7\u00fck i\u015fletmelerin dijital hijyen davran\u0131\u015flar\u0131n\u0131 standart bir yakla\u015f\u0131mla \u00f6l\u00e7meyi ama\u00e7lamaktad\u0131r.<\/p>\t\t\t\t\t\t<\/div>\n\t\t\t\t<\/div>\n\t\t\t\t\t<\/div>\n\t\t<\/div>\n\t\t\t\t<div class=\"elementor-column elementor-col-50 elementor-inner-column elementor-element elementor-element-6b5cd48\" data-id=\"6b5cd48\" data-element_type=\"column\">\n\t\t\t<div class=\"elementor-widget-wrap\">\n\t\t\t\t\t\t\t\t\t<\/div>\n\t\t<\/div>\n\t\t\t\t\t\t\t<\/div>\n\t\t<\/section>\n\t\t\t\t<section class=\"elementor-section elementor-inner-section elementor-element elementor-element-e50a87d elementor-section-boxed elementor-section-height-default elementor-section-height-default\" data-id=\"e50a87d\" data-element_type=\"section\">\n\t\t\t\t\t\t<div class=\"elementor-container elementor-column-gap-default\">\n\t\t\t\t\t<div class=\"elementor-column elementor-col-50 elementor-inner-column elementor-element elementor-element-e6d0954\" data-id=\"e6d0954\" data-element_type=\"column\" data-settings=\"{&quot;background_background&quot;:&quot;classic&quot;}\">\n\t\t\t<div class=\"elementor-widget-wrap elementor-element-populated\">\n\t\t\t\t\t\t\t\t<div class=\"elementor-element elementor-element-32f01ed elementor-widget elementor-widget-text-editor\" data-id=\"32f01ed\" data-element_type=\"widget\" data-widget_type=\"text-editor.default\">\n\t\t\t\t<div class=\"elementor-widget-container\">\n\t\t\t\t\t\t\t<p>Sonu\u00e7 1: Yeni ba\u015flayanlar ve k\u00fc\u00e7\u00fck i\u015fletmeler i\u00e7in \"Dijital Hijyen Davran\u0131\u015f Endeksi\".<\/p>\t\t\t\t\t\t<\/div>\n\t\t\t\t<\/div>\n\t\t\t\t\t<\/div>\n\t\t<\/div>\n\t\t\t\t<div class=\"elementor-column elementor-col-50 elementor-inner-column elementor-element elementor-element-a00bacb\" data-id=\"a00bacb\" data-element_type=\"column\">\n\t\t\t<div class=\"elementor-widget-wrap\">\n\t\t\t\t\t\t\t\t\t<\/div>\n\t\t<\/div>\n\t\t\t\t\t\t\t<\/div>\n\t\t<\/section>\n\t\t\t\t<section class=\"elementor-section elementor-inner-section elementor-element elementor-element-dfe16e2 elementor-section-boxed elementor-section-height-default elementor-section-height-default\" data-id=\"dfe16e2\" data-element_type=\"section\">\n\t\t\t\t\t\t<div class=\"elementor-container elementor-column-gap-default\">\n\t\t\t\t\t<div class=\"elementor-column elementor-col-50 elementor-inner-column elementor-element elementor-element-979d805\" data-id=\"979d805\" data-element_type=\"column\">\n\t\t\t<div class=\"elementor-widget-wrap\">\n\t\t\t\t\t\t\t\t\t<\/div>\n\t\t<\/div>\n\t\t\t\t<div class=\"elementor-column elementor-col-50 elementor-inner-column elementor-element elementor-element-d7b8913\" data-id=\"d7b8913\" data-element_type=\"column\" data-settings=\"{&quot;background_background&quot;:&quot;classic&quot;}\">\n\t\t\t<div class=\"elementor-widget-wrap elementor-element-populated\">\n\t\t\t\t\t\t\t\t<div class=\"elementor-element elementor-element-63f14f5 elementor-widget elementor-widget-text-editor\" data-id=\"63f14f5\" data-element_type=\"widget\" data-widget_type=\"text-editor.default\">\n\t\t\t\t<div class=\"elementor-widget-container\">\n\t\t\t\t\t\t\t<p>Hedef 2: Good Start projesi, hem yeni ba\u015flayanlar hem de Mesleki E\u011fitim ve \u00d6\u011fretim sa\u011flay\u0131c\u0131lar\u0131\/Kurumlar\u0131 i\u00e7in \u00f6zelle\u015ftirilmi\u015f e\u011fitim materyalleri sa\u011flamay\u0131 ama\u00e7lamaktad\u0131r.<\/p>\t\t\t\t\t\t<\/div>\n\t\t\t\t<\/div>\n\t\t\t\t\t<\/div>\n\t\t<\/div>\n\t\t\t\t\t\t\t<\/div>\n\t\t<\/section>\n\t\t\t\t<section class=\"elementor-section elementor-inner-section elementor-element elementor-element-7e44ee2 elementor-section-boxed elementor-section-height-default elementor-section-height-default\" data-id=\"7e44ee2\" data-element_type=\"section\">\n\t\t\t\t\t\t<div class=\"elementor-container elementor-column-gap-default\">\n\t\t\t\t\t<div class=\"elementor-column elementor-col-50 elementor-inner-column elementor-element elementor-element-bfcbef2\" data-id=\"bfcbef2\" data-element_type=\"column\">\n\t\t\t<div class=\"elementor-widget-wrap\">\n\t\t\t\t\t\t\t\t\t<\/div>\n\t\t<\/div>\n\t\t\t\t<div class=\"elementor-column elementor-col-50 elementor-inner-column elementor-element elementor-element-45f5350\" data-id=\"45f5350\" data-element_type=\"column\" data-settings=\"{&quot;background_background&quot;:&quot;classic&quot;}\">\n\t\t\t<div class=\"elementor-widget-wrap elementor-element-populated\">\n\t\t\t\t\t\t\t\t<div class=\"elementor-element elementor-element-a71088f elementor-widget elementor-widget-text-editor\" data-id=\"a71088f\" data-element_type=\"widget\" data-widget_type=\"text-editor.default\">\n\t\t\t\t<div class=\"elementor-widget-container\">\n\t\t\t\t\t\t\t<p>Sonu\u00e7 2: Yeni ba\u015flayanlar ve Mesleki E\u011fitim ve \u00d6\u011fretim kurumlar\u0131 ve sa\u011flay\u0131c\u0131lar\u0131 i\u00e7in bir el kitab\u0131 olarak e\u011fitim mod\u00fclleri sunacak olan \"Yeni ba\u015flayanlar ve Mesleki E\u011fitim ve \u00d6\u011fretim sa\u011flay\u0131c\u0131lar\u0131\/kurumlar\u0131 i\u00e7in el kitab\u0131\".<\/p>\t\t\t\t\t\t<\/div>\n\t\t\t\t<\/div>\n\t\t\t\t\t<\/div>\n\t\t<\/div>\n\t\t\t\t\t\t\t<\/div>\n\t\t<\/section>\n\t\t\t\t<section class=\"elementor-section elementor-inner-section elementor-element elementor-element-074717e elementor-section-boxed elementor-section-height-default elementor-section-height-default\" data-id=\"074717e\" data-element_type=\"section\">\n\t\t\t\t\t\t<div class=\"elementor-container elementor-column-gap-default\">\n\t\t\t\t\t<div class=\"elementor-column elementor-col-50 elementor-inner-column elementor-element elementor-element-ff8f69b\" data-id=\"ff8f69b\" data-element_type=\"column\" data-settings=\"{&quot;background_background&quot;:&quot;classic&quot;}\">\n\t\t\t<div class=\"elementor-widget-wrap elementor-element-populated\">\n\t\t\t\t\t\t\t\t<div class=\"elementor-element elementor-element-76ce09c elementor-widget elementor-widget-text-editor\" data-id=\"76ce09c\" data-element_type=\"widget\" data-widget_type=\"text-editor.default\">\n\t\t\t\t<div class=\"elementor-widget-container\">\n\t\t\t\t\t\t\t<p>Hedef 3: Proje, geli\u015fen i\u015fletme ve beceri ihtiya\u00e7lar\u0131na y\u00fcksek kaliteli ve zaman\u0131nda e\u011fitim ve \u00f6\u011fretim yan\u0131tlar\u0131 sa\u011flamay\u0131 ama\u00e7lamaktad\u0131r.<\/p>\t\t\t\t\t\t<\/div>\n\t\t\t\t<\/div>\n\t\t\t\t\t<\/div>\n\t\t<\/div>\n\t\t\t\t<div class=\"elementor-column elementor-col-50 elementor-inner-column elementor-element elementor-element-6e9cbd2\" data-id=\"6e9cbd2\" data-element_type=\"column\">\n\t\t\t<div class=\"elementor-widget-wrap\">\n\t\t\t\t\t\t\t\t\t<\/div>\n\t\t<\/div>\n\t\t\t\t\t\t\t<\/div>\n\t\t<\/section>\n\t\t\t\t<section class=\"elementor-section elementor-inner-section elementor-element elementor-element-d73b01e elementor-section-boxed elementor-section-height-default elementor-section-height-default\" data-id=\"d73b01e\" data-element_type=\"section\">\n\t\t\t\t\t\t<div class=\"elementor-container elementor-column-gap-default\">\n\t\t\t\t\t<div class=\"elementor-column elementor-col-50 elementor-inner-column elementor-element elementor-element-36d7501\" data-id=\"36d7501\" data-element_type=\"column\" data-settings=\"{&quot;background_background&quot;:&quot;classic&quot;}\">\n\t\t\t<div class=\"elementor-widget-wrap elementor-element-populated\">\n\t\t\t\t\t\t\t\t<div class=\"elementor-element elementor-element-a825c80 elementor-widget elementor-widget-text-editor\" data-id=\"a825c80\" data-element_type=\"widget\" data-widget_type=\"text-editor.default\">\n\t\t\t\t<div class=\"elementor-widget-container\">\n\t\t\t\t\t\t\t<p>Sonu\u00e7 3: \"OER Platformu ve Dijital Hijyen De\u011ferlendirme Arac\u0131\". Bu platform ve ara\u00e7, giri\u015fimlerin temel ve geli\u015fmi\u015f dijital hijyen uygulama niteliklerini tan\u0131mlayacakt\u0131r.<\/p>\t\t\t\t\t\t<\/div>\n\t\t\t\t<\/div>\n\t\t\t\t\t<\/div>\n\t\t<\/div>\n\t\t\t\t<div class=\"elementor-column elementor-col-50 elementor-inner-column elementor-element elementor-element-7aa8df3\" data-id=\"7aa8df3\" data-element_type=\"column\">\n\t\t\t<div class=\"elementor-widget-wrap\">\n\t\t\t\t\t\t\t\t\t<\/div>\n\t\t<\/div>\n\t\t\t\t\t\t\t<\/div>\n\t\t<\/section>\n\t\t\t\t\t<\/div>\n\t\t<\/div>\n\t\t\t\t\t\t\t<\/div>\n\t\t<\/section>\n\t\t\t\t<section class=\"elementor-section elementor-top-section elementor-element elementor-element-3384229 elementor-section-boxed elementor-section-height-default elementor-section-height-default\" data-id=\"3384229\" data-element_type=\"section\">\n\t\t\t\t\t\t<div class=\"elementor-container elementor-column-gap-default\">\n\t\t\t\t\t<div class=\"elementor-column elementor-col-100 elementor-top-column elementor-element elementor-element-0a767d3\" data-id=\"0a767d3\" data-element_type=\"column\" data-settings=\"{&quot;background_background&quot;:&quot;classic&quot;}\">\n\t\t\t<div class=\"elementor-widget-wrap elementor-element-populated\">\n\t\t\t\t\t\t\t\t<div class=\"elementor-element elementor-element-7a7a0a1 elementor-widget elementor-widget-heading\" data-id=\"7a7a0a1\" data-element_type=\"widget\" data-widget_type=\"heading.default\">\n\t\t\t\t<div class=\"elementor-widget-container\">\n\t\t\t<h3 class=\"elementor-heading-title elementor-size-default\">Hedef grup<\/h3>\t\t<\/div>\n\t\t\t\t<\/div>\n\t\t\t\t<div class=\"elementor-element elementor-element-324be80 elementor-widget elementor-widget-text-editor\" data-id=\"324be80\" data-element_type=\"widget\" data-widget_type=\"text-editor.default\">\n\t\t\t\t<div class=\"elementor-widget-container\">\n\t\t\t\t\t\t\t<p>Good Start projesinin birincil hedef gruplar\u0131 iki grup alt\u0131nda tan\u0131mlanabilir:<\/p><ol><li>\u0130lk grup: giri\u015fimlerin sahipleri ve g\u00fcnl\u00fck rutinlerini dijital hijyen gereklilikleri ve ihtiya\u00e7lar\u0131 ile ili\u015fkili olarak \u015fekillendirmeyi ama\u00e7layan giri\u015fimlerin y\u00f6neticileri veya \u00e7al\u0131\u015fanlar\u0131.<\/li><li>\u0130kinci grup: Ortak \u00fclkelerdeki b\u00fcy\u00fck \u015firketlerdeki amirler, y\u00f6neticiler ve i\u015fverenler, Y\u00fcksek\u00f6\u011fretim Kurumlar\u0131, Teknoloji Transfer Ofisleri (TTO), Teknoparklar, Mesleki E\u011fitim ve \u00d6\u011fretim e\u011fitmenleri, Mesleki E\u011fitim ve \u00d6\u011fretim sa\u011flay\u0131c\u0131lar\u0131 ve ortak \u00fclkelerdeki y\u00f6neticileri veya personeli veya \u00f6\u011frencileri \/ mezun \u00f6\u011frencileri e\u011fitmek i\u00e7in yetkinlikler edinmek isteyen akademisyenler, t\u00fcm sekt\u00f6rlerde faaliyet g\u00f6steren ve dijital hijyen konusunda yetkinlik ve teknikler geli\u015ftirmek isteyen KOB\u0130'ler, proje sonu\u00e7lar\u0131ndan yararlanmak isteyen bireyler, proje sonu\u00e7lar\u0131n\u0131 yayg\u0131nla\u015ft\u0131rabilecek ve s\u00fcrd\u00fcr\u00fclebilirli\u011fi destekleyebilecek bireyler ve kurulu\u015flar (ili\u015fkili ortaklar), projeyi sistemik bir d\u00fczeye getirebilecek politika yap\u0131c\u0131lar veya kamu yetkilileri.<\/li><\/ol>\t\t\t\t\t\t<\/div>\n\t\t\t\t<\/div>\n\t\t\t\t\t<\/div>\n\t\t<\/div>\n\t\t\t\t\t\t\t<\/div>\n\t\t<\/section>\n\t\t\t\t<section class=\"elementor-section elementor-top-section elementor-element elementor-element-f334dc5 elementor-section-boxed elementor-section-height-default elementor-section-height-default\" data-id=\"f334dc5\" data-element_type=\"section\">\n\t\t\t\t\t\t<div class=\"elementor-container elementor-column-gap-default\">\n\t\t\t\t\t<div class=\"elementor-column elementor-col-100 elementor-top-column elementor-element elementor-element-681f2b5\" data-id=\"681f2b5\" data-element_type=\"column\">\n\t\t\t<div class=\"elementor-widget-wrap\">\n\t\t\t\t\t\t\t\t\t<\/div>\n\t\t<\/div>\n\t\t\t\t\t\t\t<\/div>\n\t\t<\/section>\n\t\t\t\t\t\t\t<\/div>","protected":false},"excerpt":{"rendered":"<p>About the Good Start Project Good Digital Hygiene for Startups Digital Hygiene should be a priority for all businesses and educational institutions, no matter their size. But for small and medium enterprises, startups or educational institutions using the right tools and the best Digital Hygiene practices nowadays are not the standard, but a work in &hellip;<\/p>\n<p class=\"read-more\"> <a class=\"\" href=\"https:\/\/good-start.eu\/tr\/about-the-good-start-project\/\"> <span class=\"screen-reader-text\">Hakk\u0131nda<\/span> Devam\u0131 &raquo;<\/a><\/p>","protected":false},"author":2,"featured_media":0,"parent":0,"menu_order":0,"comment_status":"closed","ping_status":"closed","template":"","meta":{"site-sidebar-layout":"no-sidebar","site-content-layout":"page-builder","ast-global-header-display":"","ast-main-header-display":"","ast-hfb-above-header-display":"","ast-hfb-below-header-display":"","ast-hfb-mobile-header-display":"","site-post-title":"disabled","ast-breadcrumbs-content":"","ast-featured-img":"disabled","footer-sml-layout":"","theme-transparent-header-meta":"","adv-header-id-meta":"","stick-header-meta":"","header-above-stick-meta":"","header-main-stick-meta":"","header-below-stick-meta":"","footnotes":""},"_links":{"self":[{"href":"https:\/\/good-start.eu\/tr\/wp-json\/wp\/v2\/pages\/96"}],"collection":[{"href":"https:\/\/good-start.eu\/tr\/wp-json\/wp\/v2\/pages"}],"about":[{"href":"https:\/\/good-start.eu\/tr\/wp-json\/wp\/v2\/types\/page"}],"author":[{"embeddable":true,"href":"https:\/\/good-start.eu\/tr\/wp-json\/wp\/v2\/users\/2"}],"replies":[{"embeddable":true,"href":"https:\/\/good-start.eu\/tr\/wp-json\/wp\/v2\/comments?post=96"}],"version-history":[{"count":15,"href":"https:\/\/good-start.eu\/tr\/wp-json\/wp\/v2\/pages\/96\/revisions"}],"predecessor-version":[{"id":247,"href":"https:\/\/good-start.eu\/tr\/wp-json\/wp\/v2\/pages\/96\/revisions\/247"}],"wp:attachment":[{"href":"https:\/\/good-start.eu\/tr\/wp-json\/wp\/v2\/media?parent=96"}],"curies":[{"name":"wp","href":"https:\/\/api.w.org\/{rel}","templated":true}]}}